{"id":13075,"date":"2020-10-30T10:39:32","date_gmt":"2020-10-30T09:39:32","guid":{"rendered":"https:\/\/www.timetrackapp.com\/api\/api-clients\/"},"modified":"2023-03-01T12:30:27","modified_gmt":"2023-03-01T11:30:27","slug":"clients","status":"publish","type":"page","link":"https:\/\/www.timetrackapp.com\/en\/api\/clients\/","title":{"rendered":"API &#8211; Clients"},"content":{"rendered":"\n<style type=\"text\/css\" data-created_by=\"avia_inline_auto\" id=\"style-css-av-k6jj58ve-a32835c3ed3dd4254a3f15861e6465c7\">\n.avia-section.av-k6jj58ve-a32835c3ed3dd4254a3f15861e6465c7{\nbackground-repeat:no-repeat;\nbackground-image:url(https:\/\/www.timetrackapp.com\/wp-content\/uploads\/2020\/02\/img_are_you_freelancer.jpg);\nbackground-position:50% 50%;\nbackground-attachment:scroll;\n}\n.avia-section.av-k6jj58ve-a32835c3ed3dd4254a3f15861e6465c7 .av-section-color-overlay{\nopacity:1;\n}\n<\/style>\n<div id='call-to-action'  class='avia-section av-k6jj58ve-a32835c3ed3dd4254a3f15861e6465c7 main_color avia-section-large avia-no-border-styling  avia-builder-el-0  el_before_av_four_fifth  avia-builder-el-first  avia-bg-style-scroll av-section-color-overlay-active container_wrap fullsize'  data-section-bg-repeat='no-repeat'><div class=\"av-section-color-overlay-wrap\"><div class=\"av-section-color-overlay\"><\/div><div class='container av-section-cont-open' ><main  role=\"main\" itemprop=\"mainContentOfPage\"  class='template-page content  av-content-full alpha units'><div class='post-entry post-entry-type-page post-entry-13075'><div class='entry-content-wrapper clearfix'>\n<section  class='av_textblock_section av-k6jjc1w6-d2a3e2b3ffad0185ecf50fe4378d1a8d '   itemscope=\"itemscope\" itemtype=\"https:\/\/schema.org\/CreativeWork\" ><div class='avia_textblock'  itemprop=\"text\" ><h1 class=\"custom_h1\" style=\"color: #fff;\">API<\/h1>\n<p><span style=\"color: #ffffff;\">Use TimeTrack Rest API to integrate TimeTrack with other systems.<br \/>\nHappy Coding!<\/span><\/p>\n<\/div><\/section>\n<\/div><\/div><\/main><!-- close content main element --><\/div><\/div><\/div><div id='after_section_1'  class='main_color av_default_container_wrap container_wrap fullsize'  ><div class='container av-section-cont-open' ><div class='template-page content  av-content-full alpha units'><div class='post-entry post-entry-type-page post-entry-13075'><div class='entry-content-wrapper clearfix'>\n<style type=\"text\/css\" data-created_by=\"avia_inline_auto\" id=\"style-css-av-sll6ib-8a8aca97242ac5fe5f5e08644e876553\">\n.flex_column.av-sll6ib-8a8aca97242ac5fe5f5e08644e876553{\nborder-radius:0px 0px 0px 0px;\npadding:0px 0px 0px 0px;\n}\n<\/style>\n<div  class='flex_column av-sll6ib-8a8aca97242ac5fe5f5e08644e876553 av_four_fifth  avia-builder-el-2  el_after_av_section  el_before_av_one_fifth  avia-builder-el-first  first flex_column_div av-zero-column-padding  '     ><section  class='av_textblock_section av-5dzxbao-ff2e6b2f2f3b105aee569e8ac6cf19bf '   itemscope=\"itemscope\" itemtype=\"https:\/\/schema.org\/CreativeWork\" ><div class='avia_textblock page_api'  itemprop=\"text\" ><h2>Clients<\/h2>\n<p>With clients endpoint you can:<\/p>\n<ul>\n<li>Get all clients without filter<\/li>\n<li>Get all clients with filter<\/li>\n<li>Get client<\/li>\n<li>Create client<\/li>\n<li>Update client<\/li>\n<li>Disable client<\/li>\n<\/ul>\n<p>Client object has following params:<\/p>\n<table>\n<tbody>\n<tr>\n<th>Param<\/th>\n<th>Type<\/th>\n<th>Description<\/th>\n<\/tr>\n<tr>\n<td>ID<\/td>\n<td>Integer<\/td>\n<td>ID<\/td>\n<\/tr>\n<tr>\n<td>name<\/td>\n<td>Text<\/td>\n<td>Client name<\/td>\n<\/tr>\n<tr>\n<td>enabled<\/td>\n<td>Boolean<\/td>\n<td>Flag if client is enabled or disabled.<\/td>\n<\/tr>\n<tr>\n<td>color<\/td>\n<td>Text<\/td>\n<td>Color in RGB format<\/td>\n<\/tr>\n<tr>\n<td>notes<\/td>\n<td>Text<\/td>\n<td>Notes<\/td>\n<\/tr>\n<tr>\n<td>email<\/td>\n<td>Text<\/td>\n<td>E-Mail<\/td>\n<\/tr>\n<tr>\n<td>phone<\/td>\n<td>Text<\/td>\n<td>Phone<\/td>\n<\/tr>\n<tr>\n<td>address<\/td>\n<td>Text<\/td>\n<td>Address<\/td>\n<\/tr>\n<tr>\n<td>address2<\/td>\n<td>Text<\/td>\n<td>Address addition<\/td>\n<\/tr>\n<tr>\n<td>addressZipCode<\/td>\n<td>Text<\/td>\n<td>Address zip code<\/td>\n<\/tr>\n<tr>\n<td>addressCity<\/td>\n<td>Text<\/td>\n<td>City<\/td>\n<\/tr>\n<tr>\n<td>addressCountry<\/td>\n<td>Text<\/td>\n<td>Country code ISO 2, for example DE, AT, CH<\/td>\n<\/tr>\n<tr>\n<td>contactPerson<\/td>\n<td>Text<\/td>\n<td>Contact person<\/td>\n<\/tr>\n<tr>\n<td>field1<\/td>\n<td>Text<\/td>\n<td>Free field<\/td>\n<\/tr>\n<tr>\n<td>field2<\/td>\n<td>Text<\/td>\n<td>Free field<\/td>\n<\/tr>\n<tr>\n<td>field3<\/td>\n<td>Text<\/td>\n<td>Free field<\/td>\n<\/tr>\n<\/tbody>\n<\/table>\n<h3>Get clients without filter<\/h3>\n<blockquote>\n<p>curl &#8220;https:\/\/testaccount.timetrackenterprise.com\/api\/v2\/ext\/clients\/&#8221;<br \/>\n-H &#8216;Content-Type: application\/json&#8217;<br \/>\n-H &#8216;X-TimeTrack-Api-Secret: &lt;<em>API_SECRET_TOKEN&gt;<\/em>&#8216;<br \/>\n-H &#8216;X-TimeTrack-Api-Key: &lt;<em>API_KEY&gt;<\/em>&#8216;<br \/>\n-d $'{}&#8217;<\/p>\n<\/blockquote>\n<h3>Get clients with search \/ filter<\/h3>\n<p>You can use following params for search \/ filter:<\/p>\n<table>\n<tbody>\n<tr>\n<th>Param<\/th>\n<th>Type<\/th>\n<th>Description<\/th>\n<\/tr>\n<tr>\n<td>name<\/td>\n<td>Text<\/td>\n<td>Client name will be used as substring.<\/td>\n<\/tr>\n<\/tbody>\n<\/table>\n<p>In this example we search for all clients that have <em>test<\/em> in client name.<\/p>\n<blockquote>\n<p>curl &#8220;https:\/\/testaccount.timetrackenterprise.com\/api\/v2\/ext\/clients?name=test&#8221;<br \/>\n-H &#8216;Content-Type: application\/json&#8217;<br \/>\n-H &#8216;X-TimeTrack-Api-Secret: &lt;<em>API_SECRET_TOKEN&gt;<\/em>&#8216;<br \/>\n-H &#8216;X-TimeTrack-Api-Key: &lt;<em>API_KEY&gt;<\/em>&#8216;<br \/>\n-d $'{}&#8217;<\/p>\n<\/blockquote>\n<h3>Read client<\/h3>\n<p><strong>Required params<\/strong>: id.<\/p>\n<blockquote>\n<p>curl &#8220;https:\/\/testaccount.timetrackenterprise.com\/api\/v2\/ext\/clients\/1&#8221;<br \/>\n-H &#8216;Content-Type: application\/json&#8217;<br \/>\n-H &#8216;X-TimeTrack-Api-Secret: &lt;<em>API_SECRET_TOKEN&gt;<\/em>&#8216;<br \/>\n-H &#8216;X-TimeTrack-Api-Key: &lt;<em>API_KEY&gt;<\/em>&#8216;<br \/>\n-d $'{}&#8217;<\/p>\n<\/blockquote>\n<h3>Create new client<\/h3>\n<p>When creating client, you can use all params of client object.<\/p>\n<p><strong>Required params<\/strong>: name<\/p>\n<blockquote>\n<p>curl -X &#8220;POST&#8221;\u00a0&#8220;https:\/\/testaccount.timetrackenterprise.com\/api\/v2\/ext\/clients&#8221;<br \/>\n-H &#8216;Content-Type: application\/json&#8217;<br \/>\n-H &#8216;X-TimeTrack-Api-Secret: &lt;<em>API_SECRET_TOKEN&gt;<\/em>&#8216;<br \/>\n-H &#8216;X-TimeTrack-Api-Key: &lt;<em>API_KEY&gt;<\/em>&#8216;<br \/>\n-d $'{<br \/>\n&#8220;name&#8221;: &#8220;Client Test&#8221;,<br \/>\n&#8220;field1&#8221;: &#8220;VAT ID: 123455678&#8221;<br \/>\n}&#8217;<\/p>\n<\/blockquote>\n<h3>Update client<\/h3>\n<p>For update you can use all params from client object except: name, enabled.<\/p>\n<blockquote>\n<p>curl -X &#8220;PUT&#8221;\u00a0&#8220;https:\/\/testaccount.timetrackenterprise.com\/api\/v2\/ext\/clients\/6&#8221;<br \/>\n-H &#8216;Content-Type: application\/json&#8217;<br \/>\n-H &#8216;X-TimeTrack-Api-Secret: &lt;<em>API_SECRET_TOKEN&gt;<\/em>&#8216;<br \/>\n-H &#8216;X-TimeTrack-Api-Key: &lt;<em>API_KEY&gt;<\/em>&#8216;<br \/>\n-d $'{<br \/>\n&#8220;email&#8221;: &#8220;test@timetrackapp.com&#8221;,<br \/>\n&#8220;field2&#8221;: &#8220;Test&#8221;<br \/>\n}&#8217;<\/p>\n<\/blockquote>\n<h3>Disable client<\/h3>\n<blockquote>\n<p>curl -X &#8220;DELETE&#8221;\u00a0&#8220;https:\/\/testaccount.timetrackenterprise.com\/api\/v2\/ext\/clients\/6&#8221;<br \/>\n-H &#8216;Content-Type: application\/json&#8217;<br \/>\n-H &#8216;X-TimeTrack-Api-Secret: &lt;<em>API_SECRET_TOKEN&gt;<\/em>&#8216;<br \/>\n-H &#8216;X-TimeTrack-Api-Key: &lt;<em>API_KEY&gt;<\/em>&#8216;<br \/>\n-d $'{}&#8217;<\/p>\n<\/blockquote>\n<\/div><\/section><\/div><\/p>\n\n<style type=\"text\/css\" data-created_by=\"avia_inline_auto\" id=\"style-css-av-kguof6g6-97f8f79cefbcca3ddbdec2b8541426be\">\n.flex_column.av-kguof6g6-97f8f79cefbcca3ddbdec2b8541426be{\nborder-radius:0px 0px 0px 0px;\npadding:0px 0px 0px 0px;\n}\n<\/style>\n<div  class='flex_column av-kguof6g6-97f8f79cefbcca3ddbdec2b8541426be av_one_fifth  avia-builder-el-4  el_after_av_four_fifth  avia-builder-el-last  flex_column_div av-zero-column-padding  '     ><section  class='av_textblock_section av-kguoffk6-c7fc6bdf8ba12cf48c24e35eca104db4 '   itemscope=\"itemscope\" itemtype=\"https:\/\/schema.org\/CreativeWork\" ><div class='avia_textblock'  itemprop=\"text\" ><h2>Resources<\/h2>\n<ul>\n<li><a href=\"https:\/\/www.timetrackapp.com\/en\/api\/clients\/\">Clients<\/a><\/li>\n<li><a href=\"https:\/\/www.timetrackapp.com\/en\/api\/projects\/\">Projects<\/a><\/li>\n<li><a href=\"https:\/\/www.timetrackapp.com\/en\/api\/tasks\/\">Tasks<\/a><\/li>\n<li><a href=\"https:\/\/www.timetrackapp.com\/en\/api\/project-time-entries\/\">Project Time Entries<\/a><\/li>\n<li><a href=\"https:\/\/www.timetrackapp.com\/en\/api\/expenses\/\">Expenses<\/a><\/li>\n<li><a href=\"https:\/\/www.timetrackapp.com\/en\/api\/attendance-time-entries\/\">Attendances<\/a><\/li>\n<li><a href=\"https:\/\/www.timetrackapp.com\/en\/api\/absences\/\">Absences<\/a><\/li>\n<li><a href=\"https:\/\/www.timetrackapp.com\/en\/api\/absence-types\/\">Absence Types<\/a><\/li>\n<li><a href=\"https:\/\/www.timetrackapp.com\/en\/api\/timers\/#projekt-stempeluhr\">Project Timer<\/a><\/li>\n<li><a href=\"https:\/\/www.timetrackapp.com\/en\/api\/timers\/#arbeitszeit-stempeluhr\">Attendance Timer<\/a><\/li>\n<li><a href=\"https:\/\/www.timetrackapp.com\/en\/api\/timesheets\/\">User Reports<\/a><\/li>\n<\/ul>\n<\/div><\/section><\/div>\n","protected":false},"excerpt":{"rendered":"","protected":false},"author":2,"featured_media":0,"parent":13043,"menu_order":0,"comment_status":"closed","ping_status":"closed","template":"","meta":{"footnotes":""},"categories":[],"tags":[],"class_list":["post-13075","page","type-page","status-publish","hentry"],"yoast_head":"<!-- This site is optimized with the Yoast SEO plugin v27.2 - https:\/\/yoast.com\/product\/yoast-seo-wordpress\/ -->\n<title>Clients - Timetrack App - Zeiterfassung f\u00fcr Einzelunternehmer &amp; Teams<\/title>\n<meta name=\"description\" content=\"ClientsWith clients endpoint you can:Get all clients without filterGet all clients with filterGet client\" \/>\n<meta name=\"robots\" content=\"index, follow, max-snippet:-1, max-image-preview:large, max-video-preview:-1\" \/>\n<link rel=\"canonical\" href=\"https:\/\/www.timetrackapp.com\/en\/api\/clients\/\" \/>\n<meta property=\"og:locale\" content=\"en_US\" \/>\n<meta property=\"og:type\" content=\"article\" \/>\n<meta property=\"og:title\" content=\"Clients - Timetrack App - Zeiterfassung f\u00fcr Einzelunternehmer &amp; Teams\" \/>\n<meta property=\"og:description\" content=\"ClientsWith clients endpoint you can:Get all clients without filterGet all clients with filterGet client\" \/>\n<meta property=\"og:url\" content=\"https:\/\/www.timetrackapp.com\/en\/api\/clients\/\" \/>\n<meta property=\"og:site_name\" content=\"Timetrack App - Zeiterfassung f\u00fcr Einzelunternehmer &amp; Teams\" \/>\n<meta property=\"article:publisher\" content=\"https:\/\/www.facebook.com\/App.TimeTrack\" \/>\n<meta property=\"article:modified_time\" content=\"2023-03-01T11:30:27+00:00\" \/>\n<meta name=\"twitter:card\" content=\"summary_large_image\" \/>\n<meta name=\"twitter:site\" content=\"@timetrackapp\" \/>\n<meta name=\"twitter:label1\" content=\"Est. reading time\" \/>\n\t<meta name=\"twitter:data1\" content=\"5 minutes\" \/>\n<script type=\"application\/ld+json\" class=\"yoast-schema-graph\">{\"@context\":\"https:\/\/schema.org\",\"@graph\":[{\"@type\":\"WebPage\",\"@id\":\"https:\/\/www.timetrackapp.com\/en\/api\/clients\/\",\"url\":\"https:\/\/www.timetrackapp.com\/en\/api\/clients\/\",\"name\":\"Clients - Timetrack App - Zeiterfassung f\u00fcr Einzelunternehmer &amp; Teams\",\"isPartOf\":{\"@id\":\"https:\/\/www.timetrackapp.com\/en\/#website\"},\"datePublished\":\"2020-10-30T09:39:32+00:00\",\"dateModified\":\"2023-03-01T11:30:27+00:00\",\"description\":\"ClientsWith clients endpoint you can:Get all clients without filterGet all clients with filterGet client\",\"breadcrumb\":{\"@id\":\"https:\/\/www.timetrackapp.com\/en\/api\/clients\/#breadcrumb\"},\"inLanguage\":\"en-US\",\"potentialAction\":[{\"@type\":\"ReadAction\",\"target\":[\"https:\/\/www.timetrackapp.com\/en\/api\/clients\/\"]}]},{\"@type\":\"BreadcrumbList\",\"@id\":\"https:\/\/www.timetrackapp.com\/en\/api\/clients\/#breadcrumb\",\"itemListElement\":[{\"@type\":\"ListItem\",\"position\":1,\"name\":\"Startseite\",\"item\":\"https:\/\/www.timetrackapp.com\/en\/\"},{\"@type\":\"ListItem\",\"position\":2,\"name\":\"API\",\"item\":\"https:\/\/www.timetrackapp.com\/en\/api\/\"},{\"@type\":\"ListItem\",\"position\":3,\"name\":\"API &#8211; Clients\"}]},{\"@type\":\"WebSite\",\"@id\":\"https:\/\/www.timetrackapp.com\/en\/#website\",\"url\":\"https:\/\/www.timetrackapp.com\/en\/\",\"name\":\"TimeTrack - Projektzeiterfassung f\u00fcr Unternehmen\",\"description\":\"F\u00fcr mittelst\u00e4ndische und gro\u00dfe Unternehmen mit komplexen Anforderungen\",\"publisher\":{\"@id\":\"https:\/\/www.timetrackapp.com\/en\/#organization\"},\"potentialAction\":[{\"@type\":\"SearchAction\",\"target\":{\"@type\":\"EntryPoint\",\"urlTemplate\":\"https:\/\/www.timetrackapp.com\/en\/?s={search_term_string}\"},\"query-input\":{\"@type\":\"PropertyValueSpecification\",\"valueRequired\":true,\"valueName\":\"search_term_string\"}}],\"inLanguage\":\"en-US\"},{\"@type\":\"Organization\",\"@id\":\"https:\/\/www.timetrackapp.com\/en\/#organization\",\"name\":\"TimeTrack\",\"url\":\"https:\/\/www.timetrackapp.com\/en\/\",\"logo\":{\"@type\":\"ImageObject\",\"inLanguage\":\"en-US\",\"@id\":\"https:\/\/www.timetrackapp.com\/en\/#\/schema\/logo\/image\/\",\"url\":\"https:\/\/www.timetrackapp.com\/wp-content\/uploads\/2025\/08\/logo_round.png\",\"contentUrl\":\"https:\/\/www.timetrackapp.com\/wp-content\/uploads\/2025\/08\/logo_round.png\",\"width\":512,\"height\":512,\"caption\":\"TimeTrack\"},\"image\":{\"@id\":\"https:\/\/www.timetrackapp.com\/en\/#\/schema\/logo\/image\/\"},\"sameAs\":[\"https:\/\/www.facebook.com\/App.TimeTrack\",\"https:\/\/x.com\/timetrackapp\"]}]}<\/script>\n<!-- \/ Yoast SEO plugin. -->","yoast_head_json":{"title":"Clients - Timetrack App - Zeiterfassung f\u00fcr Einzelunternehmer &amp; Teams","description":"ClientsWith clients endpoint you can:Get all clients without filterGet all clients with filterGet client","robots":{"index":"index","follow":"follow","max-snippet":"max-snippet:-1","max-image-preview":"max-image-preview:large","max-video-preview":"max-video-preview:-1"},"canonical":"https:\/\/www.timetrackapp.com\/en\/api\/clients\/","og_locale":"en_US","og_type":"article","og_title":"Clients - Timetrack App - Zeiterfassung f\u00fcr Einzelunternehmer &amp; Teams","og_description":"ClientsWith clients endpoint you can:Get all clients without filterGet all clients with filterGet client","og_url":"https:\/\/www.timetrackapp.com\/en\/api\/clients\/","og_site_name":"Timetrack App - Zeiterfassung f\u00fcr Einzelunternehmer &amp; Teams","article_publisher":"https:\/\/www.facebook.com\/App.TimeTrack","article_modified_time":"2023-03-01T11:30:27+00:00","twitter_card":"summary_large_image","twitter_site":"@timetrackapp","twitter_misc":{"Est. reading time":"5 minutes"},"schema":{"@context":"https:\/\/schema.org","@graph":[{"@type":"WebPage","@id":"https:\/\/www.timetrackapp.com\/en\/api\/clients\/","url":"https:\/\/www.timetrackapp.com\/en\/api\/clients\/","name":"Clients - Timetrack App - Zeiterfassung f\u00fcr Einzelunternehmer &amp; Teams","isPartOf":{"@id":"https:\/\/www.timetrackapp.com\/en\/#website"},"datePublished":"2020-10-30T09:39:32+00:00","dateModified":"2023-03-01T11:30:27+00:00","description":"ClientsWith clients endpoint you can:Get all clients without filterGet all clients with filterGet client","breadcrumb":{"@id":"https:\/\/www.timetrackapp.com\/en\/api\/clients\/#breadcrumb"},"inLanguage":"en-US","potentialAction":[{"@type":"ReadAction","target":["https:\/\/www.timetrackapp.com\/en\/api\/clients\/"]}]},{"@type":"BreadcrumbList","@id":"https:\/\/www.timetrackapp.com\/en\/api\/clients\/#breadcrumb","itemListElement":[{"@type":"ListItem","position":1,"name":"Startseite","item":"https:\/\/www.timetrackapp.com\/en\/"},{"@type":"ListItem","position":2,"name":"API","item":"https:\/\/www.timetrackapp.com\/en\/api\/"},{"@type":"ListItem","position":3,"name":"API &#8211; Clients"}]},{"@type":"WebSite","@id":"https:\/\/www.timetrackapp.com\/en\/#website","url":"https:\/\/www.timetrackapp.com\/en\/","name":"TimeTrack - Projektzeiterfassung f\u00fcr Unternehmen","description":"F\u00fcr mittelst\u00e4ndische und gro\u00dfe Unternehmen mit komplexen Anforderungen","publisher":{"@id":"https:\/\/www.timetrackapp.com\/en\/#organization"},"potentialAction":[{"@type":"SearchAction","target":{"@type":"EntryPoint","urlTemplate":"https:\/\/www.timetrackapp.com\/en\/?s={search_term_string}"},"query-input":{"@type":"PropertyValueSpecification","valueRequired":true,"valueName":"search_term_string"}}],"inLanguage":"en-US"},{"@type":"Organization","@id":"https:\/\/www.timetrackapp.com\/en\/#organization","name":"TimeTrack","url":"https:\/\/www.timetrackapp.com\/en\/","logo":{"@type":"ImageObject","inLanguage":"en-US","@id":"https:\/\/www.timetrackapp.com\/en\/#\/schema\/logo\/image\/","url":"https:\/\/www.timetrackapp.com\/wp-content\/uploads\/2025\/08\/logo_round.png","contentUrl":"https:\/\/www.timetrackapp.com\/wp-content\/uploads\/2025\/08\/logo_round.png","width":512,"height":512,"caption":"TimeTrack"},"image":{"@id":"https:\/\/www.timetrackapp.com\/en\/#\/schema\/logo\/image\/"},"sameAs":["https:\/\/www.facebook.com\/App.TimeTrack","https:\/\/x.com\/timetrackapp"]}]}},"_links":{"self":[{"href":"https:\/\/www.timetrackapp.com\/en\/wp-json\/wp\/v2\/pages\/13075","targetHints":{"allow":["GET"]}}],"collection":[{"href":"https:\/\/www.timetrackapp.com\/en\/wp-json\/wp\/v2\/pages"}],"about":[{"href":"https:\/\/www.timetrackapp.com\/en\/wp-json\/wp\/v2\/types\/page"}],"author":[{"embeddable":true,"href":"https:\/\/www.timetrackapp.com\/en\/wp-json\/wp\/v2\/users\/2"}],"replies":[{"embeddable":true,"href":"https:\/\/www.timetrackapp.com\/en\/wp-json\/wp\/v2\/comments?post=13075"}],"version-history":[{"count":0,"href":"https:\/\/www.timetrackapp.com\/en\/wp-json\/wp\/v2\/pages\/13075\/revisions"}],"up":[{"embeddable":true,"href":"https:\/\/www.timetrackapp.com\/en\/wp-json\/wp\/v2\/pages\/13043"}],"wp:attachment":[{"href":"https:\/\/www.timetrackapp.com\/en\/wp-json\/wp\/v2\/media?parent=13075"}],"wp:term":[{"taxonomy":"category","embeddable":true,"href":"https:\/\/www.timetrackapp.com\/en\/wp-json\/wp\/v2\/categories?post=13075"},{"taxonomy":"post_tag","embeddable":true,"href":"https:\/\/www.timetrackapp.com\/en\/wp-json\/wp\/v2\/tags?post=13075"}],"curies":[{"name":"wp","href":"https:\/\/api.w.org\/{rel}","templated":true}]}}