{"id":13078,"date":"2020-10-30T10:57:08","date_gmt":"2020-10-30T09:57:08","guid":{"rendered":"https:\/\/www.timetrackapp.com\/api\/api-project-time-entries\/"},"modified":"2023-03-01T13:03:21","modified_gmt":"2023-03-01T12:03:21","slug":"project-time-entries","status":"publish","type":"page","link":"https:\/\/www.timetrackapp.com\/en\/api\/project-time-entries\/","title":{"rendered":"API &#8211; Project time entries"},"content":{"rendered":"\n<style type=\"text\/css\" data-created_by=\"avia_inline_auto\" id=\"style-css-av-k6jj58ve-a32835c3ed3dd4254a3f15861e6465c7\">\n.avia-section.av-k6jj58ve-a32835c3ed3dd4254a3f15861e6465c7{\nbackground-repeat:no-repeat;\nbackground-image:url(https:\/\/www.timetrackapp.com\/wp-content\/uploads\/2020\/02\/img_are_you_freelancer.jpg);\nbackground-position:50% 50%;\nbackground-attachment:scroll;\n}\n.avia-section.av-k6jj58ve-a32835c3ed3dd4254a3f15861e6465c7 .av-section-color-overlay{\nopacity:1;\n}\n<\/style>\n<div id='call-to-action'  class='avia-section av-k6jj58ve-a32835c3ed3dd4254a3f15861e6465c7 main_color avia-section-large avia-no-border-styling  avia-builder-el-0  el_before_av_four_fifth  avia-builder-el-first  avia-bg-style-scroll av-section-color-overlay-active container_wrap fullsize'  data-section-bg-repeat='no-repeat'><div class=\"av-section-color-overlay-wrap\"><div class=\"av-section-color-overlay\"><\/div><div class='container av-section-cont-open' ><main  role=\"main\" itemprop=\"mainContentOfPage\"  class='template-page content  av-content-full alpha units'><div class='post-entry post-entry-type-page post-entry-13078'><div class='entry-content-wrapper clearfix'>\n<section  class='av_textblock_section av-k6jjc1w6-d2a3e2b3ffad0185ecf50fe4378d1a8d '   itemscope=\"itemscope\" itemtype=\"https:\/\/schema.org\/CreativeWork\" ><div class='avia_textblock'  itemprop=\"text\" ><h1 class=\"custom_h1\" style=\"color: #fff;\">API<\/h1>\n<p><span style=\"color: #ffffff;\">Use TimeTrack Rest API to integrate TimeTrack with other systems.<br \/>\nHappy Coding!<\/span><\/p>\n<\/div><\/section>\n<\/div><\/div><\/main><!-- close content main element --><\/div><\/div><\/div><div id='after_section_1'  class='main_color av_default_container_wrap container_wrap fullsize'  ><div class='container av-section-cont-open' ><div class='template-page content  av-content-full alpha units'><div class='post-entry post-entry-type-page post-entry-13078'><div class='entry-content-wrapper clearfix'>\n<style type=\"text\/css\" data-created_by=\"avia_inline_auto\" id=\"style-css-av-r0lzs8-9447624c8e47e053ee1dfd4f7d04fe99\">\n.flex_column.av-r0lzs8-9447624c8e47e053ee1dfd4f7d04fe99{\nborder-radius:0px 0px 0px 0px;\npadding:0px 0px 0px 0px;\n}\n<\/style>\n<div  class='flex_column av-r0lzs8-9447624c8e47e053ee1dfd4f7d04fe99 av_four_fifth  avia-builder-el-2  el_after_av_section  el_before_av_one_fifth  avia-builder-el-first  first flex_column_div av-zero-column-padding  '     ><section  class='av_textblock_section av-5dzxbao-ff2e6b2f2f3b105aee569e8ac6cf19bf '   itemscope=\"itemscope\" itemtype=\"https:\/\/schema.org\/CreativeWork\" ><div class='avia_textblock page_api'  itemprop=\"text\" ><h2>Project time entries<\/h2>\n<p>Project time entries are time entries with project assigned to it.<\/p>\n<p>With this endpoint you can:<\/p>\n<ul>\n<li>Get all time entries without filter<\/li>\n<li>Get all time entries with filter<\/li>\n<li>Read time entry<\/li>\n<li>Create time entry<\/li>\n<li>Update time entry<\/li>\n<li>Delete time entry<\/li>\n<\/ul>\n<p>Project time entry has following params:<\/p>\n<table>\n<tbody>\n<tr>\n<th>Param<\/th>\n<th>Type<\/th>\n<th>Description<\/th>\n<\/tr>\n<tr>\n<td>ID<\/td>\n<td>Integer<\/td>\n<td>ID<\/td>\n<\/tr>\n<tr>\n<td>user<\/td>\n<td>Text<\/td>\n<td>Username<\/td>\n<\/tr>\n<tr>\n<td>clientName<\/td>\n<td>Text<\/td>\n<td>Client name<\/td>\n<\/tr>\n<tr>\n<td>projectName<\/td>\n<td>Text<\/td>\n<td>Project name<\/td>\n<\/tr>\n<tr>\n<td>task<\/td>\n<td>Text<\/td>\n<td>Task name<\/td>\n<\/tr>\n<tr>\n<td>hourRate<\/td>\n<td>Number<\/td>\n<td>Hourly rate<\/td>\n<\/tr>\n<tr>\n<td>latitude<\/td>\n<td>Text<\/td>\n<td>GPS coordinates for start &#8211; Latitude<\/td>\n<\/tr>\n<tr>\n<td>longitude<\/td>\n<td>Text<\/td>\n<td>GPS coordinates for start &#8211; Longitude<\/td>\n<\/tr>\n<tr>\n<td>latitude1<\/td>\n<td>Text<\/td>\n<td>GPS coordinates for end &#8211; Latitude<\/td>\n<\/tr>\n<tr>\n<td>longitude1<\/td>\n<td>Text<\/td>\n<td>GPS coordinates for end &#8211; Longitude<\/td>\n<\/tr>\n<tr>\n<td>billable<\/td>\n<td>Boolean<\/td>\n<td>Flat billable or not billable, default is billable.<\/td>\n<\/tr>\n<tr>\n<td>flatRate<\/td>\n<td>Boolean<\/td>\n<td>Flag flat rate or not, default is not flat rate<\/td>\n<\/tr>\n<tr>\n<td>details<\/td>\n<td>Text<\/td>\n<td>Notes<\/td>\n<\/tr>\n<tr>\n<td>tags<\/td>\n<td>Text<\/td>\n<td>Hashtags<\/td>\n<\/tr>\n<tr>\n<td>from<\/td>\n<td>Text<\/td>\n<td>Start timestamp &#8211; Format: YYYY-MM-DDTHH:MM:SS.fffZ, Example: 2020-10-20T09:00:00.000Z<\/td>\n<\/tr>\n<tr>\n<td>to<\/td>\n<td>Text<\/td>\n<td>End timestamp &#8211; Format: YYYY-MM-DDTHH:MM:SS.fffZ, Example: 2020-10-20T09:00:00.000Z<\/td>\n<\/tr>\n<tr>\n<td>workedMinutes<\/td>\n<td>Integer<\/td>\n<td>Work duration in minutes, break not included.<\/td>\n<\/tr>\n<tr>\n<td>breakMinutes<\/td>\n<td>Integer<\/td>\n<td>Break duration in minutes.<\/td>\n<\/tr>\n<\/tbody>\n<\/table>\n<h3>Get all time entries without filter<\/h3>\n<blockquote>\n<p>curl &#8220;https:\/\/testaccount.timetrackenterprise.com\/api\/v2\/ext\/project_time_entries\/&#8221;<br \/>\n-H &#8216;Content-Type: application\/json&#8217;<br \/>\n-H &#8216;X-TimeTrack-Api-Secret: &lt;<em>API_SECRET_TOKEN&gt;<\/em>&#8216;<br \/>\n-H &#8216;X-TimeTrack-Api-Key: &lt;<em>API_KEY&gt;<\/em>&#8216;<br \/>\n-d $'{}&#8217;<\/p>\n<\/blockquote>\n<h3>Get all time entries with filter<\/h3>\n<p>You can use following params for search \/ filter:<\/p>\n<table>\n<tbody>\n<tr>\n<th>Param<\/th>\n<th>Type<\/th>\n<th>Description<\/th>\n<\/tr>\n<tr>\n<td>clientName<\/td>\n<td>Text<\/td>\n<td>Client name<\/td>\n<\/tr>\n<tr>\n<td>projectName<\/td>\n<td>Text<\/td>\n<td>Project name<\/td>\n<\/tr>\n<tr>\n<td>user<\/td>\n<td>Text<\/td>\n<td>Username<\/td>\n<\/tr>\n<tr>\n<td>from<\/td>\n<td>Text<\/td>\n<td>Start, Format: YYYY-MM-DDTHH:MM:SS.fffZ, Example: 2020-10-20T09:00:00.000Z<\/td>\n<\/tr>\n<tr>\n<td>to<\/td>\n<td>Text<\/td>\n<td>End, Format: YYYY-MM-DDTHH:MM:SS.fffZ, Example: 2020-10-20T09:00:00.000Z<\/td>\n<\/tr>\n<\/tbody>\n<\/table>\n<p>In this example we search for project time entries of user &#8220;test&#8221; between 2020-10-01 and 2020-10-23<\/p>\n<blockquote>\n<p>curl &#8220;https:\/\/testaccount.timetrackenterprise.com\/api\/v2\/ext\/project_time_entries?username=test&amp;from=2020-10-01T00:00:00.000Z&amp;to=2020-10-23T23:59:59.999Z&#8221;&#8221;<br \/>\n-H &#8216;Content-Type: application\/json&#8217;<br \/>\n-H &#8216;X-TimeTrack-Api-Secret: &lt;<em>API_SECRET_TOKEN&gt;<\/em>&#8216;<br \/>\n-H &#8216;X-TimeTrack-Api-Key: &lt;<em>API_KEY&gt;<\/em>&#8216;<br \/>\n-d $'{}&#8217;<\/p>\n<\/blockquote>\n<h3>Read time entry<\/h3>\n<p><strong>Required params<\/strong>: ID.<\/p>\n<blockquote>\n<p>curl &#8220;https:\/\/testaccount.timetrackenterprise.com\/api\/v2\/ext\/project_time_entries\/1&#8221;<br \/>\n-H &#8216;Content-Type: application\/json&#8217;<br \/>\n-H &#8216;X-TimeTrack-Api-Secret: &lt;<em>API_SECRET_TOKEN&gt;<\/em>&#8216;<br \/>\n-H &#8216;X-TimeTrack-Api-Key: &lt;<em>API_KEY&gt;<\/em>&#8216;<br \/>\n-d $'{}&#8217;<\/p>\n<\/blockquote>\n<h3>Create time entry<\/h3>\n<p>For create method you can use all params of project time entry object.<\/p>\n<p><strong>Required params<\/strong>: clientName, projectName, user, from, to<\/p>\n<blockquote>\n<p>curl -X &#8220;POST&#8221;\u00a0&#8220;https:\/\/testaccount.timetrackenterprise.com\/api\/v2\/ext\/project_time_entries&#8221;<br \/>\n-H &#8216;Content-Type: application\/json&#8217;<br \/>\n-H &#8216;X-TimeTrack-Api-Secret: &lt;<em>API_SECRET_TOKEN&gt;<\/em>&#8216;<br \/>\n-H &#8216;X-TimeTrack-Api-Key: &lt;<em>API_KEY&gt;<\/em>&#8216;<br \/>\n-d $'{<br \/>\n&#8220;username&#8221;: &#8220;test&#8221;,<br \/>\n&#8220;from&#8221;: &#8220;2020-10-20T10:00:00.000Z&#8221;,<br \/>\n&#8220;to&#8221;: &#8220;2020-10-20T14:00:00.000Z&#8221;<br \/>\n&#8220;clientName&#8221;: &#8220;Client 001&#8221;,<br \/>\n&#8220;projectName&#8221;: &#8220;Project 006_1&#8221;<br \/>\n&#8220;task&#8221;: &#8220;Development&#8221;,<br \/>\n&#8220;hourRate&#8221;: 50,<br \/>\n&#8220;breakMinutes&#8221;: 15,<br \/>\n&#8220;details&#8221;: &#8220;This is one test note&#8221;<br \/>\n}&#8217;<\/p>\n<\/blockquote>\n<h3>Update time entry<\/h3>\n<p>For update you can use all params of project time entry object except: clientName, projectName, user.<\/p>\n<blockquote>\n<p>curl -X &#8220;PUT&#8221;\u00a0&#8220;https:\/\/testaccount.timetrackenterprise.com\/api\/v2\/ext\/project_time_entries\/1&#8221;<br \/>\n-H &#8216;Content-Type: application\/json&#8217;<br \/>\n-H &#8216;X-TimeTrack-Api-Secret: &lt;<em>API_SECRET_TOKEN&gt;<\/em>&#8216;<br \/>\n-H &#8216;X-TimeTrack-Api-Key: &lt;<em>API_KEY&gt;<\/em>&#8216;<br \/>\n-d $'{<br \/>\n&#8220;hourRate&#8221;: 35.5,<br \/>\n&#8220;notes&#8221;: &#8220;Test note for API&#8221;<br \/>\n}&#8217;<\/p>\n<\/blockquote>\n<h3>Delete time entry<\/h3>\n<blockquote>\n<p>curl -X &#8220;DELETE&#8221;\u00a0&#8220;https:\/\/testaccount.timetrackenterprise.com\/api\/v2\/ext\/project_time_entries\/1&#8221;<br \/>\n-H &#8216;Content-Type: application\/json&#8217;<br \/>\n-H &#8216;X-TimeTrack-Api-Secret: &lt;<em>API_SECRET_TOKEN&gt;<\/em>&#8216;<br \/>\n-H &#8216;X-TimeTrack-Api-Key: &lt;<em>API_KEY&gt;<\/em>&#8216;<br \/>\n-d $'{}&#8217;<\/p>\n<\/blockquote>\n<\/div><\/section><\/div><\/p>\n\n<style type=\"text\/css\" data-created_by=\"avia_inline_auto\" id=\"style-css-av-kguof6g6-97f8f79cefbcca3ddbdec2b8541426be\">\n.flex_column.av-kguof6g6-97f8f79cefbcca3ddbdec2b8541426be{\nborder-radius:0px 0px 0px 0px;\npadding:0px 0px 0px 0px;\n}\n<\/style>\n<div  class='flex_column av-kguof6g6-97f8f79cefbcca3ddbdec2b8541426be av_one_fifth  avia-builder-el-4  el_after_av_four_fifth  avia-builder-el-last  flex_column_div av-zero-column-padding  '     ><section  class='av_textblock_section av-kguoffk6-c7fc6bdf8ba12cf48c24e35eca104db4 '   itemscope=\"itemscope\" itemtype=\"https:\/\/schema.org\/CreativeWork\" ><div class='avia_textblock'  itemprop=\"text\" ><h2>Resources<\/h2>\n<ul>\n<li><a href=\"https:\/\/www.timetrackapp.com\/en\/api\/clients\/\">Clients<\/a><\/li>\n<li><a href=\"https:\/\/www.timetrackapp.com\/en\/api\/projects\/\">Projects<\/a><\/li>\n<li><a href=\"https:\/\/www.timetrackapp.com\/en\/api\/tasks\/\">Tasks<\/a><\/li>\n<li><a href=\"https:\/\/www.timetrackapp.com\/en\/api\/project-time-entries\/\">Project Time Entries<\/a><\/li>\n<li><a href=\"https:\/\/www.timetrackapp.com\/en\/api\/expenses\/\">Expenses<\/a><\/li>\n<li><a href=\"https:\/\/www.timetrackapp.com\/en\/api\/attendance-time-entries\/\">Attendances<\/a><\/li>\n<li><a href=\"https:\/\/www.timetrackapp.com\/en\/api\/absences\/\">Absences<\/a><\/li>\n<li><a href=\"https:\/\/www.timetrackapp.com\/en\/api\/absence-types\/\">Absence Types<\/a><\/li>\n<li><a href=\"https:\/\/www.timetrackapp.com\/en\/api\/timers\/#projekt-stempeluhr\">Project Timer<\/a><\/li>\n<li><a href=\"https:\/\/www.timetrackapp.com\/en\/api\/timers\/#arbeitszeit-stempeluhr\">Attendance Timer<\/a><\/li>\n<li><a href=\"https:\/\/www.timetrackapp.com\/en\/api\/timesheets\/\">User Reports<\/a><\/li>\n<\/ul>\n<\/div><\/section><\/div>\n","protected":false},"excerpt":{"rendered":"","protected":false},"author":2,"featured_media":0,"parent":13043,"menu_order":0,"comment_status":"closed","ping_status":"closed","template":"","meta":{"footnotes":""},"categories":[],"tags":[],"class_list":["post-13078","page","type-page","status-publish","hentry"],"yoast_head":"<!-- This site is optimized with the Yoast SEO plugin v27.2 - https:\/\/yoast.com\/product\/yoast-seo-wordpress\/ -->\n<title>API - Project time entries - Timetrackapp<\/title>\n<meta name=\"description\" content=\"Use TimeTrack Rest API to integrate TimeTrack with other systems. Project time entries are time entries with project assigned to it.\" \/>\n<meta name=\"robots\" content=\"index, follow, max-snippet:-1, max-image-preview:large, max-video-preview:-1\" \/>\n<link rel=\"canonical\" href=\"https:\/\/www.timetrackapp.com\/en\/api\/project-time-entries\/\" \/>\n<meta property=\"og:locale\" content=\"en_US\" \/>\n<meta property=\"og:type\" content=\"article\" \/>\n<meta property=\"og:title\" content=\"API - Project time entries - Timetrackapp\" \/>\n<meta property=\"og:description\" content=\"Use TimeTrack Rest API to integrate TimeTrack with other systems. Project time entries are time entries with project assigned to it.\" \/>\n<meta property=\"og:url\" content=\"https:\/\/www.timetrackapp.com\/en\/api\/project-time-entries\/\" \/>\n<meta property=\"og:site_name\" content=\"Timetrack App - Zeiterfassung f\u00fcr Einzelunternehmer &amp; Teams\" \/>\n<meta property=\"article:publisher\" content=\"https:\/\/www.facebook.com\/App.TimeTrack\" \/>\n<meta property=\"article:modified_time\" content=\"2023-03-01T12:03:21+00:00\" \/>\n<meta name=\"twitter:card\" content=\"summary_large_image\" \/>\n<meta name=\"twitter:site\" content=\"@timetrackapp\" \/>\n<meta name=\"twitter:label1\" content=\"Est. reading time\" \/>\n\t<meta name=\"twitter:data1\" content=\"5 minutes\" \/>\n<script type=\"application\/ld+json\" class=\"yoast-schema-graph\">{\"@context\":\"https:\/\/schema.org\",\"@graph\":[{\"@type\":\"WebPage\",\"@id\":\"https:\/\/www.timetrackapp.com\/en\/api\/project-time-entries\/\",\"url\":\"https:\/\/www.timetrackapp.com\/en\/api\/project-time-entries\/\",\"name\":\"API - Project time entries - Timetrackapp\",\"isPartOf\":{\"@id\":\"https:\/\/www.timetrackapp.com\/en\/#website\"},\"datePublished\":\"2020-10-30T09:57:08+00:00\",\"dateModified\":\"2023-03-01T12:03:21+00:00\",\"description\":\"Use TimeTrack Rest API to integrate TimeTrack with other systems. Project time entries are time entries with project assigned to it.\",\"breadcrumb\":{\"@id\":\"https:\/\/www.timetrackapp.com\/en\/api\/project-time-entries\/#breadcrumb\"},\"inLanguage\":\"en-US\",\"potentialAction\":[{\"@type\":\"ReadAction\",\"target\":[\"https:\/\/www.timetrackapp.com\/en\/api\/project-time-entries\/\"]}]},{\"@type\":\"BreadcrumbList\",\"@id\":\"https:\/\/www.timetrackapp.com\/en\/api\/project-time-entries\/#breadcrumb\",\"itemListElement\":[{\"@type\":\"ListItem\",\"position\":1,\"name\":\"Startseite\",\"item\":\"https:\/\/www.timetrackapp.com\/en\/\"},{\"@type\":\"ListItem\",\"position\":2,\"name\":\"API\",\"item\":\"https:\/\/www.timetrackapp.com\/en\/api\/\"},{\"@type\":\"ListItem\",\"position\":3,\"name\":\"API &#8211; Project time entries\"}]},{\"@type\":\"WebSite\",\"@id\":\"https:\/\/www.timetrackapp.com\/en\/#website\",\"url\":\"https:\/\/www.timetrackapp.com\/en\/\",\"name\":\"TimeTrack - Projektzeiterfassung f\u00fcr Unternehmen\",\"description\":\"F\u00fcr mittelst\u00e4ndische und gro\u00dfe Unternehmen mit komplexen Anforderungen\",\"publisher\":{\"@id\":\"https:\/\/www.timetrackapp.com\/en\/#organization\"},\"potentialAction\":[{\"@type\":\"SearchAction\",\"target\":{\"@type\":\"EntryPoint\",\"urlTemplate\":\"https:\/\/www.timetrackapp.com\/en\/?s={search_term_string}\"},\"query-input\":{\"@type\":\"PropertyValueSpecification\",\"valueRequired\":true,\"valueName\":\"search_term_string\"}}],\"inLanguage\":\"en-US\"},{\"@type\":\"Organization\",\"@id\":\"https:\/\/www.timetrackapp.com\/en\/#organization\",\"name\":\"TimeTrack\",\"url\":\"https:\/\/www.timetrackapp.com\/en\/\",\"logo\":{\"@type\":\"ImageObject\",\"inLanguage\":\"en-US\",\"@id\":\"https:\/\/www.timetrackapp.com\/en\/#\/schema\/logo\/image\/\",\"url\":\"https:\/\/www.timetrackapp.com\/wp-content\/uploads\/2025\/08\/logo_round.png\",\"contentUrl\":\"https:\/\/www.timetrackapp.com\/wp-content\/uploads\/2025\/08\/logo_round.png\",\"width\":512,\"height\":512,\"caption\":\"TimeTrack\"},\"image\":{\"@id\":\"https:\/\/www.timetrackapp.com\/en\/#\/schema\/logo\/image\/\"},\"sameAs\":[\"https:\/\/www.facebook.com\/App.TimeTrack\",\"https:\/\/x.com\/timetrackapp\"]}]}<\/script>\n<!-- \/ Yoast SEO plugin. -->","yoast_head_json":{"title":"API - Project time entries - Timetrackapp","description":"Use TimeTrack Rest API to integrate TimeTrack with other systems. Project time entries are time entries with project assigned to it.","robots":{"index":"index","follow":"follow","max-snippet":"max-snippet:-1","max-image-preview":"max-image-preview:large","max-video-preview":"max-video-preview:-1"},"canonical":"https:\/\/www.timetrackapp.com\/en\/api\/project-time-entries\/","og_locale":"en_US","og_type":"article","og_title":"API - Project time entries - Timetrackapp","og_description":"Use TimeTrack Rest API to integrate TimeTrack with other systems. Project time entries are time entries with project assigned to it.","og_url":"https:\/\/www.timetrackapp.com\/en\/api\/project-time-entries\/","og_site_name":"Timetrack App - Zeiterfassung f\u00fcr Einzelunternehmer &amp; Teams","article_publisher":"https:\/\/www.facebook.com\/App.TimeTrack","article_modified_time":"2023-03-01T12:03:21+00:00","twitter_card":"summary_large_image","twitter_site":"@timetrackapp","twitter_misc":{"Est. reading time":"5 minutes"},"schema":{"@context":"https:\/\/schema.org","@graph":[{"@type":"WebPage","@id":"https:\/\/www.timetrackapp.com\/en\/api\/project-time-entries\/","url":"https:\/\/www.timetrackapp.com\/en\/api\/project-time-entries\/","name":"API - Project time entries - Timetrackapp","isPartOf":{"@id":"https:\/\/www.timetrackapp.com\/en\/#website"},"datePublished":"2020-10-30T09:57:08+00:00","dateModified":"2023-03-01T12:03:21+00:00","description":"Use TimeTrack Rest API to integrate TimeTrack with other systems. Project time entries are time entries with project assigned to it.","breadcrumb":{"@id":"https:\/\/www.timetrackapp.com\/en\/api\/project-time-entries\/#breadcrumb"},"inLanguage":"en-US","potentialAction":[{"@type":"ReadAction","target":["https:\/\/www.timetrackapp.com\/en\/api\/project-time-entries\/"]}]},{"@type":"BreadcrumbList","@id":"https:\/\/www.timetrackapp.com\/en\/api\/project-time-entries\/#breadcrumb","itemListElement":[{"@type":"ListItem","position":1,"name":"Startseite","item":"https:\/\/www.timetrackapp.com\/en\/"},{"@type":"ListItem","position":2,"name":"API","item":"https:\/\/www.timetrackapp.com\/en\/api\/"},{"@type":"ListItem","position":3,"name":"API &#8211; Project time entries"}]},{"@type":"WebSite","@id":"https:\/\/www.timetrackapp.com\/en\/#website","url":"https:\/\/www.timetrackapp.com\/en\/","name":"TimeTrack - Projektzeiterfassung f\u00fcr Unternehmen","description":"F\u00fcr mittelst\u00e4ndische und gro\u00dfe Unternehmen mit komplexen Anforderungen","publisher":{"@id":"https:\/\/www.timetrackapp.com\/en\/#organization"},"potentialAction":[{"@type":"SearchAction","target":{"@type":"EntryPoint","urlTemplate":"https:\/\/www.timetrackapp.com\/en\/?s={search_term_string}"},"query-input":{"@type":"PropertyValueSpecification","valueRequired":true,"valueName":"search_term_string"}}],"inLanguage":"en-US"},{"@type":"Organization","@id":"https:\/\/www.timetrackapp.com\/en\/#organization","name":"TimeTrack","url":"https:\/\/www.timetrackapp.com\/en\/","logo":{"@type":"ImageObject","inLanguage":"en-US","@id":"https:\/\/www.timetrackapp.com\/en\/#\/schema\/logo\/image\/","url":"https:\/\/www.timetrackapp.com\/wp-content\/uploads\/2025\/08\/logo_round.png","contentUrl":"https:\/\/www.timetrackapp.com\/wp-content\/uploads\/2025\/08\/logo_round.png","width":512,"height":512,"caption":"TimeTrack"},"image":{"@id":"https:\/\/www.timetrackapp.com\/en\/#\/schema\/logo\/image\/"},"sameAs":["https:\/\/www.facebook.com\/App.TimeTrack","https:\/\/x.com\/timetrackapp"]}]}},"_links":{"self":[{"href":"https:\/\/www.timetrackapp.com\/en\/wp-json\/wp\/v2\/pages\/13078","targetHints":{"allow":["GET"]}}],"collection":[{"href":"https:\/\/www.timetrackapp.com\/en\/wp-json\/wp\/v2\/pages"}],"about":[{"href":"https:\/\/www.timetrackapp.com\/en\/wp-json\/wp\/v2\/types\/page"}],"author":[{"embeddable":true,"href":"https:\/\/www.timetrackapp.com\/en\/wp-json\/wp\/v2\/users\/2"}],"replies":[{"embeddable":true,"href":"https:\/\/www.timetrackapp.com\/en\/wp-json\/wp\/v2\/comments?post=13078"}],"version-history":[{"count":0,"href":"https:\/\/www.timetrackapp.com\/en\/wp-json\/wp\/v2\/pages\/13078\/revisions"}],"up":[{"embeddable":true,"href":"https:\/\/www.timetrackapp.com\/en\/wp-json\/wp\/v2\/pages\/13043"}],"wp:attachment":[{"href":"https:\/\/www.timetrackapp.com\/en\/wp-json\/wp\/v2\/media?parent=13078"}],"wp:term":[{"taxonomy":"category","embeddable":true,"href":"https:\/\/www.timetrackapp.com\/en\/wp-json\/wp\/v2\/categories?post=13078"},{"taxonomy":"post_tag","embeddable":true,"href":"https:\/\/www.timetrackapp.com\/en\/wp-json\/wp\/v2\/tags?post=13078"}],"curies":[{"name":"wp","href":"https:\/\/api.w.org\/{rel}","templated":true}]}}