{"id":17920,"date":"2021-07-21T12:18:08","date_gmt":"2021-07-21T10:18:08","guid":{"rendered":"https:\/\/www.timetrackapp.com\/?page_id=17920"},"modified":"2023-06-12T15:37:44","modified_gmt":"2023-06-12T13:37:44","slug":"roadmap","status":"publish","type":"page","link":"https:\/\/www.timetrackapp.com\/en\/roadmap\/","title":{"rendered":"Roadmap"},"content":{"rendered":"\n<style type=\"text\/css\" data-created_by=\"avia_inline_auto\" id=\"style-css-av-1v69ou-4543f5abbb4dddf16e46ee95f1c620d4\">\n.avia-section.av-1v69ou-4543f5abbb4dddf16e46ee95f1c620d4{\nbackground-repeat:no-repeat;\nbackground-image:url(https:\/\/www.timetrackapp.com\/wp-content\/uploads\/2022\/04\/header-4.png);\nbackground-position:50% 50%;\nbackground-attachment:scroll;\n}\n<\/style>\n<div id='av_section_1'  class='avia-section av-1v69ou-4543f5abbb4dddf16e46ee95f1c620d4 main_color avia-section-no-padding avia-no-border-styling  avia-builder-el-0  el_before_av_section  avia-builder-el-first  avia-bg-style-scroll av-minimum-height av-minimum-height-custom av-height-custom  container_wrap fullsize'  data-section-bg-repeat='no-repeat' data-av_minimum_height_px='500'><div class='container av-section-cont-open' style='height:500px'><main  role=\"main\" itemprop=\"mainContentOfPage\"  class='template-page content  av-content-full alpha units'><div class='post-entry post-entry-type-page post-entry-17920'><div class='entry-content-wrapper clearfix'>\n\n<style type=\"text\/css\" data-created_by=\"avia_inline_auto\" id=\"style-css-av-k6gpvyjr-f9486aa3c1fabed267f0773df6d7b850\">\n#top .av_textblock_section.av-k6gpvyjr-f9486aa3c1fabed267f0773df6d7b850 .avia_textblock{\ncolor:#ffffff;\n}\n<\/style>\n<section  class='av_textblock_section av-k6gpvyjr-f9486aa3c1fabed267f0773df6d7b850 '   itemscope=\"itemscope\" itemtype=\"https:\/\/schema.org\/CreativeWork\" ><div class='avia_textblock av_inherit_color'  itemprop=\"text\" ><h1>Roadmap<\/h1>\n<\/div><\/section>\n\n<\/div><\/div><\/main><!-- close content main element --><\/div><\/div>\n<style type=\"text\/css\" data-created_by=\"avia_inline_auto\" id=\"style-css-av-2tq9xyb-84a042fd494a6419f7ba772c7072b28c\">\n.avia-section.av-2tq9xyb-84a042fd494a6419f7ba772c7072b28c{\nbackground-color:#fffcfc;\nbackground-image:unset;\n}\n<\/style>\n<div id='av_section_2'  class='avia-section av-2tq9xyb-84a042fd494a6419f7ba772c7072b28c main_color avia-section-default avia-no-border-styling  avia-builder-el-2  el_after_av_section  el_before_av_section  avia-bg-style-scroll container_wrap fullsize'  ><div class='container av-section-cont-open' ><div class='template-page content  av-content-full alpha units'><div class='post-entry post-entry-type-page post-entry-17920'><div class='entry-content-wrapper clearfix'>\n\n<style type=\"text\/css\" data-created_by=\"avia_inline_auto\" id=\"style-css-av-2d5w1ab-01346dfff6dbe1e170d49e3bc5297f25\">\n.flex_column.av-2d5w1ab-01346dfff6dbe1e170d49e3bc5297f25{\nborder-radius:0px 0px 0px 0px;\npadding:0px 0px 0px 0px;\n}\n<\/style>\n<div  class='flex_column av-2d5w1ab-01346dfff6dbe1e170d49e3bc5297f25 av_one_full  avia-builder-el-3  avia-builder-el-no-sibling  first flex_column_div av-zero-column-padding  '     ><section  class='av_textblock_section av-kr0fxmu4-e31e9c606efe3359bdcae8239f9ad5c4 '   itemscope=\"itemscope\" itemtype=\"https:\/\/schema.org\/CreativeWork\" ><div class='avia_textblock'  itemprop=\"text\" ><p>Your wishes and feedback are important to us! That&#8217;s why we are constantly developing TimeTrack and adding new features on a regular basis. The TimeTrack Roadmap gives you a short and good overview of the latest features we have recently released, as well as an insight into the features we have planned. Do you have requirements that are not yet on our list? <a href=\"https:\/\/www.timetrackapp.com\/en\/contact\/\">Contact us!<\/a><\/p>\n<\/div><\/section><\/div>\n\n<\/div><\/div><\/div><!-- close content main div --><\/div><\/div>\n<style type=\"text\/css\" data-created_by=\"avia_inline_auto\" id=\"style-css-av-2a5452b-0dfe07f7378b1217e3d49ec140512935\">\n.avia-section.av-2a5452b-0dfe07f7378b1217e3d49ec140512935{\nbackground-color:#f6f7f9;\nbackground-image:unset;\n}\n<\/style>\n<div id='av_section_3'  class='avia-section av-2a5452b-0dfe07f7378b1217e3d49ec140512935 main_color avia-section-default avia-no-border-styling  avia-builder-el-5  el_after_av_section  el_before_av_section  avia-bg-style-scroll container_wrap fullsize'  ><div class='container av-section-cont-open' ><div class='template-page content  av-content-full alpha units'><div class='post-entry post-entry-type-page post-entry-17920'><div class='entry-content-wrapper clearfix'>\n\n<style type=\"text\/css\" data-created_by=\"avia_inline_auto\" id=\"style-css-av-1t7iern-0ad8204fb260eb4c75394baaa63eb368\">\n.flex_column.av-1t7iern-0ad8204fb260eb4c75394baaa63eb368{\nborder-radius:0px 0px 0px 0px;\npadding:0px 0px 0px 0px;\n}\n<\/style>\n<div  class='flex_column av-1t7iern-0ad8204fb260eb4c75394baaa63eb368 av_one_full  avia-builder-el-6  avia-builder-el-no-sibling  first flex_column_div av-zero-column-padding  '     ><section  class='av_textblock_section av-kr0fyiwk-26e8203bcc0cde614c2b558c2d106618 '   itemscope=\"itemscope\" itemtype=\"https:\/\/schema.org\/CreativeWork\" ><div class='avia_textblock'  itemprop=\"text\" ><h2>Newest Features<\/h2>\n<hr \/>\n<p>To keep you informed about updates and new features, we constantly add to our list with the most important news:<\/p>\n<ul>\n<li><strong>Auto scheduling<\/strong>\n<ul>\n<li>TimeTrack&#8217;s automatic scheduling allows you to calculate an optimized duty roster with just a few clicks, thanks to an innovative algorithm.<\/li>\n<\/ul>\n<\/li>\n<li><strong>Task scheduling<\/strong>\n<ul>\n<li>TimeTrack&#8217;s task scheduling allows you to determine how many employees you need to perform a specific task and when.<\/li>\n<\/ul>\n<\/li>\n<li><strong>Dashboard <\/strong>\n<ul>\n<li>In the personalizable dashboard, users can create widgets and get the ideal overview of the most important information in just a few seconds.<\/li>\n<\/ul>\n<\/li>\n<li><strong>Duty roster and appointment planer available on Android App<\/strong>\n<ul>\n<li>Users can now view their shifts and appointments on the Android mobile app anytime, anywhere, which creates maximal flexibility.<\/li>\n<\/ul>\n<\/li>\n<li><strong>Employee Report<\/strong>\n<ul>\n<li>Total overview of overtime or minus hours, hourly balance, open or used vacation days and hourly or vacation corrections of all employees.<\/li>\n<\/ul>\n<\/li>\n<li><strong>Single Sign On<\/strong>\n<ul>\n<li>The following systems were integrated: Microsoft Azure AD and LDAP.<\/li>\n<\/ul>\n<\/li>\n<li><strong>Dashboard<\/strong>\n<ul>\n<li>Now you can configure all the widgets that you want to keep track of in your personal overview &#8211;\u00a0 the dashboard.<\/li>\n<\/ul>\n<\/li>\n<li><strong>Control report<\/strong>\n<ul>\n<li>In the control report, employees are displayed with the timeline and recorded times and absences. The times or attendances can be adjusted directly in the report.<\/li>\n<\/ul>\n<\/li>\n<li><strong>Employee status report<\/strong>\n<ul>\n<li>In the employee status report, the time clocks of all employees are displayed and can be easily controlled.<\/li>\n<\/ul>\n<\/li>\n<li><strong>GPS Reports<\/strong>\n<ul>\n<li>You can see where your employees have clocked in. This is especially ideal for industries that do not have a fixed work location.<\/li>\n<\/ul>\n<\/li>\n<li><strong>Workflows<\/strong>\n<ul>\n<li>Workflows for notifications of all kinds. For example, if you haven&#8217;t clocked in, haven&#8217;t taken a break, have worked more than X extra hours, haven&#8217;t entered time for the previous day, and much more. It is completely configurable. There is also a view with all events\/notifications where the leader\/admin has a complete overview.<\/li>\n<\/ul>\n<\/li>\n<li><strong>Add Hashtags in Absences<\/strong>\n<ul>\n<li>Users can now mark absences with hashtags. The admin can filter the absences according to the hashtags.<\/li>\n<\/ul>\n<\/li>\n<li><strong>Import the Absence-calendar as CVS<\/strong>\n<ul>\n<li>You can export the calendar of absences as ICS and import it, for example, into Google Calendar.<\/li>\n<\/ul>\n<\/li>\n<li><strong>Hashtags in the Attendance-calendar<\/strong>\n<ul>\n<li>The hashtags that you have inserted in attendances are displayed in the calendar and weekly view in the time entries.<\/li>\n<\/ul>\n<\/li>\n<li><strong>Absence-Management-Feature Extensions<\/strong>\n<ul>\n<li>Our travel expense feature now covers all requirements. Admins can set travel expense models that automatically collect and suggest all fallen expenses. Thus, the accounting work is facilitated and the expenses are completely clear.<\/li>\n<\/ul>\n<\/li>\n<li><strong>Project-based resource planning<\/strong>\n<ul>\n<li>Schedule your resources on a <strong>percentage<\/strong> or <strong>full basis<\/strong> to your projects. See when resources<strong> will be released<\/strong> or how many resources are <strong>still needed<\/strong> to complete the project.<\/li>\n<\/ul>\n<\/li>\n<\/ul>\n<p>We announce published updates directly on our roadmap, in our <a href=\"https:\/\/www.timetrackapp.com\/en\/blog\/\">blog<\/a> and directly in your TimeTrack app.<\/p>\n<\/div><\/section><\/div><\/div><\/div><\/div><!-- close content main div --><\/div><\/div>\n<style type=\"text\/css\" data-created_by=\"avia_inline_auto\" id=\"style-css-av-zfnqeb-7df0d3dbdcb942e037db4016c6d36b71\">\n.avia-section.av-zfnqeb-7df0d3dbdcb942e037db4016c6d36b71{\nbackground-color:#fffcfc;\nbackground-image:unset;\n}\n<\/style>\n<div id='av_section_4'  class='avia-section av-zfnqeb-7df0d3dbdcb942e037db4016c6d36b71 main_color avia-section-default avia-no-border-styling  avia-builder-el-8  el_after_av_section  el_before_av_section  avia-bg-style-scroll container_wrap fullsize'  ><div class='container av-section-cont-open' ><div class='template-page content  av-content-full alpha units'><div class='post-entry post-entry-type-page post-entry-17920'><div class='entry-content-wrapper clearfix'>\n\n<style type=\"text\/css\" data-created_by=\"avia_inline_auto\" id=\"style-css-av-vihuv7-a0ed5d4aab1c81bbe6b1c1bbc25c10bd\">\n.flex_column.av-vihuv7-a0ed5d4aab1c81bbe6b1c1bbc25c10bd{\nborder-radius:0px 0px 0px 0px;\npadding:0px 0px 0px 0px;\n}\n<\/style>\n<div  class='flex_column av-vihuv7-a0ed5d4aab1c81bbe6b1c1bbc25c10bd av_one_full  avia-builder-el-9  avia-builder-el-no-sibling  first flex_column_div av-zero-column-padding  '     ><section  class='av_textblock_section av-kr0fzfus-c1fc0dd8258f6b5ada3a5812a8c05402 '   itemscope=\"itemscope\" itemtype=\"https:\/\/schema.org\/CreativeWork\" ><div class='avia_textblock'  itemprop=\"text\" ><h2>Planned New Features<\/h2>\n<hr \/>\n<p>In addition to ongoing bug fixes and improvements, the following major features are scheduled:<\/p>\n<ul>\n<li><strong>Workplace Planning<\/strong>\n<ul>\n<li>You can create the workstations and employees can reserve a table \/ workstation for Monday 8-12, for example.<\/li>\n<\/ul>\n<\/li>\n<li><strong>Hourly rates<\/strong>\n<ul>\n<li>You set a specific hourly rate for your employees for individual tasks on projects and choose between different currencies. You can set hourly rates for both internal and external employees.<\/li>\n<\/ul>\n<\/li>\n<li><strong>Payroll programs<\/strong>\n<ul>\n<li>Integration with Personio and Sage<\/li>\n<\/ul>\n<\/li>\n<li><strong>GPS feature for project documentation<\/strong>\n<ul>\n<li>A GPS feature within the mobile app for projects to allow project selection based on employee location will be implemented.<\/li>\n<\/ul>\n<\/li>\n<li><strong>Monthly hours<\/strong>\n<ul>\n<li>You can also set the working hours model on a monthly basis. Thus, you can directly see how many hours your employees will work in a month.<\/li>\n<\/ul>\n<\/li>\n<li><strong>HR module<\/strong>\n<ul>\n<li>The HR department can add various documents from the employees in the user accounts. In addition, it is also possible to define and edit individual fields.<\/li>\n<\/ul>\n<\/li>\n<li><strong>Workflows extensions<\/strong>\n<ul>\n<li>The workflows feature is enhanced to provide the best personalized experience to our customers.<\/li>\n<\/ul>\n<\/li>\n<\/ul>\n<\/div><\/section><\/div>\n<\/p>\n<\/div><\/div><\/div><!-- close content main div --><\/div><\/div>\n<style type=\"text\/css\" data-created_by=\"avia_inline_auto\" id=\"style-css-av-k6jj58ve-a32835c3ed3dd4254a3f15861e6465c7\">\n.avia-section.av-k6jj58ve-a32835c3ed3dd4254a3f15861e6465c7 .av-section-color-overlay{\nopacity:1;\n}\n<\/style>\n<div id='call-to-action'  class='avia-section av-k6jj58ve-a32835c3ed3dd4254a3f15861e6465c7 main_color avia-section-large avia-no-border-styling  avia-builder-el-11  el_after_av_section  el_before_av_section  avia-bg-style-scroll av-section-color-overlay-active container_wrap fullsize'  ><div class=\"av-section-color-overlay-wrap\"><div class=\"av-section-color-overlay\"><\/div><div class='container av-section-cont-open' ><div class='template-page content  av-content-full alpha units'><div class='post-entry post-entry-type-page post-entry-17920'><div class='entry-content-wrapper clearfix'>\n<section  class='av_textblock_section av-k6jjc1w6-02b2cc4e355ec90ce08964d7525cb51b '   itemscope=\"itemscope\" itemtype=\"https:\/\/schema.org\/CreativeWork\" ><div class='avia_textblock'  itemprop=\"text\" ><h2 class=\"custom_h1\" style=\"color: #fff;\">Any Suggestions or Feedback?<\/h2>\n<p><span style=\"color: #ffffff;\">Our developers are looking forward to your ideas!<\/span><\/p>\n<p><a class=\"default_button\" href=\"https:\/\/www.timetrackapp.com\/en\/contact\/\">Contact us<\/a><\/p>\n<\/div><\/section>\n\n<\/div><\/div><\/div><!-- close content main div --><\/div><\/div><\/div>\n<style type=\"text\/css\" data-created_by=\"avia_inline_auto\" id=\"style-css-av-22addvn-4b6a6335b16cfec133eea98c92294536\">\n.avia-section.av-22addvn-4b6a6335b16cfec133eea98c92294536{\nbackground-color:#f6f7f9;\nbackground-image:unset;\n}\n<\/style>\n<div id='av_section_6'  class='avia-section av-22addvn-4b6a6335b16cfec133eea98c92294536 main_color avia-section-default avia-no-border-styling  avia-builder-el-13  el_after_av_section  el_before_av_section  avia-bg-style-scroll container_wrap fullsize'  ><div class='container av-section-cont-open' ><div class='template-page content  av-content-full alpha units'><div class='post-entry post-entry-type-page post-entry-17920'><div class='entry-content-wrapper clearfix'>\n\n<style type=\"text\/css\" data-created_by=\"avia_inline_auto\" id=\"style-css-av-1mqs2eb-bd65a40acd58848363902cdc5fd02348\">\n.flex_column.av-1mqs2eb-bd65a40acd58848363902cdc5fd02348{\nborder-radius:0px 0px 0px 0px;\npadding:0px 0px 0px 0px;\n}\n<\/style>\n<div  class='flex_column av-1mqs2eb-bd65a40acd58848363902cdc5fd02348 av_one_full  avia-builder-el-14  avia-builder-el-no-sibling  first flex_column_div av-zero-column-padding  '     ><section  class='av_textblock_section av-kr0g0vgk-94b939a3bd0a921612a2c31aff78871c '   itemscope=\"itemscope\" itemtype=\"https:\/\/schema.org\/CreativeWork\" ><div class='avia_textblock'  itemprop=\"text\" ><h2>How We Choose New Functions<\/h2>\n<hr \/>\n<p>At TimeTrack, users come first. That&#8217;s why our new features are always well thought out:<\/p>\n<ul>\n<li>Customers contact us directly via email to tell us what they want and need.<\/li>\n<li>Together with our Customer Success Team, we decide which features would be most beneficial to our customers.<\/li>\n<li>We consider already existing features, and discuss in-house which features would fit best into the software.<\/li>\n<\/ul>\n<\/div><\/section><\/div>\n\n<\/div><\/div><\/div><!-- close content main div --><\/div><\/div>\n<style type=\"text\/css\" data-created_by=\"avia_inline_auto\" id=\"style-css-av-3l7fxf-d883b609e0ff26d0d8e0470f6697747e\">\n.avia-section.av-3l7fxf-d883b609e0ff26d0d8e0470f6697747e{\nbackground-color:#fffcfc;\nbackground-image:unset;\n}\n<\/style>\n<div id='av_section_7'  class='avia-section av-3l7fxf-d883b609e0ff26d0d8e0470f6697747e main_color avia-section-default avia-no-border-styling  avia-builder-el-16  el_after_av_section  avia-builder-el-last  avia-bg-style-scroll container_wrap fullsize'  ><div class='container av-section-cont-open' ><div class='template-page content  av-content-full alpha units'><div class='post-entry post-entry-type-page post-entry-17920'><div class='entry-content-wrapper clearfix'>\n\n<style type=\"text\/css\" data-created_by=\"avia_inline_auto\" id=\"style-css-av-k8qy3n-114e2d44134c59ac6e16977d3deeb4ce\">\n.flex_column.av-k8qy3n-114e2d44134c59ac6e16977d3deeb4ce{\nborder-radius:0px 0px 0px 0px;\npadding:0px 0px 0px 0px;\n}\n<\/style>\n<div  class='flex_column av-k8qy3n-114e2d44134c59ac6e16977d3deeb4ce av_one_full  avia-builder-el-17  avia-builder-el-no-sibling  first flex_column_div av-zero-column-padding  '     ><section  class='av_textblock_section av-kr0g2noe-005d653333c96fc8b9db1225406a3cc5 '   itemscope=\"itemscope\" itemtype=\"https:\/\/schema.org\/CreativeWork\" ><div class='avia_textblock'  itemprop=\"text\" ><h2>How Long We Develop New Features<\/h2>\n<hr \/>\n<p>Of course, we want to keep you informed and regularly update our roadmap with the latest features. Unfortunately, we can&#8217;t give exact timelines for individual features and ask for your understanding. Our top priority is a bug-free software, which is why unexpected bugs or problems have to be prioritized at any time. However, as soon as these are fixed, we will be back behind the development of the planned features. We are also working at full speed to ensure that planned features are released as soon as possible and are quickly available to our customers.<\/p>\n<\/div><\/section><\/div>\n\n","protected":false},"excerpt":{"rendered":"","protected":false},"author":43,"featured_media":0,"parent":0,"menu_order":0,"comment_status":"closed","ping_status":"closed","template":"","meta":{"footnotes":""},"categories":[],"tags":[],"class_list":["post-17920","page","type-page","status-publish","hentry"],"yoast_head":"<!-- This site is optimized with the Yoast SEO plugin v27.6 - https:\/\/yoast.com\/product\/yoast-seo-wordpress\/ -->\n<title>Roadmap: all planned features &amp; extensions at TimeTrack<\/title>\n<meta name=\"description\" content=\"The roadmap gives a brief overview of the latest features, as well as an insight into the planned upgrades.\" \/>\n<meta name=\"robots\" content=\"index, follow, max-snippet:-1, max-image-preview:large, max-video-preview:-1\" \/>\n<link rel=\"canonical\" href=\"https:\/\/www.timetrackapp.com\/en\/roadmap\/\" \/>\n<meta property=\"og:locale\" content=\"en_US\" \/>\n<meta property=\"og:type\" content=\"article\" \/>\n<meta property=\"og:title\" content=\"Roadmap: all planned features &amp; extensions at TimeTrack\" \/>\n<meta property=\"og:description\" content=\"The roadmap gives a brief overview of the latest features, as well as an insight into the planned upgrades.\" \/>\n<meta property=\"og:url\" content=\"https:\/\/www.timetrackapp.com\/en\/roadmap\/\" \/>\n<meta property=\"og:site_name\" content=\"Timetrack App - Zeiterfassung f\u00fcr Einzelunternehmer &amp; Teams\" \/>\n<meta property=\"article:publisher\" content=\"https:\/\/www.facebook.com\/App.TimeTrack\" \/>\n<meta property=\"article:modified_time\" content=\"2023-06-12T13:37:44+00:00\" \/>\n<meta name=\"twitter:card\" content=\"summary_large_image\" \/>\n<meta name=\"twitter:site\" content=\"@timetrackapp\" \/>\n<meta name=\"twitter:label1\" content=\"Est. reading time\" \/>\n\t<meta name=\"twitter:data1\" content=\"13 minutes\" \/>\n<script type=\"application\/ld+json\" class=\"yoast-schema-graph\">{\"@context\":\"https:\\\/\\\/schema.org\",\"@graph\":[{\"@type\":\"WebPage\",\"@id\":\"https:\\\/\\\/www.timetrackapp.com\\\/en\\\/roadmap\\\/\",\"url\":\"https:\\\/\\\/www.timetrackapp.com\\\/en\\\/roadmap\\\/\",\"name\":\"Roadmap: all planned features & extensions at TimeTrack\",\"isPartOf\":{\"@id\":\"https:\\\/\\\/www.timetrackapp.com\\\/en\\\/#website\"},\"datePublished\":\"2021-07-21T10:18:08+00:00\",\"dateModified\":\"2023-06-12T13:37:44+00:00\",\"description\":\"The roadmap gives a brief overview of the latest features, as well as an insight into the planned upgrades.\",\"breadcrumb\":{\"@id\":\"https:\\\/\\\/www.timetrackapp.com\\\/en\\\/roadmap\\\/#breadcrumb\"},\"inLanguage\":\"en-US\",\"potentialAction\":[{\"@type\":\"ReadAction\",\"target\":[\"https:\\\/\\\/www.timetrackapp.com\\\/en\\\/roadmap\\\/\"]}]},{\"@type\":\"BreadcrumbList\",\"@id\":\"https:\\\/\\\/www.timetrackapp.com\\\/en\\\/roadmap\\\/#breadcrumb\",\"itemListElement\":[{\"@type\":\"ListItem\",\"position\":1,\"name\":\"Startseite\",\"item\":\"https:\\\/\\\/www.timetrackapp.com\\\/en\\\/\"},{\"@type\":\"ListItem\",\"position\":2,\"name\":\"Roadmap\"}]},{\"@type\":\"WebSite\",\"@id\":\"https:\\\/\\\/www.timetrackapp.com\\\/en\\\/#website\",\"url\":\"https:\\\/\\\/www.timetrackapp.com\\\/en\\\/\",\"name\":\"TimeTrack - Projektzeiterfassung f\u00fcr Unternehmen\",\"description\":\"F\u00fcr mittelst\u00e4ndische und gro\u00dfe Unternehmen mit komplexen Anforderungen\",\"publisher\":{\"@id\":\"https:\\\/\\\/www.timetrackapp.com\\\/en\\\/#organization\"},\"potentialAction\":[{\"@type\":\"SearchAction\",\"target\":{\"@type\":\"EntryPoint\",\"urlTemplate\":\"https:\\\/\\\/www.timetrackapp.com\\\/en\\\/?s={search_term_string}\"},\"query-input\":{\"@type\":\"PropertyValueSpecification\",\"valueRequired\":true,\"valueName\":\"search_term_string\"}}],\"inLanguage\":\"en-US\"},{\"@type\":\"Organization\",\"@id\":\"https:\\\/\\\/www.timetrackapp.com\\\/en\\\/#organization\",\"name\":\"TimeTrack\",\"url\":\"https:\\\/\\\/www.timetrackapp.com\\\/en\\\/\",\"logo\":{\"@type\":\"ImageObject\",\"inLanguage\":\"en-US\",\"@id\":\"https:\\\/\\\/www.timetrackapp.com\\\/en\\\/#\\\/schema\\\/logo\\\/image\\\/\",\"url\":\"https:\\\/\\\/www.timetrackapp.com\\\/wp-content\\\/uploads\\\/2025\\\/08\\\/logo_round.png\",\"contentUrl\":\"https:\\\/\\\/www.timetrackapp.com\\\/wp-content\\\/uploads\\\/2025\\\/08\\\/logo_round.png\",\"width\":512,\"height\":512,\"caption\":\"TimeTrack\"},\"image\":{\"@id\":\"https:\\\/\\\/www.timetrackapp.com\\\/en\\\/#\\\/schema\\\/logo\\\/image\\\/\"},\"sameAs\":[\"https:\\\/\\\/www.facebook.com\\\/App.TimeTrack\",\"https:\\\/\\\/x.com\\\/timetrackapp\"]}]}<\/script>\n<!-- \/ Yoast SEO plugin. -->","yoast_head_json":{"title":"Roadmap: all planned features & extensions at TimeTrack","description":"The roadmap gives a brief overview of the latest features, as well as an insight into the planned upgrades.","robots":{"index":"index","follow":"follow","max-snippet":"max-snippet:-1","max-image-preview":"max-image-preview:large","max-video-preview":"max-video-preview:-1"},"canonical":"https:\/\/www.timetrackapp.com\/en\/roadmap\/","og_locale":"en_US","og_type":"article","og_title":"Roadmap: all planned features & extensions at TimeTrack","og_description":"The roadmap gives a brief overview of the latest features, as well as an insight into the planned upgrades.","og_url":"https:\/\/www.timetrackapp.com\/en\/roadmap\/","og_site_name":"Timetrack App - Zeiterfassung f\u00fcr Einzelunternehmer &amp; Teams","article_publisher":"https:\/\/www.facebook.com\/App.TimeTrack","article_modified_time":"2023-06-12T13:37:44+00:00","twitter_card":"summary_large_image","twitter_site":"@timetrackapp","twitter_misc":{"Est. reading time":"13 minutes"},"schema":{"@context":"https:\/\/schema.org","@graph":[{"@type":"WebPage","@id":"https:\/\/www.timetrackapp.com\/en\/roadmap\/","url":"https:\/\/www.timetrackapp.com\/en\/roadmap\/","name":"Roadmap: all planned features & extensions at TimeTrack","isPartOf":{"@id":"https:\/\/www.timetrackapp.com\/en\/#website"},"datePublished":"2021-07-21T10:18:08+00:00","dateModified":"2023-06-12T13:37:44+00:00","description":"The roadmap gives a brief overview of the latest features, as well as an insight into the planned upgrades.","breadcrumb":{"@id":"https:\/\/www.timetrackapp.com\/en\/roadmap\/#breadcrumb"},"inLanguage":"en-US","potentialAction":[{"@type":"ReadAction","target":["https:\/\/www.timetrackapp.com\/en\/roadmap\/"]}]},{"@type":"BreadcrumbList","@id":"https:\/\/www.timetrackapp.com\/en\/roadmap\/#breadcrumb","itemListElement":[{"@type":"ListItem","position":1,"name":"Startseite","item":"https:\/\/www.timetrackapp.com\/en\/"},{"@type":"ListItem","position":2,"name":"Roadmap"}]},{"@type":"WebSite","@id":"https:\/\/www.timetrackapp.com\/en\/#website","url":"https:\/\/www.timetrackapp.com\/en\/","name":"TimeTrack - Projektzeiterfassung f\u00fcr Unternehmen","description":"F\u00fcr mittelst\u00e4ndische und gro\u00dfe Unternehmen mit komplexen Anforderungen","publisher":{"@id":"https:\/\/www.timetrackapp.com\/en\/#organization"},"potentialAction":[{"@type":"SearchAction","target":{"@type":"EntryPoint","urlTemplate":"https:\/\/www.timetrackapp.com\/en\/?s={search_term_string}"},"query-input":{"@type":"PropertyValueSpecification","valueRequired":true,"valueName":"search_term_string"}}],"inLanguage":"en-US"},{"@type":"Organization","@id":"https:\/\/www.timetrackapp.com\/en\/#organization","name":"TimeTrack","url":"https:\/\/www.timetrackapp.com\/en\/","logo":{"@type":"ImageObject","inLanguage":"en-US","@id":"https:\/\/www.timetrackapp.com\/en\/#\/schema\/logo\/image\/","url":"https:\/\/www.timetrackapp.com\/wp-content\/uploads\/2025\/08\/logo_round.png","contentUrl":"https:\/\/www.timetrackapp.com\/wp-content\/uploads\/2025\/08\/logo_round.png","width":512,"height":512,"caption":"TimeTrack"},"image":{"@id":"https:\/\/www.timetrackapp.com\/en\/#\/schema\/logo\/image\/"},"sameAs":["https:\/\/www.facebook.com\/App.TimeTrack","https:\/\/x.com\/timetrackapp"]}]}},"_links":{"self":[{"href":"https:\/\/www.timetrackapp.com\/en\/wp-json\/wp\/v2\/pages\/17920","targetHints":{"allow":["GET"]}}],"collection":[{"href":"https:\/\/www.timetrackapp.com\/en\/wp-json\/wp\/v2\/pages"}],"about":[{"href":"https:\/\/www.timetrackapp.com\/en\/wp-json\/wp\/v2\/types\/page"}],"author":[{"embeddable":true,"href":"https:\/\/www.timetrackapp.com\/en\/wp-json\/wp\/v2\/users\/43"}],"replies":[{"embeddable":true,"href":"https:\/\/www.timetrackapp.com\/en\/wp-json\/wp\/v2\/comments?post=17920"}],"version-history":[{"count":0,"href":"https:\/\/www.timetrackapp.com\/en\/wp-json\/wp\/v2\/pages\/17920\/revisions"}],"wp:attachment":[{"href":"https:\/\/www.timetrackapp.com\/en\/wp-json\/wp\/v2\/media?parent=17920"}],"wp:term":[{"taxonomy":"category","embeddable":true,"href":"https:\/\/www.timetrackapp.com\/en\/wp-json\/wp\/v2\/categories?post=17920"},{"taxonomy":"post_tag","embeddable":true,"href":"https:\/\/www.timetrackapp.com\/en\/wp-json\/wp\/v2\/tags?post=17920"}],"curies":[{"name":"wp","href":"https:\/\/api.w.org\/{rel}","templated":true}]}}