{"id":18312,"date":"2021-02-24T13:33:59","date_gmt":"2021-02-24T12:33:59","guid":{"rendered":"https:\/\/www.timetrackapp.com\/partners-quickbooks-integration-disconnected\/"},"modified":"2021-02-24T13:33:59","modified_gmt":"2021-02-24T12:33:59","slug":"partners-quickbooks-integration-disconnected","status":"publish","type":"page","link":"https:\/\/www.timetrackapp.com\/en\/partners-quickbooks-integration-disconnected\/","title":{"rendered":"QuickBooks Integration disconnected"},"content":{"rendered":"<h1 style=\"text-align: center;\">QuickBooks Disconnected<\/h1>\n<hr \/>\n<p style=\"text-align: center;\">Your QuickBooks integration has been disconnected. You will no longer to be able to send invoices directly to your QuickBooks account from TimeTrack.<\/p>\n<p style=\"text-align: center;\">If you\u2019d like to re-connect TimeTrack and your QuickBooks account, click here to <a href=\"https:\/\/www.timetrackapp.com\/en\/partner\/quickbooks\/\">view our help guide<\/a>.<\/p>\n","protected":false},"excerpt":{"rendered":"<p>QuickBooks Disconnected Your QuickBooks integration has been disconnected. You will no longer to be able to send invoices directly to your QuickBooks account from TimeTrack. If you\u2019d like to re-connect TimeTrack and your QuickBooks account, click here to view our help guide.<\/p>\n","protected":false},"author":2,"featured_media":0,"parent":0,"menu_order":0,"comment_status":"closed","ping_status":"closed","template":"","meta":{"footnotes":""},"categories":[],"tags":[],"class_list":["post-18312","page","type-page","status-publish","hentry"],"yoast_head":"<!-- This site is optimized with the Yoast SEO plugin v27.5 - https:\/\/yoast.com\/product\/yoast-seo-wordpress\/ -->\n<title>QuickBooks Integration disconnected - Timetrack App - Zeiterfassung f\u00fcr Einzelunternehmer &amp; Teams<\/title>\n<meta name=\"robots\" content=\"index, follow, max-snippet:-1, max-image-preview:large, max-video-preview:-1\" \/>\n<link rel=\"canonical\" href=\"https:\/\/www.timetrackapp.com\/en\/partners-quickbooks-integration-disconnected\/\" \/>\n<meta property=\"og:locale\" content=\"en_US\" \/>\n<meta property=\"og:type\" content=\"article\" \/>\n<meta property=\"og:title\" content=\"QuickBooks Integration disconnected - Timetrack App - Zeiterfassung f\u00fcr Einzelunternehmer &amp; Teams\" \/>\n<meta property=\"og:description\" content=\"QuickBooks Disconnected Your QuickBooks integration has been disconnected. You will no longer to be able to send invoices directly to your QuickBooks account from TimeTrack. If you\u2019d like to re-connect TimeTrack and your QuickBooks account, click here to view our help guide.\" \/>\n<meta property=\"og:url\" content=\"https:\/\/www.timetrackapp.com\/en\/partners-quickbooks-integration-disconnected\/\" \/>\n<meta property=\"og:site_name\" content=\"Timetrack App - Zeiterfassung f\u00fcr Einzelunternehmer &amp; Teams\" \/>\n<meta property=\"article:publisher\" content=\"https:\/\/www.facebook.com\/App.TimeTrack\" \/>\n<meta name=\"twitter:card\" content=\"summary_large_image\" \/>\n<meta name=\"twitter:site\" content=\"@timetrackapp\" \/>\n<script type=\"application\/ld+json\" class=\"yoast-schema-graph\">{\"@context\":\"https:\\\/\\\/schema.org\",\"@graph\":[{\"@type\":\"WebPage\",\"@id\":\"https:\\\/\\\/www.timetrackapp.com\\\/en\\\/partners-quickbooks-integration-disconnected\\\/\",\"url\":\"https:\\\/\\\/www.timetrackapp.com\\\/en\\\/partners-quickbooks-integration-disconnected\\\/\",\"name\":\"QuickBooks Integration disconnected - Timetrack App - Zeiterfassung f\u00fcr Einzelunternehmer &amp; Teams\",\"isPartOf\":{\"@id\":\"https:\\\/\\\/www.timetrackapp.com\\\/en\\\/#website\"},\"datePublished\":\"2021-02-24T12:33:59+00:00\",\"breadcrumb\":{\"@id\":\"https:\\\/\\\/www.timetrackapp.com\\\/en\\\/partners-quickbooks-integration-disconnected\\\/#breadcrumb\"},\"inLanguage\":\"en-US\",\"potentialAction\":[{\"@type\":\"ReadAction\",\"target\":[\"https:\\\/\\\/www.timetrackapp.com\\\/en\\\/partners-quickbooks-integration-disconnected\\\/\"]}]},{\"@type\":\"BreadcrumbList\",\"@id\":\"https:\\\/\\\/www.timetrackapp.com\\\/en\\\/partners-quickbooks-integration-disconnected\\\/#breadcrumb\",\"itemListElement\":[{\"@type\":\"ListItem\",\"position\":1,\"name\":\"Startseite\",\"item\":\"https:\\\/\\\/www.timetrackapp.com\\\/en\\\/home-2\\\/\"},{\"@type\":\"ListItem\",\"position\":2,\"name\":\"QuickBooks Integration disconnected\"}]},{\"@type\":\"WebSite\",\"@id\":\"https:\\\/\\\/www.timetrackapp.com\\\/en\\\/#website\",\"url\":\"https:\\\/\\\/www.timetrackapp.com\\\/en\\\/\",\"name\":\"TimeTrack - Projektzeiterfassung f\u00fcr Unternehmen\",\"description\":\"F\u00fcr mittelst\u00e4ndische und gro\u00dfe Unternehmen mit komplexen Anforderungen\",\"publisher\":{\"@id\":\"https:\\\/\\\/www.timetrackapp.com\\\/en\\\/#organization\"},\"potentialAction\":[{\"@type\":\"SearchAction\",\"target\":{\"@type\":\"EntryPoint\",\"urlTemplate\":\"https:\\\/\\\/www.timetrackapp.com\\\/en\\\/?s={search_term_string}\"},\"query-input\":{\"@type\":\"PropertyValueSpecification\",\"valueRequired\":true,\"valueName\":\"search_term_string\"}}],\"inLanguage\":\"en-US\"},{\"@type\":\"Organization\",\"@id\":\"https:\\\/\\\/www.timetrackapp.com\\\/en\\\/#organization\",\"name\":\"TimeTrack\",\"url\":\"https:\\\/\\\/www.timetrackapp.com\\\/en\\\/\",\"logo\":{\"@type\":\"ImageObject\",\"inLanguage\":\"en-US\",\"@id\":\"https:\\\/\\\/www.timetrackapp.com\\\/en\\\/#\\\/schema\\\/logo\\\/image\\\/\",\"url\":\"https:\\\/\\\/www.timetrackapp.com\\\/wp-content\\\/uploads\\\/2025\\\/08\\\/logo_round.png\",\"contentUrl\":\"https:\\\/\\\/www.timetrackapp.com\\\/wp-content\\\/uploads\\\/2025\\\/08\\\/logo_round.png\",\"width\":512,\"height\":512,\"caption\":\"TimeTrack\"},\"image\":{\"@id\":\"https:\\\/\\\/www.timetrackapp.com\\\/en\\\/#\\\/schema\\\/logo\\\/image\\\/\"},\"sameAs\":[\"https:\\\/\\\/www.facebook.com\\\/App.TimeTrack\",\"https:\\\/\\\/x.com\\\/timetrackapp\"]}]}<\/script>\n<!-- \/ Yoast SEO plugin. -->","yoast_head_json":{"title":"QuickBooks Integration disconnected - Timetrack App - Zeiterfassung f\u00fcr Einzelunternehmer &amp; Teams","robots":{"index":"index","follow":"follow","max-snippet":"max-snippet:-1","max-image-preview":"max-image-preview:large","max-video-preview":"max-video-preview:-1"},"canonical":"https:\/\/www.timetrackapp.com\/en\/partners-quickbooks-integration-disconnected\/","og_locale":"en_US","og_type":"article","og_title":"QuickBooks Integration disconnected - Timetrack App - Zeiterfassung f\u00fcr Einzelunternehmer &amp; Teams","og_description":"QuickBooks Disconnected Your QuickBooks integration has been disconnected. You will no longer to be able to send invoices directly to your QuickBooks account from TimeTrack. If you\u2019d like to re-connect TimeTrack and your QuickBooks account, click here to view our help guide.","og_url":"https:\/\/www.timetrackapp.com\/en\/partners-quickbooks-integration-disconnected\/","og_site_name":"Timetrack App - Zeiterfassung f\u00fcr Einzelunternehmer &amp; Teams","article_publisher":"https:\/\/www.facebook.com\/App.TimeTrack","twitter_card":"summary_large_image","twitter_site":"@timetrackapp","schema":{"@context":"https:\/\/schema.org","@graph":[{"@type":"WebPage","@id":"https:\/\/www.timetrackapp.com\/en\/partners-quickbooks-integration-disconnected\/","url":"https:\/\/www.timetrackapp.com\/en\/partners-quickbooks-integration-disconnected\/","name":"QuickBooks Integration disconnected - Timetrack App - Zeiterfassung f\u00fcr Einzelunternehmer &amp; Teams","isPartOf":{"@id":"https:\/\/www.timetrackapp.com\/en\/#website"},"datePublished":"2021-02-24T12:33:59+00:00","breadcrumb":{"@id":"https:\/\/www.timetrackapp.com\/en\/partners-quickbooks-integration-disconnected\/#breadcrumb"},"inLanguage":"en-US","potentialAction":[{"@type":"ReadAction","target":["https:\/\/www.timetrackapp.com\/en\/partners-quickbooks-integration-disconnected\/"]}]},{"@type":"BreadcrumbList","@id":"https:\/\/www.timetrackapp.com\/en\/partners-quickbooks-integration-disconnected\/#breadcrumb","itemListElement":[{"@type":"ListItem","position":1,"name":"Startseite","item":"https:\/\/www.timetrackapp.com\/en\/home-2\/"},{"@type":"ListItem","position":2,"name":"QuickBooks Integration disconnected"}]},{"@type":"WebSite","@id":"https:\/\/www.timetrackapp.com\/en\/#website","url":"https:\/\/www.timetrackapp.com\/en\/","name":"TimeTrack - Projektzeiterfassung f\u00fcr Unternehmen","description":"F\u00fcr mittelst\u00e4ndische und gro\u00dfe Unternehmen mit komplexen Anforderungen","publisher":{"@id":"https:\/\/www.timetrackapp.com\/en\/#organization"},"potentialAction":[{"@type":"SearchAction","target":{"@type":"EntryPoint","urlTemplate":"https:\/\/www.timetrackapp.com\/en\/?s={search_term_string}"},"query-input":{"@type":"PropertyValueSpecification","valueRequired":true,"valueName":"search_term_string"}}],"inLanguage":"en-US"},{"@type":"Organization","@id":"https:\/\/www.timetrackapp.com\/en\/#organization","name":"TimeTrack","url":"https:\/\/www.timetrackapp.com\/en\/","logo":{"@type":"ImageObject","inLanguage":"en-US","@id":"https:\/\/www.timetrackapp.com\/en\/#\/schema\/logo\/image\/","url":"https:\/\/www.timetrackapp.com\/wp-content\/uploads\/2025\/08\/logo_round.png","contentUrl":"https:\/\/www.timetrackapp.com\/wp-content\/uploads\/2025\/08\/logo_round.png","width":512,"height":512,"caption":"TimeTrack"},"image":{"@id":"https:\/\/www.timetrackapp.com\/en\/#\/schema\/logo\/image\/"},"sameAs":["https:\/\/www.facebook.com\/App.TimeTrack","https:\/\/x.com\/timetrackapp"]}]}},"_links":{"self":[{"href":"https:\/\/www.timetrackapp.com\/en\/wp-json\/wp\/v2\/pages\/18312","targetHints":{"allow":["GET"]}}],"collection":[{"href":"https:\/\/www.timetrackapp.com\/en\/wp-json\/wp\/v2\/pages"}],"about":[{"href":"https:\/\/www.timetrackapp.com\/en\/wp-json\/wp\/v2\/types\/page"}],"author":[{"embeddable":true,"href":"https:\/\/www.timetrackapp.com\/en\/wp-json\/wp\/v2\/users\/2"}],"replies":[{"embeddable":true,"href":"https:\/\/www.timetrackapp.com\/en\/wp-json\/wp\/v2\/comments?post=18312"}],"version-history":[{"count":0,"href":"https:\/\/www.timetrackapp.com\/en\/wp-json\/wp\/v2\/pages\/18312\/revisions"}],"wp:attachment":[{"href":"https:\/\/www.timetrackapp.com\/en\/wp-json\/wp\/v2\/media?parent=18312"}],"wp:term":[{"taxonomy":"category","embeddable":true,"href":"https:\/\/www.timetrackapp.com\/en\/wp-json\/wp\/v2\/categories?post=18312"},{"taxonomy":"post_tag","embeddable":true,"href":"https:\/\/www.timetrackapp.com\/en\/wp-json\/wp\/v2\/tags?post=18312"}],"curies":[{"name":"wp","href":"https:\/\/api.w.org\/{rel}","templated":true}]}}