{"id":18352,"date":"2021-02-04T10:10:02","date_gmt":"2021-02-04T09:10:02","guid":{"rendered":"https:\/\/www.timetrackapp.com\/arbeitszeitaufzeichnung-vorlage\/"},"modified":"2023-02-24T13:04:38","modified_gmt":"2023-02-24T12:04:38","slug":"arbeitszeitaufzeichnung-vorlage","status":"publish","type":"page","link":"https:\/\/www.timetrackapp.com\/en\/arbeitszeitaufzeichnung-vorlage\/","title":{"rendered":"Timesheet template"},"content":{"rendered":"\n<style type=\"text\/css\" data-created_by=\"avia_inline_auto\" id=\"style-css-av-k6jj58ve-93acd06360e2bd569059290e836da28f\">\n.avia-section.av-k6jj58ve-93acd06360e2bd569059290e836da28f .av-section-color-overlay{\nopacity:1;\n}\n<\/style>\n<div id='call-to-action2'  class='avia-section av-k6jj58ve-93acd06360e2bd569059290e836da28f main_color avia-section-large avia-no-border-styling  avia-builder-el-0  el_before_av_section  avia-builder-el-first  avia-bg-style-scroll av-section-color-overlay-active container_wrap fullsize'  ><div class=\"av-section-color-overlay-wrap\"><div class=\"av-section-color-overlay\"><\/div><div class='container av-section-cont-open' ><main  role=\"main\" itemprop=\"mainContentOfPage\"  class='template-page content  av-content-full alpha units'><div class='post-entry post-entry-type-page post-entry-18352'><div class='entry-content-wrapper clearfix'>\n\n<style type=\"text\/css\" data-created_by=\"avia_inline_auto\" id=\"style-css-av-23nq368-1e48afa86163ca724a9de5dd96394fa5\">\n.flex_column.av-23nq368-1e48afa86163ca724a9de5dd96394fa5{\nborder-radius:0px 0px 0px 0px;\npadding:0px 0px 0px 0px;\n}\n<\/style>\n<div  class='flex_column av-23nq368-1e48afa86163ca724a9de5dd96394fa5 av_one_full  avia-builder-el-1  el_before_av_hr  avia-builder-el-first  first flex_column_div av-zero-column-padding  '     ><style type=\"text\/css\" data-created_by=\"avia_inline_auto\" id=\"style-css-av-k6gpvyjr-327cdaa77a13e959c6a7786f2da4292f\">\n#top .av_textblock_section.av-k6gpvyjr-327cdaa77a13e959c6a7786f2da4292f .avia_textblock{\ncolor:#000000;\n}\n<\/style>\n<section  class='av_textblock_section av-k6gpvyjr-327cdaa77a13e959c6a7786f2da4292f '   itemscope=\"itemscope\" itemtype=\"https:\/\/schema.org\/CreativeWork\" ><div class='avia_textblock av_inherit_color'  itemprop=\"text\" ><h1><span style=\"color: #ffffff;\">Kostenlose Arbeitszeitaufzeichnung Vorlage<\/span><\/h1>\n<\/div><\/section><\/div>\n<style type=\"text\/css\" data-created_by=\"avia_inline_auto\" id=\"style-css-av-kc3bveln-d3212f742ec0808fa87ebfeb7ae68d56\">\n#top .hr.av-kc3bveln-d3212f742ec0808fa87ebfeb7ae68d56{\nmargin-top:10px;\nmargin-bottom:10px;\n}\n.hr.av-kc3bveln-d3212f742ec0808fa87ebfeb7ae68d56 .hr-inner{\nwidth:50px;\n}\n<\/style>\n<div  class='hr av-kc3bveln-d3212f742ec0808fa87ebfeb7ae68d56 hr-custom  avia-builder-el-3  el_after_av_one_full  el_before_av_one_half  hr-center hr-icon-no'><span class='hr-inner inner-border-av-border-none'><span class=\"hr-inner-style\"><\/span><\/span><\/div>\n<div class='flex_column_table av-2sbh2v-c668bc2f3134667e556867d5b1711143 sc-av_one_half av-equal-height-column-flextable'>\n<style type=\"text\/css\" data-created_by=\"avia_inline_auto\" id=\"style-css-av-2sbh2v-c668bc2f3134667e556867d5b1711143\">\n.flex_column.av-2sbh2v-c668bc2f3134667e556867d5b1711143{\nborder-radius:0px 0px 0px 0px;\npadding:0px 0px 0px 0px;\n}\n<\/style>\n<div  class='flex_column av-2sbh2v-c668bc2f3134667e556867d5b1711143 av_one_half  avia-builder-el-4  el_after_av_hr  el_before_av_one_half  first flex_column_table_cell av-equal-height-column av-align-middle av-zero-column-padding  '     ><\/div><div class='av-flex-placeholder'><\/div>\n<style type=\"text\/css\" data-created_by=\"avia_inline_auto\" id=\"style-css-av-qdbe07-8a856c17dc053b4d52970c6dcb67f5a2\">\n.flex_column.av-qdbe07-8a856c17dc053b4d52970c6dcb67f5a2{\nborder-radius:0px 0px 0px 0px;\npadding:0px 0px 0px 0px;\n}\n<\/style>\n<div  class='flex_column av-qdbe07-8a856c17dc053b4d52970c6dcb67f5a2 av_one_half  avia-builder-el-6  el_after_av_one_half  avia-builder-el-last  flex_column_table_cell av-equal-height-column av-align-middle av-zero-column-padding  '     ><style type=\"text\/css\" data-created_by=\"avia_inline_auto\" id=\"style-css-av-kc3azop2-c725ec13aa6918b53c6b18b0359bebd0\">\n.avia-image-container.av-kc3azop2-c725ec13aa6918b53c6b18b0359bebd0 img.avia_image{\nbox-shadow:none;\n}\n.avia-image-container.av-kc3azop2-c725ec13aa6918b53c6b18b0359bebd0 .av-image-caption-overlay-center{\ncolor:#ffffff;\n}\n<\/style>\n<div  class='avia-image-container av-kc3azop2-c725ec13aa6918b53c6b18b0359bebd0 av-styling- avia-align-center  avia-builder-el-7  avia-builder-el-no-sibling '   itemprop=\"image\" itemscope=\"itemscope\" itemtype=\"https:\/\/schema.org\/ImageObject\" ><div class=\"avia-image-container-inner\"><div class=\"avia-image-overlay-wrap\"><img decoding=\"async\" fetchpriority=\"high\" class='wp-image- avia-img-lazy-loading-not- avia_image ' src=\"https:\/\/www.timetrackapp.com\/wp-content\/uploads\/2021\/02\/Arbeitszeitaufzeichnung_Vorlage_Bild.png\" alt='' title=''   itemprop=\"thumbnailUrl\"  \/><\/div><\/div><\/div><\/div><\/div><!--close column table wrapper. Autoclose: 1 --><\/div><\/div><\/main><!-- close content main element --><\/div><\/div><\/div><div id='av_section_2'  class='avia-section av-8y3r68-c81cbec46e61a077acb62d211c798542 main_color avia-section-default avia-no-border-styling  avia-builder-el-8  el_after_av_section  el_before_av_section  avia-bg-style-scroll container_wrap fullsize'  ><div class='container av-section-cont-open' ><div class='template-page content  av-content-full alpha units'><div class='post-entry post-entry-type-page post-entry-18352'><div class='entry-content-wrapper clearfix'>\n\n<style type=\"text\/css\" data-created_by=\"avia_inline_auto\" id=\"style-css-av-23nq368-7-9fabb16bcdabc9ce24a63dc198df7d8d\">\n.flex_column.av-23nq368-7-9fabb16bcdabc9ce24a63dc198df7d8d{\nborder-radius:0px 0px 0px 0px;\npadding:0px 0px 0px 0px;\n}\n<\/style>\n<div  class='flex_column av-23nq368-7-9fabb16bcdabc9ce24a63dc198df7d8d av_one_full  avia-builder-el-9  el_before_av_one_half  avia-builder-el-first  first flex_column_div av-zero-column-padding  '     ><style type=\"text\/css\" data-created_by=\"avia_inline_auto\" id=\"style-css-av-k6gpvyjr-6-83202c07ffd6a5a8ad8b51a162d6bfbb\">\n#top .av_textblock_section.av-k6gpvyjr-6-83202c07ffd6a5a8ad8b51a162d6bfbb .avia_textblock{\ncolor:#000000;\n}\n<\/style>\n<section  class='av_textblock_section av-k6gpvyjr-6-83202c07ffd6a5a8ad8b51a162d6bfbb '   itemscope=\"itemscope\" itemtype=\"https:\/\/schema.org\/CreativeWork\" ><div class='avia_textblock av_inherit_color'  itemprop=\"text\" ><h2 style=\"text-align: center;\">Fragen rund um das Thema Arbeitszeitaufzeichnung<\/h2>\n<p style=\"text-align: center;\">&#8211;<\/p>\n<\/div><\/section><\/div>\n<style type=\"text\/css\" data-created_by=\"avia_inline_auto\" id=\"style-css-av-76p38w-0599c592affca5b7d1492178d8d2f35a\">\n.flex_column.av-76p38w-0599c592affca5b7d1492178d8d2f35a{\nborder-radius:0px 0px 0px 0px;\npadding:0px 0px 0px 0px;\n}\n<\/style>\n<div  class='flex_column av-76p38w-0599c592affca5b7d1492178d8d2f35a av_one_half  avia-builder-el-11  el_after_av_one_full  el_before_av_one_half  first flex_column_div av-zero-column-padding  column-top-margin'     ><section  class='av_textblock_section av-kbjbodwe-3dfcb9cba0f6f5140c4e512a3e9ed7b3 '   itemscope=\"itemscope\" itemtype=\"https:\/\/schema.org\/CreativeWork\" ><div class='avia_textblock'  itemprop=\"text\" ><h2>Wie verwende ich die Excel-Vorlage?<\/h2>\n<p>Mit der kostenlosen TimeTrack Arbeitszeitaufzeichnung Vorlage k\u00f6nnen Mitarbeiter ganz einfach per Excel Ihre <strong>t\u00e4glichen Arbeitszeiten erfassen<\/strong>. Bei <strong>Arbeitsbeginn<\/strong> einfach die <strong>aktuelle Uhrzeit<\/strong> im folgenden Format eintragen: <strong>XX:XX<\/strong>. Dasselbe auch am <strong>Ende des Arbeitstages<\/strong> machen. Die Excel Tabelle berechnet anhand der eingetragenen Daten die <strong>Arbeitsdauer<\/strong> des Benutzers automatisch. Vergessen Sie nicht Ihre <strong>Arbeitspausen<\/strong> einzutragen, damit diese auch in der Berechnung ber\u00fccksichtigt werden. Alle Arbeitszeiten werden im Laufe des Monats <strong>automatisch summiert<\/strong>, sodass am Monatsende \u00fcbersichtlich ist, wie viele Arbeitsstunden am Arbeitsplatz verbracht wurden. Sobald die Arbeitszeitaufzeichnung erledigt ist, kann die Vorlage ausgedruckt und unterschrieben werden: so einfach kann die <strong>Stundenerfassung<\/strong> sein!<\/p>\n<\/div><\/section><\/div>\n<style type=\"text\/css\" data-created_by=\"avia_inline_auto\" id=\"style-css-av-1ixlnv4-f12214bde4de76e2bb75e0bb2a2c892b\">\n.flex_column.av-1ixlnv4-f12214bde4de76e2bb75e0bb2a2c892b{\nborder-radius:0px 0px 0px 0px;\npadding:0px 0px 0px 0px;\n}\n<\/style>\n<div  class='flex_column av-1ixlnv4-f12214bde4de76e2bb75e0bb2a2c892b av_one_half  avia-builder-el-13  el_after_av_one_half  avia-builder-el-last  flex_column_div av-zero-column-padding  column-top-margin'     ><section  class='av_textblock_section av-kbjbodwe-3-8a65ca5709ae16e18f5d9b4980512726 '   itemscope=\"itemscope\" itemtype=\"https:\/\/schema.org\/CreativeWork\" ><div class='avia_textblock'  itemprop=\"text\" ><h2>Warum ist die Arbeitszeitaufzeichnung wichtig?<\/h2>\n<p>\u00dcber die letzten Jahren wurden immer mehr <strong>Regelungen und Gesetze<\/strong> angek\u00fcndigt, die Arbeitgeber in der DACH Region dazu auffordern, die Arbeits- und Pausenzeiten von Arbeitnehmern l\u00fcckenlos zu dokumentieren. \u00dcber diese gesetzlichen Regelungen hinaus ist die Arbeitszeitaufzeichnung der einzige Weg, um zu messen wie viel Zeit und Geld in Projekte, Auftr\u00e4ge und einzelne Aufgaben flie\u00dft. Wenn Sie also \u00fcber die einfache <strong>Erfassung Ihrer Arbeitszeiten<\/strong> am Arbeitsplatz hinausgehen m\u00f6chten und an der <strong>Verbesserung<\/strong> Ihrer <strong>Produktivit\u00e4t<\/strong> und <strong>Arbeitsprozessen<\/strong> arbeiten m\u00f6chten, wird es Zeit sich von der Excel Tabelle zu verabschieden und in die n\u00e4chste Liga aufzusteigen. Mehr erfahren Sie <a href=\"https:\/\/www.timetrackapp.com\/en\/\">hier<\/a>.<\/p>\n<\/div><\/section><\/div>\n<\/p>\n<\/div><\/div><\/div><!-- close content main div --><\/div><\/div>\n<style type=\"text\/css\" data-created_by=\"avia_inline_auto\" id=\"style-css-av-kc3cx93w-f79e15754882e4a82e62ec9b63818665\">\n.avia-section.av-kc3cx93w-f79e15754882e4a82e62ec9b63818665{\nbackground-color:#f6f7f9;\nbackground-image:unset;\n}\n<\/style>\n<div id='av_section_3'  class='avia-section av-kc3cx93w-f79e15754882e4a82e62ec9b63818665 main_color avia-section-default avia-no-border-styling  avia-builder-el-15  el_after_av_section  el_before_av_one_full  avia-bg-style-scroll container_wrap fullsize'  ><div class='container av-section-cont-open' ><div class='template-page content  av-content-full alpha units'><div class='post-entry post-entry-type-page post-entry-18352'><div class='entry-content-wrapper clearfix'>\n\n<style type=\"text\/css\" data-created_by=\"avia_inline_auto\" id=\"style-css-av-zizmmo-d168724c512aebf7e2f51a3e13507083\">\n.flex_column.av-zizmmo-d168724c512aebf7e2f51a3e13507083{\nborder-radius:0px 0px 0px 0px;\npadding:0px 0px 0px 0px;\n}\n<\/style>\n<div  class='flex_column av-zizmmo-d168724c512aebf7e2f51a3e13507083 av_one_half  avia-builder-el-16  el_before_av_one_half  avia-builder-el-first  first flex_column_div av-zero-column-padding  '     ><section  class='av_textblock_section av-kbjbodwe-2-29141ed369b164197fdb6be2d3754441 '   itemscope=\"itemscope\" itemtype=\"https:\/\/schema.org\/CreativeWork\" ><div class='avia_textblock'  itemprop=\"text\" ><h2>Excel Vorlage oder doch Zeiterfassungssoftware?<\/h2>\n<p>Die Excel Vorlage ist eine altbew\u00e4hrte Methode zur Zeiterfassung in vielen Unternehmen. W\u00e4hrend sie einfach die Arbeitszeit am Arbeitsplatz erfasst, st\u00f6\u00dft sie schnell an ihre Grenzen.\u00a0Wenn Sie Ihre Arbeits- bzw. Projektzeiten in <strong>Echtzeit<\/strong> erfassen und besser \u00fcberblicken m\u00f6chten, bietet sich eine <strong>Zeiterfassungssoftware<\/strong> als eine gute und <strong>moderne Alternative<\/strong> zur Excel und PDF Vorlage an. Die integrierte <strong>Stempeluhr<\/strong> erfasst die Arbeitszeit mit nur einem Klick und spart Ihnen im Gegensatz zur klassischen Excel Vorlage das manuelle Eintragen vom Arbeitsbeginn und Arbeitsende und dank des <strong>automatischen Pausenabzuges<\/strong>, m\u00fcssen Sie auch nicht an Ihre Pausen denken.<\/p>\n<\/div><\/section><\/div>\n<style type=\"text\/css\" data-created_by=\"avia_inline_auto\" id=\"style-css-av-ouobn4-b49890f7532f8fd3a7c1a7bdbc01463d\">\n.flex_column.av-ouobn4-b49890f7532f8fd3a7c1a7bdbc01463d{\nborder-radius:0px 0px 0px 0px;\npadding:0px 0px 0px 0px;\n}\n<\/style>\n<div  class='flex_column av-ouobn4-b49890f7532f8fd3a7c1a7bdbc01463d av_one_half  avia-builder-el-18  el_after_av_one_half  avia-builder-el-last  flex_column_div av-zero-column-padding  '     ><section  class='av_textblock_section av-kbjbodwe-1-b7bb340e69c1a7b1e3d45ca6851ffb76 '   itemscope=\"itemscope\" itemtype=\"https:\/\/schema.org\/CreativeWork\" ><div class='avia_textblock'  itemprop=\"text\" ><h2>Ist Arbeitszeiterfassung gesetzlich verpflichtend?<\/h2>\n<p>Mit dem <strong>EuGH-Urteil vom 14. Mai 2019\u00a0<\/strong>sind alle Arbeitgeber innerhalb der EU dazu verpflichtet, ein verl\u00e4ssliches System einzurichten, mit dem die Arbeitszeit aller Arbeitnehmer erfasst wird. In <strong>Deutschland<\/strong> und in <strong>\u00d6sterreich<\/strong> sind bereits die ersten Regelungen eingetreten, die Arbeitgeber dazu verpflichten, Arbeitsbeginn, Arbeitsende, sowie Pausen l\u00fcckenlos zu dokumentieren. Auch in der <strong>Schweiz<\/strong> herrscht bereits Aufzeichnungspflicht, jedoch gibt es Abweichungen, da die Schweiz kein EU-Mitgliedsstaat ist und somit nicht unmittelbar vom EuGH-Urteil betroffen ist.<\/p>\n<\/div><\/section><\/div>\n<\/div><\/div><\/div><!-- close content main div --><\/div><\/div><div id='after_section_3'  class='main_color av_default_container_wrap container_wrap fullsize'  ><div class='container av-section-cont-open' ><div class='template-page content  av-content-full alpha units'><div class='post-entry post-entry-type-page post-entry-18352'><div class='entry-content-wrapper clearfix'>\n\n<style type=\"text\/css\" data-created_by=\"avia_inline_auto\" id=\"style-css-av-23nq368-5-222a6095a41afd77a8dd571d8cf0853a\">\n.flex_column.av-23nq368-5-222a6095a41afd77a8dd571d8cf0853a{\nborder-radius:0px 0px 0px 0px;\npadding:0px 0px 0px 0px;\n}\n<\/style>\n<div  class='flex_column av-23nq368-5-222a6095a41afd77a8dd571d8cf0853a av_one_full  avia-builder-el-20  el_after_av_section  avia-builder-el-no-sibling  first flex_column_div av-zero-column-padding  '     ><style type=\"text\/css\" data-created_by=\"avia_inline_auto\" id=\"style-css-av-k6gpvyjr-4-d4489c742bb9b2cb03290d7d63b30b9e\">\n#top .av_textblock_section.av-k6gpvyjr-4-d4489c742bb9b2cb03290d7d63b30b9e .avia_textblock{\ncolor:#000000;\n}\n<\/style>\n<section  class='av_textblock_section av-k6gpvyjr-4-d4489c742bb9b2cb03290d7d63b30b9e '   itemscope=\"itemscope\" itemtype=\"https:\/\/schema.org\/CreativeWork\" ><div class='avia_textblock av_inherit_color'  itemprop=\"text\" ><h2 style=\"text-align: center;\">Arbeitszeiten mit TimeTrack aufzeichnen<\/h2>\n<p style=\"text-align: center;\">&#8211;<\/p>\n<p style=\"text-align: center;\">Sich t\u00e4glich mit der Arbeitszeitaufzeichnung zu besch\u00e4ftigen, kann langfristig ein recht m\u00fchsamer und aufwendiger Prozess sein. Genau hier hilft <strong>TimeTrack<\/strong>: Mit nur ein paar Klicks kann die Arbeitszeit aller Mitarbeiter l\u00fcckenlos dokumentiert werden.\u00a0Aus den erfassten Zeiten generiert TimeTrack automatisch Ihren Stundenzettel. Wie Sie sehen k\u00f6nnen, muss Zeiterfassung nicht immer m\u00fchsam sein. Im Gegenteil, mit TimeTrack ist alles <strong>einfach<\/strong> und <strong>zuverl\u00e4ssig<\/strong>.<\/p>\n<\/div><\/section><br \/>\n\n<style type=\"text\/css\" data-created_by=\"avia_inline_auto\" id=\"style-css-av-kc5xr45z-fb5d4c22152ee13d79b7ac6e299d5294\">\n#top .hr.av-kc5xr45z-fb5d4c22152ee13d79b7ac6e299d5294{\nmargin-top:20px;\nmargin-bottom:20px;\n}\n.hr.av-kc5xr45z-fb5d4c22152ee13d79b7ac6e299d5294 .hr-inner{\nwidth:50px;\n}\n<\/style>\n<div  class='hr av-kc5xr45z-fb5d4c22152ee13d79b7ac6e299d5294 hr-custom  avia-builder-el-22  el_after_av_textblock  el_before_av_textblock  hr-center hr-icon-no'><span class='hr-inner inner-border-av-border-none'><span class=\"hr-inner-style\"><\/span><\/span><\/div><br \/>\n<section  class='av_textblock_section av-k6kz7ej4-545e4dad310583d5a71ec80fdda7295a '   itemscope=\"itemscope\" itemtype=\"https:\/\/schema.org\/CreativeWork\" ><div class='avia_textblock'  itemprop=\"text\" ><div style=\"text-align: center;\">\n<p><a class=\"pricing_button button_inline\" style=\"background-color: #0154ff; margin: 0 auto; width: 190px;\" href=\"https:\/\/cloud.timetrackenterprise.com\/#\/registration?_ga=2.61498092.112762298.1593758804-1588927838.1593758804\">Jetzt kostenlos testen<\/a><\/p>\n<\/div>\n<\/div><\/section><\/p><\/div>\n","protected":false},"excerpt":{"rendered":"","protected":false},"author":43,"featured_media":0,"parent":0,"menu_order":0,"comment_status":"closed","ping_status":"closed","template":"","meta":{"footnotes":""},"categories":[],"tags":[],"class_list":["post-18352","page","type-page","status-publish","hentry"],"yoast_head":"<!-- This site is optimized with the Yoast SEO plugin v27.5 - https:\/\/yoast.com\/product\/yoast-seo-wordpress\/ -->\n<title>Free Time Tracking Template - TimeTrack Templates<\/title>\n<meta name=\"description\" content=\"Record the working hours of all employees quickly and easily. Download the free timesheet template now.\" \/>\n<meta name=\"robots\" content=\"index, follow, max-snippet:-1, max-image-preview:large, max-video-preview:-1\" \/>\n<link rel=\"canonical\" href=\"https:\/\/www.timetrackapp.com\/en\/arbeitszeitaufzeichnung-vorlage\/\" \/>\n<meta property=\"og:locale\" content=\"en_US\" \/>\n<meta property=\"og:type\" content=\"article\" \/>\n<meta property=\"og:title\" content=\"Free Time Tracking Template - TimeTrack Templates\" \/>\n<meta property=\"og:description\" content=\"Record the working hours of all employees quickly and easily. Download the free timesheet template now.\" \/>\n<meta property=\"og:url\" content=\"https:\/\/www.timetrackapp.com\/en\/arbeitszeitaufzeichnung-vorlage\/\" \/>\n<meta property=\"og:site_name\" content=\"Timetrack App - Zeiterfassung f\u00fcr Einzelunternehmer &amp; Teams\" \/>\n<meta property=\"article:publisher\" content=\"https:\/\/www.facebook.com\/App.TimeTrack\" \/>\n<meta property=\"article:modified_time\" content=\"2023-02-24T12:04:38+00:00\" \/>\n<meta name=\"twitter:card\" content=\"summary_large_image\" \/>\n<meta name=\"twitter:site\" content=\"@timetrackapp\" \/>\n<meta name=\"twitter:label1\" content=\"Est. reading time\" \/>\n\t<meta name=\"twitter:data1\" content=\"12 minutes\" \/>\n<script type=\"application\/ld+json\" class=\"yoast-schema-graph\">{\"@context\":\"https:\\\/\\\/schema.org\",\"@graph\":[{\"@type\":\"WebPage\",\"@id\":\"https:\\\/\\\/www.timetrackapp.com\\\/en\\\/arbeitszeitaufzeichnung-vorlage\\\/\",\"url\":\"https:\\\/\\\/www.timetrackapp.com\\\/en\\\/arbeitszeitaufzeichnung-vorlage\\\/\",\"name\":\"Free Time Tracking Template - TimeTrack Templates\",\"isPartOf\":{\"@id\":\"https:\\\/\\\/www.timetrackapp.com\\\/en\\\/#website\"},\"datePublished\":\"2021-02-04T09:10:02+00:00\",\"dateModified\":\"2023-02-24T12:04:38+00:00\",\"description\":\"Record the working hours of all employees quickly and easily. Download the free timesheet template now.\",\"breadcrumb\":{\"@id\":\"https:\\\/\\\/www.timetrackapp.com\\\/en\\\/arbeitszeitaufzeichnung-vorlage\\\/#breadcrumb\"},\"inLanguage\":\"en-US\",\"potentialAction\":[{\"@type\":\"ReadAction\",\"target\":[\"https:\\\/\\\/www.timetrackapp.com\\\/en\\\/arbeitszeitaufzeichnung-vorlage\\\/\"]}]},{\"@type\":\"BreadcrumbList\",\"@id\":\"https:\\\/\\\/www.timetrackapp.com\\\/en\\\/arbeitszeitaufzeichnung-vorlage\\\/#breadcrumb\",\"itemListElement\":[{\"@type\":\"ListItem\",\"position\":1,\"name\":\"Startseite\",\"item\":\"https:\\\/\\\/www.timetrackapp.com\\\/en\\\/\"},{\"@type\":\"ListItem\",\"position\":2,\"name\":\"Timesheet template\"}]},{\"@type\":\"WebSite\",\"@id\":\"https:\\\/\\\/www.timetrackapp.com\\\/en\\\/#website\",\"url\":\"https:\\\/\\\/www.timetrackapp.com\\\/en\\\/\",\"name\":\"TimeTrack - Projektzeiterfassung f\u00fcr Unternehmen\",\"description\":\"F\u00fcr mittelst\u00e4ndische und gro\u00dfe Unternehmen mit komplexen Anforderungen\",\"publisher\":{\"@id\":\"https:\\\/\\\/www.timetrackapp.com\\\/en\\\/#organization\"},\"potentialAction\":[{\"@type\":\"SearchAction\",\"target\":{\"@type\":\"EntryPoint\",\"urlTemplate\":\"https:\\\/\\\/www.timetrackapp.com\\\/en\\\/?s={search_term_string}\"},\"query-input\":{\"@type\":\"PropertyValueSpecification\",\"valueRequired\":true,\"valueName\":\"search_term_string\"}}],\"inLanguage\":\"en-US\"},{\"@type\":\"Organization\",\"@id\":\"https:\\\/\\\/www.timetrackapp.com\\\/en\\\/#organization\",\"name\":\"TimeTrack\",\"url\":\"https:\\\/\\\/www.timetrackapp.com\\\/en\\\/\",\"logo\":{\"@type\":\"ImageObject\",\"inLanguage\":\"en-US\",\"@id\":\"https:\\\/\\\/www.timetrackapp.com\\\/en\\\/#\\\/schema\\\/logo\\\/image\\\/\",\"url\":\"https:\\\/\\\/www.timetrackapp.com\\\/wp-content\\\/uploads\\\/2025\\\/08\\\/logo_round.png\",\"contentUrl\":\"https:\\\/\\\/www.timetrackapp.com\\\/wp-content\\\/uploads\\\/2025\\\/08\\\/logo_round.png\",\"width\":512,\"height\":512,\"caption\":\"TimeTrack\"},\"image\":{\"@id\":\"https:\\\/\\\/www.timetrackapp.com\\\/en\\\/#\\\/schema\\\/logo\\\/image\\\/\"},\"sameAs\":[\"https:\\\/\\\/www.facebook.com\\\/App.TimeTrack\",\"https:\\\/\\\/x.com\\\/timetrackapp\"]}]}<\/script>\n<!-- \/ Yoast SEO plugin. -->","yoast_head_json":{"title":"Free Time Tracking Template - TimeTrack Templates","description":"Record the working hours of all employees quickly and easily. Download the free timesheet template now.","robots":{"index":"index","follow":"follow","max-snippet":"max-snippet:-1","max-image-preview":"max-image-preview:large","max-video-preview":"max-video-preview:-1"},"canonical":"https:\/\/www.timetrackapp.com\/en\/arbeitszeitaufzeichnung-vorlage\/","og_locale":"en_US","og_type":"article","og_title":"Free Time Tracking Template - TimeTrack Templates","og_description":"Record the working hours of all employees quickly and easily. Download the free timesheet template now.","og_url":"https:\/\/www.timetrackapp.com\/en\/arbeitszeitaufzeichnung-vorlage\/","og_site_name":"Timetrack App - Zeiterfassung f\u00fcr Einzelunternehmer &amp; Teams","article_publisher":"https:\/\/www.facebook.com\/App.TimeTrack","article_modified_time":"2023-02-24T12:04:38+00:00","twitter_card":"summary_large_image","twitter_site":"@timetrackapp","twitter_misc":{"Est. reading time":"12 minutes"},"schema":{"@context":"https:\/\/schema.org","@graph":[{"@type":"WebPage","@id":"https:\/\/www.timetrackapp.com\/en\/arbeitszeitaufzeichnung-vorlage\/","url":"https:\/\/www.timetrackapp.com\/en\/arbeitszeitaufzeichnung-vorlage\/","name":"Free Time Tracking Template - TimeTrack Templates","isPartOf":{"@id":"https:\/\/www.timetrackapp.com\/en\/#website"},"datePublished":"2021-02-04T09:10:02+00:00","dateModified":"2023-02-24T12:04:38+00:00","description":"Record the working hours of all employees quickly and easily. Download the free timesheet template now.","breadcrumb":{"@id":"https:\/\/www.timetrackapp.com\/en\/arbeitszeitaufzeichnung-vorlage\/#breadcrumb"},"inLanguage":"en-US","potentialAction":[{"@type":"ReadAction","target":["https:\/\/www.timetrackapp.com\/en\/arbeitszeitaufzeichnung-vorlage\/"]}]},{"@type":"BreadcrumbList","@id":"https:\/\/www.timetrackapp.com\/en\/arbeitszeitaufzeichnung-vorlage\/#breadcrumb","itemListElement":[{"@type":"ListItem","position":1,"name":"Startseite","item":"https:\/\/www.timetrackapp.com\/en\/"},{"@type":"ListItem","position":2,"name":"Timesheet template"}]},{"@type":"WebSite","@id":"https:\/\/www.timetrackapp.com\/en\/#website","url":"https:\/\/www.timetrackapp.com\/en\/","name":"TimeTrack - Projektzeiterfassung f\u00fcr Unternehmen","description":"F\u00fcr mittelst\u00e4ndische und gro\u00dfe Unternehmen mit komplexen Anforderungen","publisher":{"@id":"https:\/\/www.timetrackapp.com\/en\/#organization"},"potentialAction":[{"@type":"SearchAction","target":{"@type":"EntryPoint","urlTemplate":"https:\/\/www.timetrackapp.com\/en\/?s={search_term_string}"},"query-input":{"@type":"PropertyValueSpecification","valueRequired":true,"valueName":"search_term_string"}}],"inLanguage":"en-US"},{"@type":"Organization","@id":"https:\/\/www.timetrackapp.com\/en\/#organization","name":"TimeTrack","url":"https:\/\/www.timetrackapp.com\/en\/","logo":{"@type":"ImageObject","inLanguage":"en-US","@id":"https:\/\/www.timetrackapp.com\/en\/#\/schema\/logo\/image\/","url":"https:\/\/www.timetrackapp.com\/wp-content\/uploads\/2025\/08\/logo_round.png","contentUrl":"https:\/\/www.timetrackapp.com\/wp-content\/uploads\/2025\/08\/logo_round.png","width":512,"height":512,"caption":"TimeTrack"},"image":{"@id":"https:\/\/www.timetrackapp.com\/en\/#\/schema\/logo\/image\/"},"sameAs":["https:\/\/www.facebook.com\/App.TimeTrack","https:\/\/x.com\/timetrackapp"]}]}},"_links":{"self":[{"href":"https:\/\/www.timetrackapp.com\/en\/wp-json\/wp\/v2\/pages\/18352","targetHints":{"allow":["GET"]}}],"collection":[{"href":"https:\/\/www.timetrackapp.com\/en\/wp-json\/wp\/v2\/pages"}],"about":[{"href":"https:\/\/www.timetrackapp.com\/en\/wp-json\/wp\/v2\/types\/page"}],"author":[{"embeddable":true,"href":"https:\/\/www.timetrackapp.com\/en\/wp-json\/wp\/v2\/users\/43"}],"replies":[{"embeddable":true,"href":"https:\/\/www.timetrackapp.com\/en\/wp-json\/wp\/v2\/comments?post=18352"}],"version-history":[{"count":0,"href":"https:\/\/www.timetrackapp.com\/en\/wp-json\/wp\/v2\/pages\/18352\/revisions"}],"wp:attachment":[{"href":"https:\/\/www.timetrackapp.com\/en\/wp-json\/wp\/v2\/media?parent=18352"}],"wp:term":[{"taxonomy":"category","embeddable":true,"href":"https:\/\/www.timetrackapp.com\/en\/wp-json\/wp\/v2\/categories?post=18352"},{"taxonomy":"post_tag","embeddable":true,"href":"https:\/\/www.timetrackapp.com\/en\/wp-json\/wp\/v2\/tags?post=18352"}],"curies":[{"name":"wp","href":"https:\/\/api.w.org\/{rel}","templated":true}]}}