{"id":19095,"date":"2021-09-16T15:21:32","date_gmt":"2021-09-16T13:21:32","guid":{"rendered":"https:\/\/www.timetrackapp.com\/info-center\/qr-code\/"},"modified":"2025-04-22T11:19:55","modified_gmt":"2025-04-22T09:19:55","slug":"qr-code","status":"publish","type":"page","link":"https:\/\/www.timetrackapp.com\/en\/info-center\/qr-code\/","title":{"rendered":"QR Code"},"content":{"rendered":"\n<style type=\"text\/css\" data-created_by=\"avia_inline_auto\" id=\"style-css-av-1v69ou-4543f5abbb4dddf16e46ee95f1c620d4\">\n.avia-section.av-1v69ou-4543f5abbb4dddf16e46ee95f1c620d4{\nbackground-repeat:no-repeat;\nbackground-image:url(https:\/\/www.timetrackapp.com\/wp-content\/uploads\/2022\/04\/header-4.png);\nbackground-position:50% 50%;\nbackground-attachment:scroll;\n}\n<\/style>\n<div id='av_section_1'  class='avia-section av-1v69ou-4543f5abbb4dddf16e46ee95f1c620d4 main_color avia-section-no-padding avia-no-border-styling  avia-builder-el-0  el_before_av_section  avia-builder-el-first  avia-bg-style-scroll av-minimum-height av-minimum-height-custom av-height-custom  container_wrap fullsize'  data-section-bg-repeat='no-repeat' data-av_minimum_height_px='500'><div class='container av-section-cont-open' style='height:500px'><main  role=\"main\" itemprop=\"mainContentOfPage\"  class='template-page content  av-content-full alpha units'><div class='post-entry post-entry-type-page post-entry-19095'><div class='entry-content-wrapper clearfix'>\n\n<style type=\"text\/css\" data-created_by=\"avia_inline_auto\" id=\"style-css-av-k6gpvyjr-f9486aa3c1fabed267f0773df6d7b850\">\n#top .av_textblock_section.av-k6gpvyjr-f9486aa3c1fabed267f0773df6d7b850 .avia_textblock{\ncolor:#ffffff;\n}\n<\/style>\n<section  class='av_textblock_section av-k6gpvyjr-f9486aa3c1fabed267f0773df6d7b850 '   itemscope=\"itemscope\" itemtype=\"https:\/\/schema.org\/CreativeWork\" ><div class='avia_textblock av_inherit_color'  itemprop=\"text\" ><h1 class=\"custom_h1\">QR Code<\/h1>\n<\/div><\/section>\n\n<\/div><\/div><\/main><!-- close content main element --><\/div><\/div>\n<style type=\"text\/css\" data-created_by=\"avia_inline_auto\" id=\"style-css-av-k6gtk28y-8b4163c2a0944ea231484dec6f658ff0\">\n.avia-section.av-k6gtk28y-8b4163c2a0944ea231484dec6f658ff0{\nbackground-color:#fffcfc;\nbackground-image:unset;\n}\n<\/style>\n<div id='macbook-flex-mobile'  class='avia-section av-k6gtk28y-8b4163c2a0944ea231484dec6f658ff0 main_color avia-section-large avia-no-border-styling  avia-builder-el-2  el_after_av_section  el_before_av_section  avia-bg-style-scroll container_wrap fullsize'  ><div class='container av-section-cont-open' ><div class='template-page content  av-content-full alpha units'><div class='post-entry post-entry-type-page post-entry-19095'><div class='entry-content-wrapper clearfix'>\n<div class='flex_column_table av-24ucjy-69b24472c7117e37ff43435e82130bc9 sc-av_two_fifth av-equal-height-column-flextable'>\n<style type=\"text\/css\" data-created_by=\"avia_inline_auto\" id=\"style-css-av-24ucjy-69b24472c7117e37ff43435e82130bc9\">\n.flex_column.av-24ucjy-69b24472c7117e37ff43435e82130bc9{\nborder-radius:0px 0px 0px 0px;\npadding:0px 0px 0px 0px;\n}\n<\/style>\n<div  class='flex_column av-24ucjy-69b24472c7117e37ff43435e82130bc9 av_two_fifth  avia-builder-el-3  el_before_av_three_fifth  avia-builder-el-first  first flex_column_table_cell av-equal-height-column av-align-middle av-animated-generic left-to-right av-zero-column-padding  '     ><style type=\"text\/css\" data-created_by=\"avia_inline_auto\" id=\"style-css-av-1iu3cte-f904ca85483d300348c6ce8572a55400\">\n.avia-image-container.av-1iu3cte-f904ca85483d300348c6ce8572a55400 img.avia_image{\nbox-shadow:none;\n}\n.avia-image-container.av-1iu3cte-f904ca85483d300348c6ce8572a55400 .av-image-caption-overlay-center{\ncolor:#ffffff;\n}\n<\/style>\n<div  class='avia-image-container av-1iu3cte-f904ca85483d300348c6ce8572a55400 av-styling- av-img-linked avia-align-center  avia-builder-el-4  avia-builder-el-no-sibling '   itemprop=\"image\" itemscope=\"itemscope\" itemtype=\"https:\/\/schema.org\/ImageObject\" ><div class=\"avia-image-container-inner\"><div class=\"avia-image-overlay-wrap\"><a href=\"https:\/\/www.timetrackapp.com\/wp-content\/uploads\/2021\/09\/qr-code-project-timer-e1632816248124.png\" data-srcset=\"https:\/\/www.timetrackapp.com\/wp-content\/uploads\/2021\/09\/qr-code-project-timer-e1632816248124.png 350w, https:\/\/www.timetrackapp.com\/wp-content\/uploads\/2021\/09\/qr-code-project-timer-e1632816248124-139x300.png 139w, https:\/\/www.timetrackapp.com\/wp-content\/uploads\/2021\/09\/qr-code-project-timer-e1632816248124-326x705.png 326w\" data-sizes=\"(max-width: 350px) 100vw, 350px\" class='avia_image '  ><img decoding=\"async\" fetchpriority=\"high\" class='wp-image-19099 avia-img-lazy-loading-not-19099 avia_image ' src=\"https:\/\/www.timetrackapp.com\/wp-content\/uploads\/2021\/09\/qr-code-project-timer-e1632816248124.png\" alt='QR Code Project Timer' title=''  height=\"758\" width=\"350\"  itemprop=\"thumbnailUrl\" srcset=\"https:\/\/www.timetrackapp.com\/wp-content\/uploads\/2021\/09\/qr-code-project-timer-e1632816248124.png 350w, https:\/\/www.timetrackapp.com\/wp-content\/uploads\/2021\/09\/qr-code-project-timer-e1632816248124-139x300.png 139w, https:\/\/www.timetrackapp.com\/wp-content\/uploads\/2021\/09\/qr-code-project-timer-e1632816248124-326x705.png 326w\" sizes=\"(max-width: 350px) 100vw, 350px\" \/><\/a><\/div><\/div><\/div><\/div><div class='av-flex-placeholder'><\/div>\n<style type=\"text\/css\" data-created_by=\"avia_inline_auto\" id=\"style-css-av-4sc29q-39efc36308f0323db3e541535d187f17\">\n.flex_column.av-4sc29q-39efc36308f0323db3e541535d187f17{\nborder-radius:0px 0px 0px 0px;\npadding:0px 0px 0px 0px;\n}\n<\/style>\n<div  class='flex_column av-4sc29q-39efc36308f0323db3e541535d187f17 av_three_fifth  avia-builder-el-5  el_after_av_two_fifth  avia-builder-el-last  flex_column_table_cell av-equal-height-column av-align-middle av-zero-column-padding  '     ><section  class='av_textblock_section av-k6gu7ltz-588363cfafdbc7567a53b63bca9ace09 '   itemscope=\"itemscope\" itemtype=\"https:\/\/schema.org\/CreativeWork\" ><div class='avia_textblock'  itemprop=\"text\" ><h2>Document Project Hours Using a QR Code<\/h2>\n<hr \/>\n<p><span style=\"font-weight: 400;\">\u00a0<\/span>To further simplify the project time tracking for your employees, you can also use a QR code to document your project hours.<\/p>\n<p>For this purpose, a code must simply be created externally with the help of a <strong>QR code generator<\/strong>, to which a <strong>project<\/strong> with <strong>customer<\/strong> and <strong>activity<\/strong> is assigned (format: Client###Project###Task). When the code is <strong>scanned<\/strong>, the <strong>project timer is started automatically<\/strong>. Upon completion, the project hours will be recorded in the system after rescanning. Employees only need to be given a printout of the code or have the code displayed on site in the form of a sticker or sign.<\/p>\n<p>This method is particularly popular with companies in the <strong>construction, cleaning, trades, security services and service industries<\/strong>.<\/p>\n<\/div><\/section><\/div><\/div><!--close column table wrapper. Autoclose: 1 -->\n\n<\/div><\/div><\/div><!-- close content main div --><\/div><\/div>\n<style type=\"text\/css\" data-created_by=\"avia_inline_auto\" id=\"style-css-av-kou4ulk1-f5eca97098fc8a4b6d44b9052269b3a6\">\n.avia-section.av-kou4ulk1-f5eca97098fc8a4b6d44b9052269b3a6{\nbackground-color:#f6f7f9;\nbackground-image:unset;\n}\n<\/style>\n<div id='av_section_3'  class='avia-section av-kou4ulk1-f5eca97098fc8a4b6d44b9052269b3a6 main_color avia-section-default avia-no-border-styling  avia-builder-el-7  el_after_av_section  avia-builder-el-last  avia-bg-style-scroll container_wrap fullsize'  ><div class='container av-section-cont-open' ><div class='template-page content  av-content-full alpha units'><div class='post-entry post-entry-type-page post-entry-19095'><div class='entry-content-wrapper clearfix'>\n\n<style type=\"text\/css\" data-created_by=\"avia_inline_auto\" id=\"style-css-av-11fgg2j-aee19920629fcc36177972475fd4c3bf\">\n.flex_column.av-11fgg2j-aee19920629fcc36177972475fd4c3bf{\nborder-radius:0px 0px 0px 0px;\npadding:0px 0px 0px 0px;\n}\n<\/style>\n<div  class='flex_column av-11fgg2j-aee19920629fcc36177972475fd4c3bf av_one_fourth  avia-builder-el-8  el_before_av_three_fourth  avia-builder-el-first  first flex_column_div av-zero-column-padding  '     ><style type=\"text\/css\" data-created_by=\"avia_inline_auto\" id=\"style-css-av-kou4lj2l-d0bfaef08a91baf66eb09f56edb35ef3\">\n.avia-image-container.av-kou4lj2l-d0bfaef08a91baf66eb09f56edb35ef3 img.avia_image{\nbox-shadow:none;\n}\n.avia-image-container.av-kou4lj2l-d0bfaef08a91baf66eb09f56edb35ef3 .av-image-caption-overlay-center{\ncolor:#ffffff;\n}\n<\/style>\n<div  class='avia-image-container av-kou4lj2l-d0bfaef08a91baf66eb09f56edb35ef3 av-styling- avia-align-center  avia-builder-el-9  avia-builder-el-no-sibling '   itemprop=\"image\" itemscope=\"itemscope\" itemtype=\"https:\/\/schema.org\/ImageObject\" ><div class=\"avia-image-container-inner\"><div class=\"avia-image-overlay-wrap\"><img decoding=\"async\" fetchpriority=\"high\" class='wp-image-49518 avia-img-lazy-loading-not-49518 avia_image ' src=\"https:\/\/www.timetrackapp.com\/wp-content\/uploads\/2024\/02\/Polina.png\" alt='' title='Polina'  height=\"638\" width=\"616\"  itemprop=\"thumbnailUrl\" srcset=\"https:\/\/www.timetrackapp.com\/wp-content\/uploads\/2024\/02\/Polina.png 616w, https:\/\/www.timetrackapp.com\/wp-content\/uploads\/2024\/02\/Polina-290x300.png 290w, https:\/\/www.timetrackapp.com\/wp-content\/uploads\/2024\/02\/Polina-36x36.png 36w, https:\/\/www.timetrackapp.com\/wp-content\/uploads\/2024\/02\/Polina-595xh.png 595w\" sizes=\"(max-width: 616px) 100vw, 616px\" \/><\/div><\/div><\/div><\/div>\n<style type=\"text\/css\" data-created_by=\"avia_inline_auto\" id=\"style-css-av-2e5n0b-6997319291afd45d7710274255068c8e\">\n.flex_column.av-2e5n0b-6997319291afd45d7710274255068c8e{\nborder-radius:0px 0px 0px 0px;\npadding:0px 0px 0px 0px;\n}\n<\/style>\n<div  class='flex_column av-2e5n0b-6997319291afd45d7710274255068c8e av_three_fourth  avia-builder-el-10  el_after_av_one_fourth  avia-builder-el-last  flex_column_div av-zero-column-padding  '     ><p>\n<style type=\"text\/css\" data-created_by=\"avia_inline_auto\" id=\"style-css-av-kou4vu7l-b78063b5fe39ef1a027487d4b7453574\">\n#top .hr.av-kou4vu7l-b78063b5fe39ef1a027487d4b7453574{\nmargin-top:15px;\nmargin-bottom:15px;\n}\n.hr.av-kou4vu7l-b78063b5fe39ef1a027487d4b7453574 .hr-inner{\nwidth:50px;\n}\n<\/style>\n<div  class='hr av-kou4vu7l-b78063b5fe39ef1a027487d4b7453574 hr-custom  avia-builder-el-11  el_before_av_textblock  avia-builder-el-first  hr-center hr-icon-no'><span class='hr-inner inner-border-av-border-none'><span class=\"hr-inner-style\"><\/span><\/span><\/div><br \/>\n<section  class='av_textblock_section av-kou4sdkl-98c8b90f2b8cb596f7699f0ec37349b3 '   itemscope=\"itemscope\" itemtype=\"https:\/\/schema.org\/CreativeWork\" ><div class='avia_textblock'  itemprop=\"text\" ><h3>Do you have more questions?<\/h3>\n<p>We are happy to help you!<\/p>\n<p>Contact Polina from our support team:<\/p>\n<p><a href=\"mailto:support@timetrackenterprise.com\">support@timetrackenterprise.com<\/a><\/p>\n<\/div><\/section><br \/>\n\n<style type=\"text\/css\" data-created_by=\"avia_inline_auto\" id=\"style-css-av-kou4vu7l-350f3327014105e58f4c5b992c3f9a07\">\n#top .hr.av-kou4vu7l-350f3327014105e58f4c5b992c3f9a07{\nmargin-top:10px;\nmargin-bottom:10px;\n}\n.hr.av-kou4vu7l-350f3327014105e58f4c5b992c3f9a07 .hr-inner{\nwidth:50px;\n}\n<\/style>\n<div  class='hr av-kou4vu7l-350f3327014105e58f4c5b992c3f9a07 hr-custom  avia-builder-el-13  el_after_av_textblock  avia-builder-el-last  hr-center hr-icon-no'><span class='hr-inner inner-border-av-border-none'><span class=\"hr-inner-style\"><\/span><\/span><\/div><\/p><\/div>\n","protected":false},"excerpt":{"rendered":"","protected":false},"author":43,"featured_media":0,"parent":18560,"menu_order":0,"comment_status":"closed","ping_status":"closed","template":"","meta":{"footnotes":""},"categories":[],"tags":[],"class_list":["post-19095","page","type-page","status-publish","hentry","info_center_category-search-info-center-en"],"yoast_head":"<!-- This site is optimized with the Yoast SEO plugin v27.5 - https:\/\/yoast.com\/product\/yoast-seo-wordpress\/ -->\n<title>Project Time Tracking mit QR Code - TimeTrack Info Center<\/title>\n<meta name=\"description\" content=\"Scan the QR code to start the project timer automatically. When scanning again, the time entry will be recorded in the system.\" \/>\n<meta name=\"robots\" content=\"noindex, nofollow\" \/>\n<meta property=\"og:locale\" content=\"en_US\" \/>\n<meta property=\"og:type\" content=\"article\" \/>\n<meta property=\"og:title\" content=\"Project Time Tracking mit QR Code - TimeTrack Info Center\" \/>\n<meta property=\"og:description\" content=\"Scan the QR code to start the project timer automatically. When scanning again, the time entry will be recorded in the system.\" \/>\n<meta property=\"og:url\" content=\"https:\/\/www.timetrackapp.com\/en\/info-center\/qr-code\/\" \/>\n<meta property=\"og:site_name\" content=\"Timetrack App - Zeiterfassung f\u00fcr Einzelunternehmer &amp; Teams\" \/>\n<meta property=\"article:publisher\" content=\"https:\/\/www.facebook.com\/App.TimeTrack\" \/>\n<meta property=\"article:modified_time\" content=\"2025-04-22T09:19:55+00:00\" \/>\n<meta name=\"twitter:card\" content=\"summary_large_image\" \/>\n<meta name=\"twitter:site\" content=\"@timetrackapp\" \/>\n<meta name=\"twitter:label1\" content=\"Est. reading time\" \/>\n\t<meta name=\"twitter:data1\" content=\"2 minutes\" \/>\n<script type=\"application\/ld+json\" class=\"yoast-schema-graph\">{\"@context\":\"https:\\\/\\\/schema.org\",\"@graph\":[{\"@type\":\"WebPage\",\"@id\":\"https:\\\/\\\/www.timetrackapp.com\\\/en\\\/info-center\\\/qr-code\\\/\",\"url\":\"https:\\\/\\\/www.timetrackapp.com\\\/en\\\/info-center\\\/qr-code\\\/\",\"name\":\"Project Time Tracking mit QR Code - TimeTrack Info Center\",\"isPartOf\":{\"@id\":\"https:\\\/\\\/www.timetrackapp.com\\\/en\\\/#website\"},\"datePublished\":\"2021-09-16T13:21:32+00:00\",\"dateModified\":\"2025-04-22T09:19:55+00:00\",\"description\":\"Scan the QR code to start the project timer automatically. When scanning again, the time entry will be recorded in the system.\",\"breadcrumb\":{\"@id\":\"https:\\\/\\\/www.timetrackapp.com\\\/en\\\/info-center\\\/qr-code\\\/#breadcrumb\"},\"inLanguage\":\"en-US\",\"potentialAction\":[{\"@type\":\"ReadAction\",\"target\":[\"https:\\\/\\\/www.timetrackapp.com\\\/en\\\/info-center\\\/qr-code\\\/\"]}]},{\"@type\":\"BreadcrumbList\",\"@id\":\"https:\\\/\\\/www.timetrackapp.com\\\/en\\\/info-center\\\/qr-code\\\/#breadcrumb\",\"itemListElement\":[{\"@type\":\"ListItem\",\"position\":1,\"name\":\"Startseite\",\"item\":\"https:\\\/\\\/www.timetrackapp.com\\\/en\\\/\"},{\"@type\":\"ListItem\",\"position\":2,\"name\":\"Info Center\",\"item\":\"https:\\\/\\\/www.timetrackapp.com\\\/en\\\/info-center\\\/\"},{\"@type\":\"ListItem\",\"position\":3,\"name\":\"QR Code\"}]},{\"@type\":\"WebSite\",\"@id\":\"https:\\\/\\\/www.timetrackapp.com\\\/en\\\/#website\",\"url\":\"https:\\\/\\\/www.timetrackapp.com\\\/en\\\/\",\"name\":\"TimeTrack - Projektzeiterfassung f\u00fcr Unternehmen\",\"description\":\"F\u00fcr mittelst\u00e4ndische und gro\u00dfe Unternehmen mit komplexen Anforderungen\",\"publisher\":{\"@id\":\"https:\\\/\\\/www.timetrackapp.com\\\/en\\\/#organization\"},\"potentialAction\":[{\"@type\":\"SearchAction\",\"target\":{\"@type\":\"EntryPoint\",\"urlTemplate\":\"https:\\\/\\\/www.timetrackapp.com\\\/en\\\/?s={search_term_string}\"},\"query-input\":{\"@type\":\"PropertyValueSpecification\",\"valueRequired\":true,\"valueName\":\"search_term_string\"}}],\"inLanguage\":\"en-US\"},{\"@type\":\"Organization\",\"@id\":\"https:\\\/\\\/www.timetrackapp.com\\\/en\\\/#organization\",\"name\":\"TimeTrack\",\"url\":\"https:\\\/\\\/www.timetrackapp.com\\\/en\\\/\",\"logo\":{\"@type\":\"ImageObject\",\"inLanguage\":\"en-US\",\"@id\":\"https:\\\/\\\/www.timetrackapp.com\\\/en\\\/#\\\/schema\\\/logo\\\/image\\\/\",\"url\":\"https:\\\/\\\/www.timetrackapp.com\\\/wp-content\\\/uploads\\\/2025\\\/08\\\/logo_round.png\",\"contentUrl\":\"https:\\\/\\\/www.timetrackapp.com\\\/wp-content\\\/uploads\\\/2025\\\/08\\\/logo_round.png\",\"width\":512,\"height\":512,\"caption\":\"TimeTrack\"},\"image\":{\"@id\":\"https:\\\/\\\/www.timetrackapp.com\\\/en\\\/#\\\/schema\\\/logo\\\/image\\\/\"},\"sameAs\":[\"https:\\\/\\\/www.facebook.com\\\/App.TimeTrack\",\"https:\\\/\\\/x.com\\\/timetrackapp\"]}]}<\/script>\n<!-- \/ Yoast SEO plugin. -->","yoast_head_json":{"title":"Project Time Tracking mit QR Code - TimeTrack Info Center","description":"Scan the QR code to start the project timer automatically. When scanning again, the time entry will be recorded in the system.","robots":{"index":"noindex","follow":"nofollow"},"og_locale":"en_US","og_type":"article","og_title":"Project Time Tracking mit QR Code - TimeTrack Info Center","og_description":"Scan the QR code to start the project timer automatically. When scanning again, the time entry will be recorded in the system.","og_url":"https:\/\/www.timetrackapp.com\/en\/info-center\/qr-code\/","og_site_name":"Timetrack App - Zeiterfassung f\u00fcr Einzelunternehmer &amp; Teams","article_publisher":"https:\/\/www.facebook.com\/App.TimeTrack","article_modified_time":"2025-04-22T09:19:55+00:00","twitter_card":"summary_large_image","twitter_site":"@timetrackapp","twitter_misc":{"Est. reading time":"2 minutes"},"schema":{"@context":"https:\/\/schema.org","@graph":[{"@type":"WebPage","@id":"https:\/\/www.timetrackapp.com\/en\/info-center\/qr-code\/","url":"https:\/\/www.timetrackapp.com\/en\/info-center\/qr-code\/","name":"Project Time Tracking mit QR Code - TimeTrack Info Center","isPartOf":{"@id":"https:\/\/www.timetrackapp.com\/en\/#website"},"datePublished":"2021-09-16T13:21:32+00:00","dateModified":"2025-04-22T09:19:55+00:00","description":"Scan the QR code to start the project timer automatically. When scanning again, the time entry will be recorded in the system.","breadcrumb":{"@id":"https:\/\/www.timetrackapp.com\/en\/info-center\/qr-code\/#breadcrumb"},"inLanguage":"en-US","potentialAction":[{"@type":"ReadAction","target":["https:\/\/www.timetrackapp.com\/en\/info-center\/qr-code\/"]}]},{"@type":"BreadcrumbList","@id":"https:\/\/www.timetrackapp.com\/en\/info-center\/qr-code\/#breadcrumb","itemListElement":[{"@type":"ListItem","position":1,"name":"Startseite","item":"https:\/\/www.timetrackapp.com\/en\/"},{"@type":"ListItem","position":2,"name":"Info Center","item":"https:\/\/www.timetrackapp.com\/en\/info-center\/"},{"@type":"ListItem","position":3,"name":"QR Code"}]},{"@type":"WebSite","@id":"https:\/\/www.timetrackapp.com\/en\/#website","url":"https:\/\/www.timetrackapp.com\/en\/","name":"TimeTrack - Projektzeiterfassung f\u00fcr Unternehmen","description":"F\u00fcr mittelst\u00e4ndische und gro\u00dfe Unternehmen mit komplexen Anforderungen","publisher":{"@id":"https:\/\/www.timetrackapp.com\/en\/#organization"},"potentialAction":[{"@type":"SearchAction","target":{"@type":"EntryPoint","urlTemplate":"https:\/\/www.timetrackapp.com\/en\/?s={search_term_string}"},"query-input":{"@type":"PropertyValueSpecification","valueRequired":true,"valueName":"search_term_string"}}],"inLanguage":"en-US"},{"@type":"Organization","@id":"https:\/\/www.timetrackapp.com\/en\/#organization","name":"TimeTrack","url":"https:\/\/www.timetrackapp.com\/en\/","logo":{"@type":"ImageObject","inLanguage":"en-US","@id":"https:\/\/www.timetrackapp.com\/en\/#\/schema\/logo\/image\/","url":"https:\/\/www.timetrackapp.com\/wp-content\/uploads\/2025\/08\/logo_round.png","contentUrl":"https:\/\/www.timetrackapp.com\/wp-content\/uploads\/2025\/08\/logo_round.png","width":512,"height":512,"caption":"TimeTrack"},"image":{"@id":"https:\/\/www.timetrackapp.com\/en\/#\/schema\/logo\/image\/"},"sameAs":["https:\/\/www.facebook.com\/App.TimeTrack","https:\/\/x.com\/timetrackapp"]}]}},"_links":{"self":[{"href":"https:\/\/www.timetrackapp.com\/en\/wp-json\/wp\/v2\/pages\/19095","targetHints":{"allow":["GET"]}}],"collection":[{"href":"https:\/\/www.timetrackapp.com\/en\/wp-json\/wp\/v2\/pages"}],"about":[{"href":"https:\/\/www.timetrackapp.com\/en\/wp-json\/wp\/v2\/types\/page"}],"author":[{"embeddable":true,"href":"https:\/\/www.timetrackapp.com\/en\/wp-json\/wp\/v2\/users\/43"}],"replies":[{"embeddable":true,"href":"https:\/\/www.timetrackapp.com\/en\/wp-json\/wp\/v2\/comments?post=19095"}],"version-history":[{"count":0,"href":"https:\/\/www.timetrackapp.com\/en\/wp-json\/wp\/v2\/pages\/19095\/revisions"}],"up":[{"embeddable":true,"href":"https:\/\/www.timetrackapp.com\/en\/wp-json\/wp\/v2\/pages\/18560"}],"wp:attachment":[{"href":"https:\/\/www.timetrackapp.com\/en\/wp-json\/wp\/v2\/media?parent=19095"}],"wp:term":[{"taxonomy":"category","embeddable":true,"href":"https:\/\/www.timetrackapp.com\/en\/wp-json\/wp\/v2\/categories?post=19095"},{"taxonomy":"post_tag","embeddable":true,"href":"https:\/\/www.timetrackapp.com\/en\/wp-json\/wp\/v2\/tags?post=19095"}],"curies":[{"name":"wp","href":"https:\/\/api.w.org\/{rel}","templated":true}]}}