{"id":2898,"date":"2018-06-08T09:19:38","date_gmt":"2018-06-08T07:19:38","guid":{"rendered":"https:\/\/www.timetrackapp.com\/flexible-auswertungen\/"},"modified":"2021-04-22T15:18:32","modified_gmt":"2021-04-22T13:18:32","slug":"evaluations","status":"publish","type":"page","link":"https:\/\/www.timetrackapp.com\/en\/evaluations\/","title":{"rendered":"Flexible Evaluations"},"content":{"rendered":"\n<style type=\"text\/css\" data-created_by=\"avia_inline_auto\" id=\"style-css-av-av_one_full-79ff81c021393065cee878051452f6a6\">\n.flex_column.av-av_one_full-79ff81c021393065cee878051452f6a6{\nborder-radius:0px 0px 0px 0px;\npadding:0px 0px 0px 0px;\n}\n<\/style>\n<div  class='flex_column av-av_one_full-79ff81c021393065cee878051452f6a6 av_one_full  avia-builder-el-0  el_before_av_section  avia-builder-el-no-sibling  first flex_column_div av-zero-column-padding  '     ><section  class='av_textblock_section av-ka3xagy0-0a485addbb346e5b891fe4c59ed474ff '   itemscope=\"itemscope\" itemtype=\"https:\/\/schema.org\/CreativeWork\" ><div class='avia_textblock'  itemprop=\"text\" ><h1 style=\"text-align: center;\">Flexible Evaluations<\/h1>\n<p style=\"text-align: center;\">Get a better overview in your company<\/p>\n<\/div><\/section><\/div><\/div><\/div><\/div><!-- close content main div --><\/div><\/div><div id='av_section_1'  class='avia-section av-ji5mio4o-cd225548a6f763810fa9304ae2cd25bc main_color avia-section-default avia-no-border-styling  avia-builder-el-2  el_after_av_one_full  avia-builder-el-last  avia-bg-style-scroll container_wrap fullsize'  ><div class='container av-section-cont-open' ><div class='template-page content  av-content-full alpha units'><div class='post-entry post-entry-type-page post-entry-2898'><div class='entry-content-wrapper clearfix'>\n\n<style type=\"text\/css\" data-created_by=\"avia_inline_auto\" id=\"style-css-av-4xaqdq-3de90a0a8059a39a23042690eb9c8ede\">\n.flex_column.av-4xaqdq-3de90a0a8059a39a23042690eb9c8ede{\nborder-radius:0px 0px 0px 0px;\npadding:50px 0px 50px 0px;\n}\n<\/style>\n<div  class='flex_column av-4xaqdq-3de90a0a8059a39a23042690eb9c8ede av_one_half  avia-builder-el-3  el_before_av_one_half  avia-builder-el-first  first flex_column_div  '     ><style type=\"text\/css\" data-created_by=\"avia_inline_auto\" id=\"style-css-av-jhw0dt1i-2121b1e37458df8c3554ee12a7fb0236\">\n#top .av_textblock_section.av-jhw0dt1i-2121b1e37458df8c3554ee12a7fb0236 .avia_textblock{\nfont-size:22px;\n}\n<\/style>\n<section  class='av_textblock_section av-jhw0dt1i-2121b1e37458df8c3554ee12a7fb0236 '   itemscope=\"itemscope\" itemtype=\"https:\/\/schema.org\/CreativeWork\" ><div class='avia_textblock'  itemprop=\"text\" ><h2><strong>Project evaluation<\/strong><\/h2>\n<p>Projects draw to a close and you want to know how many working hours were spent on a specific project? How much effort did a single task cost you? The project evaluation is here to give you all the details and data on the recorded working hours. You will get the perfect overview of all the planned projects. All reports are created within one click.<\/p>\n<p>What is your task? You just need to select one of our filter possibilities. Our numerous filters live up to all your demands. Just define a period and choose between the clients, projects, tasks and expenses.<\/p>\n<h2><strong>Employee evaluation<\/strong><\/h2>\n<p>The employee evaluation ist just as fast as the project evaluation. Try out our search icon and enter the name of an employee. The result:\u00a0detailed and significant reports\/diagrams. You can always keep an eye on the tasks, your employees have done. We increase transparency in a company!<\/p>\n<\/div><\/section><\/div>\n<style type=\"text\/css\" data-created_by=\"avia_inline_auto\" id=\"style-css-av-4cwf7u-ca8a89b574b674d0a5472771a30e8e32\">\n.flex_column.av-4cwf7u-ca8a89b574b674d0a5472771a30e8e32{\nborder-radius:0px 0px 0px 0px;\npadding:50px 0px 50px 0px;\n}\n<\/style>\n<div  class='flex_column av-4cwf7u-ca8a89b574b674d0a5472771a30e8e32 av_one_half  avia-builder-el-5  el_after_av_one_half  avia-builder-el-last  flex_column_div  '     ><style type=\"text\/css\" data-created_by=\"avia_inline_auto\" id=\"style-css-av-jhw0fwmy-1d27fdac5aca7121857e675fac21004d\">\n.avia-image-container.av-jhw0fwmy-1d27fdac5aca7121857e675fac21004d img.avia_image{\nbox-shadow:none;\n}\n.avia-image-container.av-jhw0fwmy-1d27fdac5aca7121857e675fac21004d .av-image-caption-overlay-center{\ncolor:#ffffff;\n}\n<\/style>\n<div  class='avia-image-container av-jhw0fwmy-1d27fdac5aca7121857e675fac21004d av-styling- avia-align-center  avia-builder-el-6  avia-builder-el-no-sibling '   itemprop=\"image\" itemscope=\"itemscope\" itemtype=\"https:\/\/schema.org\/ImageObject\" ><div class=\"avia-image-container-inner\"><div class=\"avia-image-overlay-wrap\"><img decoding=\"async\" fetchpriority=\"high\" class='wp-image-2902 avia-img-lazy-loading-not-2902 avia_image ' src=\"https:\/\/www.timetrackapp.com\/wp-content\/uploads\/2018\/06\/Screen-Shot-2016-07-20-at-16.51.28.png\" alt='Evaluation' title=''  height=\"1177\" width=\"1417\"  itemprop=\"thumbnailUrl\" srcset=\"https:\/\/www.timetrackapp.com\/wp-content\/uploads\/2018\/06\/Screen-Shot-2016-07-20-at-16.51.28.png 1417w, https:\/\/www.timetrackapp.com\/wp-content\/uploads\/2018\/06\/Screen-Shot-2016-07-20-at-16.51.28-300x249.png 300w, https:\/\/www.timetrackapp.com\/wp-content\/uploads\/2018\/06\/Screen-Shot-2016-07-20-at-16.51.28-1030x856.png 1030w, https:\/\/www.timetrackapp.com\/wp-content\/uploads\/2018\/06\/Screen-Shot-2016-07-20-at-16.51.28-768x638.png 768w, https:\/\/www.timetrackapp.com\/wp-content\/uploads\/2018\/06\/Screen-Shot-2016-07-20-at-16.51.28-705x586.png 705w, https:\/\/www.timetrackapp.com\/wp-content\/uploads\/2018\/06\/Screen-Shot-2016-07-20-at-16.51.28-595xh.png 595w\" sizes=\"(max-width: 1417px) 100vw, 1417px\" \/><\/div><\/div><\/div><\/div>\n<\/p>\n","protected":false},"excerpt":{"rendered":"","protected":false},"author":43,"featured_media":0,"parent":0,"menu_order":0,"comment_status":"closed","ping_status":"closed","template":"","meta":{"footnotes":""},"categories":[],"tags":[],"class_list":["post-2898","page","type-page","status-publish","hentry"],"yoast_head":"<!-- This site is optimized with the Yoast SEO plugin v27.5 - https:\/\/yoast.com\/product\/yoast-seo-wordpress\/ -->\n<title>Flexible Evaluation - TimeTrack<\/title>\n<meta name=\"description\" content=\"Always keep an eye on your projects and the tasks of your employees. TimeTrack creates accurate und detailed evaluations just for you!\" \/>\n<meta name=\"robots\" content=\"index, follow, max-snippet:-1, max-image-preview:large, max-video-preview:-1\" \/>\n<link rel=\"canonical\" href=\"https:\/\/www.timetrackapp.com\/en\/evaluations\/\" \/>\n<meta property=\"og:locale\" content=\"en_US\" \/>\n<meta property=\"og:type\" content=\"article\" \/>\n<meta property=\"og:title\" content=\"Flexible Evaluation - TimeTrack\" \/>\n<meta property=\"og:description\" content=\"Always keep an eye on your projects and the tasks of your employees. TimeTrack creates accurate und detailed evaluations just for you!\" \/>\n<meta property=\"og:url\" content=\"https:\/\/www.timetrackapp.com\/en\/evaluations\/\" \/>\n<meta property=\"og:site_name\" content=\"Timetrack App - Zeiterfassung f\u00fcr Einzelunternehmer &amp; Teams\" \/>\n<meta property=\"article:publisher\" content=\"https:\/\/www.facebook.com\/App.TimeTrack\" \/>\n<meta property=\"article:modified_time\" content=\"2021-04-22T13:18:32+00:00\" \/>\n<meta name=\"twitter:card\" content=\"summary_large_image\" \/>\n<meta name=\"twitter:site\" content=\"@timetrackapp\" \/>\n<meta name=\"twitter:label1\" content=\"Est. reading time\" \/>\n\t<meta name=\"twitter:data1\" content=\"3 minutes\" \/>\n<script type=\"application\/ld+json\" class=\"yoast-schema-graph\">{\"@context\":\"https:\\\/\\\/schema.org\",\"@graph\":[{\"@type\":\"WebPage\",\"@id\":\"https:\\\/\\\/www.timetrackapp.com\\\/en\\\/evaluations\\\/\",\"url\":\"https:\\\/\\\/www.timetrackapp.com\\\/en\\\/evaluations\\\/\",\"name\":\"Flexible Evaluation - TimeTrack\",\"isPartOf\":{\"@id\":\"https:\\\/\\\/www.timetrackapp.com\\\/en\\\/#website\"},\"datePublished\":\"2018-06-08T07:19:38+00:00\",\"dateModified\":\"2021-04-22T13:18:32+00:00\",\"description\":\"Always keep an eye on your projects and the tasks of your employees. TimeTrack creates accurate und detailed evaluations just for you!\",\"breadcrumb\":{\"@id\":\"https:\\\/\\\/www.timetrackapp.com\\\/en\\\/evaluations\\\/#breadcrumb\"},\"inLanguage\":\"en-US\",\"potentialAction\":[{\"@type\":\"ReadAction\",\"target\":[\"https:\\\/\\\/www.timetrackapp.com\\\/en\\\/evaluations\\\/\"]}]},{\"@type\":\"BreadcrumbList\",\"@id\":\"https:\\\/\\\/www.timetrackapp.com\\\/en\\\/evaluations\\\/#breadcrumb\",\"itemListElement\":[{\"@type\":\"ListItem\",\"position\":1,\"name\":\"Startseite\",\"item\":\"https:\\\/\\\/www.timetrackapp.com\\\/en\\\/home-2\\\/\"},{\"@type\":\"ListItem\",\"position\":2,\"name\":\"Flexible Evaluations\"}]},{\"@type\":\"WebSite\",\"@id\":\"https:\\\/\\\/www.timetrackapp.com\\\/en\\\/#website\",\"url\":\"https:\\\/\\\/www.timetrackapp.com\\\/en\\\/\",\"name\":\"TimeTrack - Projektzeiterfassung f\u00fcr Unternehmen\",\"description\":\"F\u00fcr mittelst\u00e4ndische und gro\u00dfe Unternehmen mit komplexen Anforderungen\",\"publisher\":{\"@id\":\"https:\\\/\\\/www.timetrackapp.com\\\/en\\\/#organization\"},\"potentialAction\":[{\"@type\":\"SearchAction\",\"target\":{\"@type\":\"EntryPoint\",\"urlTemplate\":\"https:\\\/\\\/www.timetrackapp.com\\\/en\\\/?s={search_term_string}\"},\"query-input\":{\"@type\":\"PropertyValueSpecification\",\"valueRequired\":true,\"valueName\":\"search_term_string\"}}],\"inLanguage\":\"en-US\"},{\"@type\":\"Organization\",\"@id\":\"https:\\\/\\\/www.timetrackapp.com\\\/en\\\/#organization\",\"name\":\"TimeTrack\",\"url\":\"https:\\\/\\\/www.timetrackapp.com\\\/en\\\/\",\"logo\":{\"@type\":\"ImageObject\",\"inLanguage\":\"en-US\",\"@id\":\"https:\\\/\\\/www.timetrackapp.com\\\/en\\\/#\\\/schema\\\/logo\\\/image\\\/\",\"url\":\"https:\\\/\\\/www.timetrackapp.com\\\/wp-content\\\/uploads\\\/2025\\\/08\\\/logo_round.png\",\"contentUrl\":\"https:\\\/\\\/www.timetrackapp.com\\\/wp-content\\\/uploads\\\/2025\\\/08\\\/logo_round.png\",\"width\":512,\"height\":512,\"caption\":\"TimeTrack\"},\"image\":{\"@id\":\"https:\\\/\\\/www.timetrackapp.com\\\/en\\\/#\\\/schema\\\/logo\\\/image\\\/\"},\"sameAs\":[\"https:\\\/\\\/www.facebook.com\\\/App.TimeTrack\",\"https:\\\/\\\/x.com\\\/timetrackapp\"]}]}<\/script>\n<!-- \/ Yoast SEO plugin. -->","yoast_head_json":{"title":"Flexible Evaluation - TimeTrack","description":"Always keep an eye on your projects and the tasks of your employees. TimeTrack creates accurate und detailed evaluations just for you!","robots":{"index":"index","follow":"follow","max-snippet":"max-snippet:-1","max-image-preview":"max-image-preview:large","max-video-preview":"max-video-preview:-1"},"canonical":"https:\/\/www.timetrackapp.com\/en\/evaluations\/","og_locale":"en_US","og_type":"article","og_title":"Flexible Evaluation - TimeTrack","og_description":"Always keep an eye on your projects and the tasks of your employees. TimeTrack creates accurate und detailed evaluations just for you!","og_url":"https:\/\/www.timetrackapp.com\/en\/evaluations\/","og_site_name":"Timetrack App - Zeiterfassung f\u00fcr Einzelunternehmer &amp; Teams","article_publisher":"https:\/\/www.facebook.com\/App.TimeTrack","article_modified_time":"2021-04-22T13:18:32+00:00","twitter_card":"summary_large_image","twitter_site":"@timetrackapp","twitter_misc":{"Est. reading time":"3 minutes"},"schema":{"@context":"https:\/\/schema.org","@graph":[{"@type":"WebPage","@id":"https:\/\/www.timetrackapp.com\/en\/evaluations\/","url":"https:\/\/www.timetrackapp.com\/en\/evaluations\/","name":"Flexible Evaluation - TimeTrack","isPartOf":{"@id":"https:\/\/www.timetrackapp.com\/en\/#website"},"datePublished":"2018-06-08T07:19:38+00:00","dateModified":"2021-04-22T13:18:32+00:00","description":"Always keep an eye on your projects and the tasks of your employees. TimeTrack creates accurate und detailed evaluations just for you!","breadcrumb":{"@id":"https:\/\/www.timetrackapp.com\/en\/evaluations\/#breadcrumb"},"inLanguage":"en-US","potentialAction":[{"@type":"ReadAction","target":["https:\/\/www.timetrackapp.com\/en\/evaluations\/"]}]},{"@type":"BreadcrumbList","@id":"https:\/\/www.timetrackapp.com\/en\/evaluations\/#breadcrumb","itemListElement":[{"@type":"ListItem","position":1,"name":"Startseite","item":"https:\/\/www.timetrackapp.com\/en\/home-2\/"},{"@type":"ListItem","position":2,"name":"Flexible Evaluations"}]},{"@type":"WebSite","@id":"https:\/\/www.timetrackapp.com\/en\/#website","url":"https:\/\/www.timetrackapp.com\/en\/","name":"TimeTrack - Projektzeiterfassung f\u00fcr Unternehmen","description":"F\u00fcr mittelst\u00e4ndische und gro\u00dfe Unternehmen mit komplexen Anforderungen","publisher":{"@id":"https:\/\/www.timetrackapp.com\/en\/#organization"},"potentialAction":[{"@type":"SearchAction","target":{"@type":"EntryPoint","urlTemplate":"https:\/\/www.timetrackapp.com\/en\/?s={search_term_string}"},"query-input":{"@type":"PropertyValueSpecification","valueRequired":true,"valueName":"search_term_string"}}],"inLanguage":"en-US"},{"@type":"Organization","@id":"https:\/\/www.timetrackapp.com\/en\/#organization","name":"TimeTrack","url":"https:\/\/www.timetrackapp.com\/en\/","logo":{"@type":"ImageObject","inLanguage":"en-US","@id":"https:\/\/www.timetrackapp.com\/en\/#\/schema\/logo\/image\/","url":"https:\/\/www.timetrackapp.com\/wp-content\/uploads\/2025\/08\/logo_round.png","contentUrl":"https:\/\/www.timetrackapp.com\/wp-content\/uploads\/2025\/08\/logo_round.png","width":512,"height":512,"caption":"TimeTrack"},"image":{"@id":"https:\/\/www.timetrackapp.com\/en\/#\/schema\/logo\/image\/"},"sameAs":["https:\/\/www.facebook.com\/App.TimeTrack","https:\/\/x.com\/timetrackapp"]}]}},"_links":{"self":[{"href":"https:\/\/www.timetrackapp.com\/en\/wp-json\/wp\/v2\/pages\/2898","targetHints":{"allow":["GET"]}}],"collection":[{"href":"https:\/\/www.timetrackapp.com\/en\/wp-json\/wp\/v2\/pages"}],"about":[{"href":"https:\/\/www.timetrackapp.com\/en\/wp-json\/wp\/v2\/types\/page"}],"author":[{"embeddable":true,"href":"https:\/\/www.timetrackapp.com\/en\/wp-json\/wp\/v2\/users\/43"}],"replies":[{"embeddable":true,"href":"https:\/\/www.timetrackapp.com\/en\/wp-json\/wp\/v2\/comments?post=2898"}],"version-history":[{"count":0,"href":"https:\/\/www.timetrackapp.com\/en\/wp-json\/wp\/v2\/pages\/2898\/revisions"}],"wp:attachment":[{"href":"https:\/\/www.timetrackapp.com\/en\/wp-json\/wp\/v2\/media?parent=2898"}],"wp:term":[{"taxonomy":"category","embeddable":true,"href":"https:\/\/www.timetrackapp.com\/en\/wp-json\/wp\/v2\/categories?post=2898"},{"taxonomy":"post_tag","embeddable":true,"href":"https:\/\/www.timetrackapp.com\/en\/wp-json\/wp\/v2\/tags?post=2898"}],"curies":[{"name":"wp","href":"https:\/\/api.w.org\/{rel}","templated":true}]}}