{"id":2956,"date":"2018-06-15T09:47:47","date_gmt":"2018-06-15T07:47:47","guid":{"rendered":"https:\/\/www.timetrackapp.com\/ausgabenerfassung\/"},"modified":"2024-11-13T10:43:52","modified_gmt":"2024-11-13T09:43:52","slug":"expense-tracking","status":"publish","type":"page","link":"https:\/\/www.timetrackapp.com\/en\/expense-tracking\/","title":{"rendered":"Expense tracking"},"content":{"rendered":"\n<style type=\"text\/css\" data-created_by=\"avia_inline_auto\" id=\"style-css-av-av_one_full-79ff81c021393065cee878051452f6a6\">\n.flex_column.av-av_one_full-79ff81c021393065cee878051452f6a6{\nborder-radius:0px 0px 0px 0px;\npadding:0px 0px 0px 0px;\n}\n<\/style>\n<div  class='flex_column av-av_one_full-79ff81c021393065cee878051452f6a6 av_one_full  avia-builder-el-0  el_before_av_one_half  avia-builder-el-first  first flex_column_div av-zero-column-padding  '     ><section  class='av_textblock_section av-ka3x65vh-2f07d4835cd3845702dfec73f1b95842 '   itemscope=\"itemscope\" itemtype=\"https:\/\/schema.org\/CreativeWork\" ><div class='avia_textblock'  itemprop=\"text\" ><h1 style=\"text-align: center;\">Easy Expense Tracking<\/h1>\n<\/div><\/section><\/div>\n\n<style type=\"text\/css\" data-created_by=\"avia_inline_auto\" id=\"style-css-av-4xaqdq-3de90a0a8059a39a23042690eb9c8ede\">\n.flex_column.av-4xaqdq-3de90a0a8059a39a23042690eb9c8ede{\nborder-radius:0px 0px 0px 0px;\npadding:50px 0px 50px 0px;\n}\n<\/style>\n<div  class='flex_column av-4xaqdq-3de90a0a8059a39a23042690eb9c8ede av_one_half  avia-builder-el-2  el_after_av_one_full  el_before_av_one_half  first flex_column_div  column-top-margin'     ><style type=\"text\/css\" data-created_by=\"avia_inline_auto\" id=\"style-css-av-jhw0dt1i-d1b8cea8d771353bfac89f0c9842a6ce\">\n#top .av_textblock_section.av-jhw0dt1i-d1b8cea8d771353bfac89f0c9842a6ce .avia_textblock{\nfont-size:20px;\n}\n<\/style>\n<section  class='av_textblock_section av-jhw0dt1i-d1b8cea8d771353bfac89f0c9842a6ce '   itemscope=\"itemscope\" itemtype=\"https:\/\/schema.org\/CreativeWork\" ><div class='avia_textblock'  itemprop=\"text\" ><p>You want to track your mileage or project and material costs? Enter your expenses with TimeTrack within seconds: Just select a user, assign a project and enter the amount. This is how you keep a good overview over client- and project-related costs.<\/p>\n<p>Also, we offer the possibility to upload bills directly over our web or mobile app. Whether you are in the office or on the way, you can take a quick picture of any bill and add it to your project-related expense.<\/p>\n<p>The result: entries are available immediately and you get the perfect overview! Furthermore, the expenses can be evaluated and added to the invoicing.<\/p>\n<\/div><\/section><\/div>\n\n<style type=\"text\/css\" data-created_by=\"avia_inline_auto\" id=\"style-css-av-25d4hq-5ae3f8ba82e0c268acd5705ac19ab83c\">\n.flex_column.av-25d4hq-5ae3f8ba82e0c268acd5705ac19ab83c{\nborder-radius:0px 0px 0px 0px;\npadding:0px 0px 0px 0px;\n}\n<\/style>\n<div  class='flex_column av-25d4hq-5ae3f8ba82e0c268acd5705ac19ab83c av_one_half  avia-builder-el-4  el_after_av_one_half  el_before_av_section  avia-builder-el-last  flex_column_div av-zero-column-padding  column-top-margin'     ><style type=\"text\/css\" data-created_by=\"avia_inline_auto\" id=\"style-css-av-jhw0fwmy-66521306e82dd55c2c80be21bf353884\">\n.avia-image-container.av-jhw0fwmy-66521306e82dd55c2c80be21bf353884 img.avia_image{\nbox-shadow:none;\n}\n.avia-image-container.av-jhw0fwmy-66521306e82dd55c2c80be21bf353884 .av-image-caption-overlay-center{\ncolor:#ffffff;\n}\n<\/style>\n<div  class='avia-image-container av-jhw0fwmy-66521306e82dd55c2c80be21bf353884 av-styling- avia-align-center  avia-builder-el-5  avia-builder-el-no-sibling '   itemprop=\"image\" itemscope=\"itemscope\" itemtype=\"https:\/\/schema.org\/ImageObject\" ><div class=\"avia-image-container-inner\"><div class=\"avia-image-overlay-wrap\"><img decoding=\"async\" fetchpriority=\"high\" class='wp-image-2960 avia-img-lazy-loading-not-2960 avia_image ' src=\"https:\/\/www.timetrackapp.com\/wp-content\/uploads\/2018\/06\/Bildschirmfoto-2018-06-15-um-09.53.50.png\" alt='Expense tracking - Overview' title=''  height=\"1668\" width=\"1536\"  itemprop=\"thumbnailUrl\" srcset=\"https:\/\/www.timetrackapp.com\/wp-content\/uploads\/2018\/06\/Bildschirmfoto-2018-06-15-um-09.53.50.png 1536w, https:\/\/www.timetrackapp.com\/wp-content\/uploads\/2018\/06\/Bildschirmfoto-2018-06-15-um-09.53.50-276x300.png 276w, https:\/\/www.timetrackapp.com\/wp-content\/uploads\/2018\/06\/Bildschirmfoto-2018-06-15-um-09.53.50-948x1030.png 948w, https:\/\/www.timetrackapp.com\/wp-content\/uploads\/2018\/06\/Bildschirmfoto-2018-06-15-um-09.53.50-768x834.png 768w, https:\/\/www.timetrackapp.com\/wp-content\/uploads\/2018\/06\/Bildschirmfoto-2018-06-15-um-09.53.50-1414x1536.png 1414w, https:\/\/www.timetrackapp.com\/wp-content\/uploads\/2018\/06\/Bildschirmfoto-2018-06-15-um-09.53.50-1381x1500.png 1381w, https:\/\/www.timetrackapp.com\/wp-content\/uploads\/2018\/06\/Bildschirmfoto-2018-06-15-um-09.53.50-649x705.png 649w, https:\/\/www.timetrackapp.com\/wp-content\/uploads\/2018\/06\/Bildschirmfoto-2018-06-15-um-09.53.50-595xh.png 595w\" sizes=\"(max-width: 1536px) 100vw, 1536px\" \/><\/div><\/div><\/div><\/div>\n<\/div><\/div><\/div><!-- close content main div --><\/div><\/div>\n<style type=\"text\/css\" data-created_by=\"avia_inline_auto\" id=\"style-css-av-av_section-193224654754eb28696163c17938c0ff\">\n.avia-section.av-av_section-193224654754eb28696163c17938c0ff{\nbackground-color:#f4f5f8;\nbackground-image:unset;\n}\n<\/style>\n<div id='added_shadow'  class='avia-section av-av_section-193224654754eb28696163c17938c0ff main_color avia-section-huge avia-no-border-styling  avia-builder-el-6  el_after_av_one_half  el_before_av_section  avia-bg-style-scroll container_wrap fullsize'  ><div class='container av-section-cont-open' ><div class='template-page content  av-content-full alpha units'><div class='post-entry post-entry-type-page post-entry-2956'><div class='entry-content-wrapper clearfix'>\n<section  class='av_textblock_section av-av_textblock-7a1af7d8f9790576b1769c0a9f0449ed '   itemscope=\"itemscope\" itemtype=\"https:\/\/schema.org\/CreativeWork\" ><div class='avia_textblock'  itemprop=\"text\" ><h2 style=\"text-align: center;\">Additional Features<\/h2>\n<\/div><\/section>\n<div class='flex_column_table av-av_one_third-de515022a121f9df54e21db0ff9fed38 sc-av_one_third av-equal-height-column-flextable'>\n<style type=\"text\/css\" data-created_by=\"avia_inline_auto\" id=\"style-css-av-av_one_third-de515022a121f9df54e21db0ff9fed38\">\n.flex_column.av-av_one_third-de515022a121f9df54e21db0ff9fed38{\nborder-radius:10px 10px 10px 10px;\npadding:0px 0px 0px 0px;\nbackground-color:#ffffff;\n}\n<\/style>\n<div  class='flex_column av-av_one_third-de515022a121f9df54e21db0ff9fed38 av_one_third  avia-builder-el-8  el_after_av_textblock  el_before_av_one_third  first flex_column_table_cell av-equal-height-column av-align-top av-zero-column-padding  column-top-margin'     ><\/div><div class='av-flex-placeholder'><\/div>\n<style type=\"text\/css\" data-created_by=\"avia_inline_auto\" id=\"style-css-av-av_one_third-02579b7ec4d8dbd64de1d5559fe45072\">\n.flex_column.av-av_one_third-02579b7ec4d8dbd64de1d5559fe45072{\nborder-radius:10px 10px 10px 10px;\npadding:0px 0px 0px 0px;\nbackground-color:#ffffff;\n}\n<\/style>\n<div  class='flex_column av-av_one_third-02579b7ec4d8dbd64de1d5559fe45072 av_one_third  avia-builder-el-10  el_after_av_one_third  el_before_av_one_third  flex_column_table_cell av-equal-height-column av-align-top av-zero-column-padding  column-top-margin'     ><\/div><div class='av-flex-placeholder'><\/div>\n<style type=\"text\/css\" data-created_by=\"avia_inline_auto\" id=\"style-css-av-av_one_third-02579b7ec4d8dbd64de1d5559fe45072\">\n.flex_column.av-av_one_third-02579b7ec4d8dbd64de1d5559fe45072{\nborder-radius:10px 10px 10px 10px;\npadding:0px 0px 0px 0px;\nbackground-color:#ffffff;\n}\n<\/style>\n<div  class='flex_column av-av_one_third-02579b7ec4d8dbd64de1d5559fe45072 av_one_third  avia-builder-el-12  el_after_av_one_third  avia-builder-el-last  flex_column_table_cell av-equal-height-column av-align-top av-zero-column-padding  column-top-margin'     ><\/div><\/div><!--close column table wrapper. Autoclose: 1 --><\/div><\/div><\/div><!-- close content main div --><\/div><\/div><div id='av_section_2'  class='avia-section av-av_section-f716ba51e7bf82947c918c6ed882cb73 main_color avia-section-default avia-no-border-styling  avia-builder-el-14  el_after_av_section  avia-builder-el-last  avia-bg-style-scroll container_wrap fullsize'  ><div class='container av-section-cont-open' ><div class='template-page content  av-content-full alpha units'><div class='post-entry post-entry-type-page post-entry-2956'><div class='entry-content-wrapper clearfix'>\n<section  class='av_textblock_section av-av_textblock-7a1af7d8f9790576b1769c0a9f0449ed '   itemscope=\"itemscope\" itemtype=\"https:\/\/schema.org\/CreativeWork\" ><div class='avia_textblock'  itemprop=\"text\" ><h2 style=\"text-align: center;\">Contact us!<\/h2>\n<\/div><\/section>\n<section  class='av_textblock_section av-av_textblock-7a1af7d8f9790576b1769c0a9f0449ed '   itemscope=\"itemscope\" itemtype=\"https:\/\/schema.org\/CreativeWork\" ><div class='avia_textblock'  itemprop=\"text\" >\n<div class=\"wpcf7 no-js\" id=\"wpcf7-f38516-o1\" lang=\"de-DE\" dir=\"ltr\" data-wpcf7-id=\"38516\">\n<div class=\"screen-reader-response\"><p role=\"status\" aria-live=\"polite\" aria-atomic=\"true\"><\/p> <ul><\/ul><\/div>\n<form action=\"\/en\/wp-json\/wp\/v2\/pages\/2956#wpcf7-f38516-o1\" method=\"post\" class=\"wpcf7-form init\" aria-label=\"Kontaktformular\" novalidate=\"novalidate\" data-status=\"init\">\n<fieldset class=\"hidden-fields-container\"><input type=\"hidden\" name=\"_wpcf7\" value=\"38516\" \/><input type=\"hidden\" name=\"_wpcf7_version\" value=\"6.1.5\" \/><input type=\"hidden\" name=\"_wpcf7_locale\" value=\"de_DE\" \/><input type=\"hidden\" name=\"_wpcf7_unit_tag\" value=\"wpcf7-f38516-o1\" \/><input type=\"hidden\" name=\"_wpcf7_container_post\" value=\"0\" \/><input type=\"hidden\" name=\"_wpcf7_posted_data_hash\" value=\"\" \/>\n<\/fieldset>\n<div class=\"wpcf7-turnstile cf-turnstile\" data-sitekey=\"0x4AAAAAADCi7QOqNIk2M4w6\" data-response-field-name=\"_wpcf7_turnstile_response\"><\/div>\n\n<div class=\"custom-row\">\n\t<div class=\"half-column\">\n\t\t<div class=\"contact-box\">\n\t\t\t<p><span class=\"wpcf7-form-control-wrap\" data-name=\"your-name\"><input size=\"40\" maxlength=\"400\" class=\"wpcf7-form-control wpcf7-text wpcf7-validates-as-required\" aria-required=\"true\" aria-invalid=\"false\" placeholder=\"Name*\" value=\"\" type=\"text\" name=\"your-name\" \/><\/span>\n\t\t\t<\/p>\n\t\t<\/div>\n\t<\/div>\n\t<div class=\"half-column\">\n\t\t<div class=\"contact-box\">\n\t\t\t<p><span class=\"wpcf7-form-control-wrap\" data-name=\"company-name\"><input size=\"40\" maxlength=\"400\" class=\"wpcf7-form-control wpcf7-text wpcf7-validates-as-required\" aria-required=\"true\" aria-invalid=\"false\" placeholder=\"Company Name*\" value=\"\" type=\"text\" name=\"company-name\" \/><\/span>\n\t\t\t<\/p>\n\t\t<\/div>\n\t<\/div>\n<\/div>\n<div class=\"custom-row\">\n\t<div class=\"half-column\">\n\t\t<div class=\"contact-box\">\n\t\t\t<p><span class=\"wpcf7-form-control-wrap\" data-name=\"your-email\"><input size=\"40\" maxlength=\"400\" class=\"wpcf7-form-control wpcf7-email wpcf7-validates-as-required wpcf7-text wpcf7-validates-as-email\" aria-required=\"true\" aria-invalid=\"false\" placeholder=\"Email*\" value=\"\" type=\"email\" name=\"your-email\" \/><\/span>\n\t\t\t<\/p>\n\t\t<\/div>\n\t<\/div>\n\t<div class=\"half-column\">\n\t\t<div class=\"contact-box\">\n\t\t\t<p><span class=\"wpcf7-form-control-wrap\" data-name=\"your-subject\"><select class=\"wpcf7-form-control wpcf7-select wpcf7-validates-as-required\" aria-required=\"true\" aria-invalid=\"false\" name=\"your-subject\"><option value=\"\">Company Size*<\/option><option value=\"1-10 EE\">1-10 EE<\/option><option value=\"11-50 EE\">11-50 EE<\/option><option value=\"51-200 EE\">51-200 EE<\/option><option value=\"201-500 EE\">201-500 EE<\/option><option value=\"501-1000 EE\">501-1000 EE<\/option><option value=\"1000+ EE\">1000+ EE<\/option><\/select><\/span>\n\t\t\t<\/p>\n\t\t<\/div>\n\t<\/div>\n<\/div>\n<div class=\"custom-row\">\n\t<div class=\"half-column\">\n\t\t<div class=\"contact-box\">\n\t\t\t<p><span class=\"wpcf7-form-control-wrap\" data-name=\"your-phone\"><input size=\"40\" maxlength=\"400\" class=\"wpcf7-form-control wpcf7-tel wpcf7-validates-as-required wpcf7-text wpcf7-validates-as-tel\" aria-required=\"true\" aria-invalid=\"false\" placeholder=\"Phone*\" value=\"\" type=\"tel\" name=\"your-phone\" \/><\/span>\n\t\t\t<\/p>\n\t\t<\/div>\n\t<\/div>\n\t<div class=\"half-column\">\n\t\t<div class=\"contact-box\">\n\t\t\t<p><span class=\"wpcf7-form-control-wrap\" data-name=\"source\"><select class=\"wpcf7-form-control wpcf7-select wpcf7-validates-as-required\" aria-required=\"true\" aria-invalid=\"false\" name=\"source\"><option value=\"\">How did you hear about us?*<\/option><option value=\"Google Search\">Google Search<\/option><option value=\"Bing Search\">Bing Search<\/option><option value=\"ChatGPT\/AI Search\">ChatGPT\/AI Search<\/option><option value=\"Partner Website\">Partner Website<\/option><option value=\"Customer Recommendation\">Customer Recommendation<\/option><option value=\"Blog\">Blog<\/option><option value=\"LinkedIn\">LinkedIn<\/option><\/select><\/span>\n\t\t\t<\/p>\n\t\t<\/div>\n\t<\/div>\n<\/div>\n<div class=\"contact-box\">\n\t<p><span class=\"wpcf7-form-control-wrap\" data-name=\"your-message\"><textarea cols=\"40\" rows=\"5\" maxlength=\"2000\" class=\"wpcf7-form-control wpcf7-textarea contact-form-textatea\" aria-invalid=\"false\" placeholder=\"Message\" name=\"your-message\"><\/textarea><\/span>\n\t<\/p>\n<\/div>\n<div class=\"contact-box consent-box\">\n\t<p><span class=\"wpcf7-form-control-wrap\" data-name=\"your-consent\"><span class=\"wpcf7-form-control wpcf7-acceptance optional\"><span class=\"wpcf7-list-item\"><label><input type=\"checkbox\" name=\"your-consent\" value=\"1\" aria-invalid=\"false\" \/><span class=\"wpcf7-list-item-label\">I would like to receive regular offers, updates, and tips on time tracking by email.<\/span><\/label><\/span><\/span><\/span>\n\t<\/p>\n<\/div>\n<p class=\"contact-submit-btn-box\"><input class=\"wpcf7-form-control wpcf7-submit has-spinner contact-submit-btn\" type=\"submit\" value=\"Contact Us\" \/>\n<\/p><p style=\"display: none !important;\" class=\"akismet-fields-container\" data-prefix=\"_wpcf7_ak_\"><label>&#916;<textarea name=\"_wpcf7_ak_hp_textarea\" cols=\"45\" rows=\"8\" maxlength=\"100\"><\/textarea><\/label><input type=\"hidden\" id=\"ak_js_1\" name=\"_wpcf7_ak_js\" value=\"74\"\/><script type=\"text\/javascript\">\n\/* <![CDATA[ *\/\ndocument.getElementById( \"ak_js_1\" ).setAttribute( \"value\", ( new Date() ).getTime() );\n\/* ]]> *\/\n<\/script>\n<\/p><div class=\"wpcf7-response-output\" aria-hidden=\"true\"><\/div>\n<\/form>\n<\/div>\n\n<\/div><\/section>\n<\/p>\n","protected":false},"excerpt":{"rendered":"","protected":false},"author":43,"featured_media":0,"parent":0,"menu_order":0,"comment_status":"closed","ping_status":"closed","template":"","meta":{"footnotes":""},"class_list":["post-2956","page","type-page","status-publish","hentry"],"yoast_head":"<!-- This site is optimized with the Yoast SEO plugin v27.5 - https:\/\/yoast.com\/product\/yoast-seo-wordpress\/ -->\n<title>Easy expense tracking Project Management - TimeTrack<\/title>\n<meta name=\"description\" content=\"Select a user, assign a project and enter an amount. Our user-friendly and fast expense tracking guarantees the perfect overview.\" \/>\n<meta name=\"robots\" content=\"index, follow, max-snippet:-1, max-image-preview:large, max-video-preview:-1\" \/>\n<link rel=\"canonical\" href=\"https:\/\/www.timetrackapp.com\/en\/expense-tracking\/\" \/>\n<meta property=\"og:locale\" content=\"en_US\" \/>\n<meta property=\"og:type\" content=\"article\" \/>\n<meta property=\"og:title\" content=\"Easy expense tracking Project Management - TimeTrack\" \/>\n<meta property=\"og:description\" content=\"Select a user, assign a project and enter an amount. Our user-friendly and fast expense tracking guarantees the perfect overview.\" \/>\n<meta property=\"og:url\" content=\"https:\/\/www.timetrackapp.com\/en\/expense-tracking\/\" \/>\n<meta property=\"og:site_name\" content=\"Timetrack App - Zeiterfassung f\u00fcr Einzelunternehmer &amp; Teams\" \/>\n<meta property=\"article:publisher\" content=\"https:\/\/www.facebook.com\/App.TimeTrack\" \/>\n<meta property=\"article:modified_time\" content=\"2024-11-13T09:43:52+00:00\" \/>\n<meta name=\"twitter:card\" content=\"summary_large_image\" \/>\n<meta name=\"twitter:site\" content=\"@timetrackapp\" \/>\n<meta name=\"twitter:label1\" content=\"Est. reading time\" \/>\n\t<meta name=\"twitter:data1\" content=\"7 minutes\" \/>\n<script type=\"application\/ld+json\" class=\"yoast-schema-graph\">{\"@context\":\"https:\\\/\\\/schema.org\",\"@graph\":[{\"@type\":\"WebPage\",\"@id\":\"https:\\\/\\\/www.timetrackapp.com\\\/en\\\/expense-tracking\\\/\",\"url\":\"https:\\\/\\\/www.timetrackapp.com\\\/en\\\/expense-tracking\\\/\",\"name\":\"Easy expense tracking Project Management - TimeTrack\",\"isPartOf\":{\"@id\":\"https:\\\/\\\/www.timetrackapp.com\\\/en\\\/#website\"},\"datePublished\":\"2018-06-15T07:47:47+00:00\",\"dateModified\":\"2024-11-13T09:43:52+00:00\",\"description\":\"Select a user, assign a project and enter an amount. Our user-friendly and fast expense tracking guarantees the perfect overview.\",\"breadcrumb\":{\"@id\":\"https:\\\/\\\/www.timetrackapp.com\\\/en\\\/expense-tracking\\\/#breadcrumb\"},\"inLanguage\":\"en-US\",\"potentialAction\":[{\"@type\":\"ReadAction\",\"target\":[\"https:\\\/\\\/www.timetrackapp.com\\\/en\\\/expense-tracking\\\/\"]}]},{\"@type\":\"BreadcrumbList\",\"@id\":\"https:\\\/\\\/www.timetrackapp.com\\\/en\\\/expense-tracking\\\/#breadcrumb\",\"itemListElement\":[{\"@type\":\"ListItem\",\"position\":1,\"name\":\"Startseite\",\"item\":\"https:\\\/\\\/www.timetrackapp.com\\\/en\\\/home-2\\\/\"},{\"@type\":\"ListItem\",\"position\":2,\"name\":\"Expense tracking\"}]},{\"@type\":\"WebSite\",\"@id\":\"https:\\\/\\\/www.timetrackapp.com\\\/en\\\/#website\",\"url\":\"https:\\\/\\\/www.timetrackapp.com\\\/en\\\/\",\"name\":\"TimeTrack - Projektzeiterfassung f\u00fcr Unternehmen\",\"description\":\"F\u00fcr mittelst\u00e4ndische und gro\u00dfe Unternehmen mit komplexen Anforderungen\",\"publisher\":{\"@id\":\"https:\\\/\\\/www.timetrackapp.com\\\/en\\\/#organization\"},\"potentialAction\":[{\"@type\":\"SearchAction\",\"target\":{\"@type\":\"EntryPoint\",\"urlTemplate\":\"https:\\\/\\\/www.timetrackapp.com\\\/en\\\/?s={search_term_string}\"},\"query-input\":{\"@type\":\"PropertyValueSpecification\",\"valueRequired\":true,\"valueName\":\"search_term_string\"}}],\"inLanguage\":\"en-US\"},{\"@type\":\"Organization\",\"@id\":\"https:\\\/\\\/www.timetrackapp.com\\\/en\\\/#organization\",\"name\":\"TimeTrack\",\"url\":\"https:\\\/\\\/www.timetrackapp.com\\\/en\\\/\",\"logo\":{\"@type\":\"ImageObject\",\"inLanguage\":\"en-US\",\"@id\":\"https:\\\/\\\/www.timetrackapp.com\\\/en\\\/#\\\/schema\\\/logo\\\/image\\\/\",\"url\":\"https:\\\/\\\/www.timetrackapp.com\\\/wp-content\\\/uploads\\\/2025\\\/08\\\/logo_round.png\",\"contentUrl\":\"https:\\\/\\\/www.timetrackapp.com\\\/wp-content\\\/uploads\\\/2025\\\/08\\\/logo_round.png\",\"width\":512,\"height\":512,\"caption\":\"TimeTrack\"},\"image\":{\"@id\":\"https:\\\/\\\/www.timetrackapp.com\\\/en\\\/#\\\/schema\\\/logo\\\/image\\\/\"},\"sameAs\":[\"https:\\\/\\\/www.facebook.com\\\/App.TimeTrack\",\"https:\\\/\\\/x.com\\\/timetrackapp\"]}]}<\/script>\n<!-- \/ Yoast SEO plugin. -->","yoast_head_json":{"title":"Easy expense tracking Project Management - TimeTrack","description":"Select a user, assign a project and enter an amount. Our user-friendly and fast expense tracking guarantees the perfect overview.","robots":{"index":"index","follow":"follow","max-snippet":"max-snippet:-1","max-image-preview":"max-image-preview:large","max-video-preview":"max-video-preview:-1"},"canonical":"https:\/\/www.timetrackapp.com\/en\/expense-tracking\/","og_locale":"en_US","og_type":"article","og_title":"Easy expense tracking Project Management - TimeTrack","og_description":"Select a user, assign a project and enter an amount. Our user-friendly and fast expense tracking guarantees the perfect overview.","og_url":"https:\/\/www.timetrackapp.com\/en\/expense-tracking\/","og_site_name":"Timetrack App - Zeiterfassung f\u00fcr Einzelunternehmer &amp; Teams","article_publisher":"https:\/\/www.facebook.com\/App.TimeTrack","article_modified_time":"2024-11-13T09:43:52+00:00","twitter_card":"summary_large_image","twitter_site":"@timetrackapp","twitter_misc":{"Est. reading time":"7 minutes"},"schema":{"@context":"https:\/\/schema.org","@graph":[{"@type":"WebPage","@id":"https:\/\/www.timetrackapp.com\/en\/expense-tracking\/","url":"https:\/\/www.timetrackapp.com\/en\/expense-tracking\/","name":"Easy expense tracking Project Management - TimeTrack","isPartOf":{"@id":"https:\/\/www.timetrackapp.com\/en\/#website"},"datePublished":"2018-06-15T07:47:47+00:00","dateModified":"2024-11-13T09:43:52+00:00","description":"Select a user, assign a project and enter an amount. Our user-friendly and fast expense tracking guarantees the perfect overview.","breadcrumb":{"@id":"https:\/\/www.timetrackapp.com\/en\/expense-tracking\/#breadcrumb"},"inLanguage":"en-US","potentialAction":[{"@type":"ReadAction","target":["https:\/\/www.timetrackapp.com\/en\/expense-tracking\/"]}]},{"@type":"BreadcrumbList","@id":"https:\/\/www.timetrackapp.com\/en\/expense-tracking\/#breadcrumb","itemListElement":[{"@type":"ListItem","position":1,"name":"Startseite","item":"https:\/\/www.timetrackapp.com\/en\/home-2\/"},{"@type":"ListItem","position":2,"name":"Expense tracking"}]},{"@type":"WebSite","@id":"https:\/\/www.timetrackapp.com\/en\/#website","url":"https:\/\/www.timetrackapp.com\/en\/","name":"TimeTrack - Projektzeiterfassung f\u00fcr Unternehmen","description":"F\u00fcr mittelst\u00e4ndische und gro\u00dfe Unternehmen mit komplexen Anforderungen","publisher":{"@id":"https:\/\/www.timetrackapp.com\/en\/#organization"},"potentialAction":[{"@type":"SearchAction","target":{"@type":"EntryPoint","urlTemplate":"https:\/\/www.timetrackapp.com\/en\/?s={search_term_string}"},"query-input":{"@type":"PropertyValueSpecification","valueRequired":true,"valueName":"search_term_string"}}],"inLanguage":"en-US"},{"@type":"Organization","@id":"https:\/\/www.timetrackapp.com\/en\/#organization","name":"TimeTrack","url":"https:\/\/www.timetrackapp.com\/en\/","logo":{"@type":"ImageObject","inLanguage":"en-US","@id":"https:\/\/www.timetrackapp.com\/en\/#\/schema\/logo\/image\/","url":"https:\/\/www.timetrackapp.com\/wp-content\/uploads\/2025\/08\/logo_round.png","contentUrl":"https:\/\/www.timetrackapp.com\/wp-content\/uploads\/2025\/08\/logo_round.png","width":512,"height":512,"caption":"TimeTrack"},"image":{"@id":"https:\/\/www.timetrackapp.com\/en\/#\/schema\/logo\/image\/"},"sameAs":["https:\/\/www.facebook.com\/App.TimeTrack","https:\/\/x.com\/timetrackapp"]}]}},"_links":{"self":[{"href":"https:\/\/www.timetrackapp.com\/en\/wp-json\/wp\/v2\/pages\/2956","targetHints":{"allow":["GET"]}}],"collection":[{"href":"https:\/\/www.timetrackapp.com\/en\/wp-json\/wp\/v2\/pages"}],"about":[{"href":"https:\/\/www.timetrackapp.com\/en\/wp-json\/wp\/v2\/types\/page"}],"author":[{"embeddable":true,"href":"https:\/\/www.timetrackapp.com\/en\/wp-json\/wp\/v2\/users\/43"}],"replies":[{"embeddable":true,"href":"https:\/\/www.timetrackapp.com\/en\/wp-json\/wp\/v2\/comments?post=2956"}],"version-history":[{"count":0,"href":"https:\/\/www.timetrackapp.com\/en\/wp-json\/wp\/v2\/pages\/2956\/revisions"}],"wp:attachment":[{"href":"https:\/\/www.timetrackapp.com\/en\/wp-json\/wp\/v2\/media?parent=2956"}],"curies":[{"name":"wp","href":"https:\/\/api.w.org\/{rel}","templated":true}]}}