{"id":46955,"date":"2024-09-10T11:13:31","date_gmt":"2024-09-10T09:13:31","guid":{"rendered":"https:\/\/www.timetrackapp.com\/?page_id=46955"},"modified":"2025-04-22T15:31:23","modified_gmt":"2025-04-22T13:31:23","slug":"time-management-features","status":"publish","type":"page","link":"https:\/\/www.timetrackapp.com\/en\/time-management-features\/","title":{"rendered":"Time Management"},"content":{"rendered":"<p><div id='av_section_1'  class='avia-section av-av_section-20200e1c6f12513dfe2193c9b5694b5d main_color avia-section-small avia-no-border-styling  avia-builder-el-0  el_before_av_section  avia-builder-el-first  avia-bg-style-scroll container_wrap fullsize'  ><div class='container av-section-cont-open' ><main  role=\"main\" itemprop=\"mainContentOfPage\"  class='template-page content  av-content-full alpha units'><div class='post-entry post-entry-type-page post-entry-46955'><div class='entry-content-wrapper clearfix'>\n\n<style type=\"text\/css\" data-created_by=\"avia_inline_auto\" id=\"style-css-av-av_one_half-7befc3b2611267436de1501fda4f5518\">\n.flex_column.av-av_one_half-7befc3b2611267436de1501fda4f5518{\npadding:15px 15px 15px 15px;\n}\n<\/style>\n<div  class='flex_column av-av_one_half-7befc3b2611267436de1501fda4f5518 av_one_half  avia-builder-el-1  el_before_av_one_half  avia-builder-el-first  first flex_column_div  '     ><\/div><div  class='flex_column av-av_one_half-f1c518e9ff58e869f80c8f093487abc9 av_one_half  avia-builder-el-3  el_after_av_one_half  avia-builder-el-last  flex_column_div  '     ><style type=\"text\/css\" data-created_by=\"avia_inline_auto\" id=\"style-css-av-m3771v5u-04260972f050e06b03c588fa89ae7883\">\n.avia-image-container.av-m3771v5u-04260972f050e06b03c588fa89ae7883 img.avia_image{\nbox-shadow:none;\n}\n.avia-image-container.av-m3771v5u-04260972f050e06b03c588fa89ae7883 .av-image-caption-overlay-center{\ncolor:#ffffff;\n}\n<\/style>\n<div  class='avia-image-container av-m3771v5u-04260972f050e06b03c588fa89ae7883 av-styling- avia-align-center  avia-builder-el-4  avia-builder-el-no-sibling '   itemprop=\"image\" itemscope=\"itemscope\" itemtype=\"https:\/\/schema.org\/ImageObject\" ><div class=\"avia-image-container-inner\"><div class=\"avia-image-overlay-wrap\"><img decoding=\"async\" fetchpriority=\"high\" class='wp-image-56915 avia-img-lazy-loading-not-56915 avia_image ' src=\"https:\/\/www.timetrackapp.com\/wp-content\/uploads\/2024\/10\/attendance-tracking-en-e1729673650198-1030x711.png\" alt='attendance-tracking-en' title=''  height=\"711\" width=\"1030\"  itemprop=\"thumbnailUrl\" srcset=\"https:\/\/www.timetrackapp.com\/wp-content\/uploads\/2024\/10\/attendance-tracking-en-e1729673650198-1030x711.png 1030w, https:\/\/www.timetrackapp.com\/wp-content\/uploads\/2024\/10\/attendance-tracking-en-e1729673650198-300x207.png 300w, https:\/\/www.timetrackapp.com\/wp-content\/uploads\/2024\/10\/attendance-tracking-en-e1729673650198-768x530.png 768w, https:\/\/www.timetrackapp.com\/wp-content\/uploads\/2024\/10\/attendance-tracking-en-e1729673650198-1536x1060.png 1536w, https:\/\/www.timetrackapp.com\/wp-content\/uploads\/2024\/10\/attendance-tracking-en-e1729673650198-2048x1413.png 2048w, https:\/\/www.timetrackapp.com\/wp-content\/uploads\/2024\/10\/attendance-tracking-en-e1729673650198-1500x1035.png 1500w, https:\/\/www.timetrackapp.com\/wp-content\/uploads\/2024\/10\/attendance-tracking-en-e1729673650198-705x486.png 705w, https:\/\/www.timetrackapp.com\/wp-content\/uploads\/2024\/10\/attendance-tracking-en-e1729673650198-595x410.png 595w\" sizes=\"(max-width: 1030px) 100vw, 1030px\" \/><\/div><\/div><\/div><\/div>\n<\/div><\/div><\/main><!-- close content main element --><\/div><\/div>\n<style type=\"text\/css\" data-created_by=\"avia_inline_auto\" id=\"style-css-av-av_section-8f5b12d584f02d997c651222b997a716\">\n.avia-section.av-av_section-8f5b12d584f02d997c651222b997a716{\nbackground-color:#f4f5f8;\nbackground-image:unset;\n}\n<\/style>\n<div id='home-features'  class='avia-section av-av_section-8f5b12d584f02d997c651222b997a716 main_color avia-section-large avia-no-border-styling  avia-builder-el-5  el_after_av_section  avia-builder-el-last  avia-bg-style-scroll container_wrap fullsize'  ><div class='container av-section-cont-open' ><div class='template-page content  av-content-full alpha units'><div class='post-entry post-entry-type-page post-entry-46955'><div class='entry-content-wrapper clearfix'>\n\n<style type=\"text\/css\" data-created_by=\"avia_inline_auto\" id=\"style-css-av-av_one_full-1df1b63c6c045939f2dc1aefbdd8e7ad\">\n.flex_column.av-av_one_full-1df1b63c6c045939f2dc1aefbdd8e7ad{\nborder-radius:0px 0px 0px 0px;\npadding:0px 0px 0px 0px;\n}\n<\/style>\n<div  class='flex_column av-av_one_full-1df1b63c6c045939f2dc1aefbdd8e7ad av_one_full  avia-builder-el-6  el_before_av_one_fourth  avia-builder-el-first  first flex_column_div av-zero-column-padding  '     ><section  class='av_textblock_section av-m37686to-c3ab7f29dc273dc0fafdcb5c21fb0e14 '   itemscope=\"itemscope\" itemtype=\"https:\/\/schema.org\/CreativeWork\" ><div class='avia_textblock'  itemprop=\"text\" ><h2 class=\"custom_h1\" style=\"margin-bottom: 30px;\">Features<\/h2>\n<\/div><\/section><\/div>\n<style type=\"text\/css\" data-created_by=\"avia_inline_auto\" id=\"style-css-av-av_one_fourth-e5b07ae4c3a5091911d1f0c8d0cfbe6a\">\n.flex_column.av-av_one_fourth-e5b07ae4c3a5091911d1f0c8d0cfbe6a{\nborder-radius:0px 0px 0px 0px;\npadding:0px 0px 0px 0px;\n}\n<\/style>\n<div  class='flex_column av-av_one_fourth-e5b07ae4c3a5091911d1f0c8d0cfbe6a av_one_fourth  avia-builder-el-8  el_after_av_one_full  el_before_av_one_fourth  first flex_column_div av-zero-column-padding  column-top-margin'     ><\/div>\n<style type=\"text\/css\" data-created_by=\"avia_inline_auto\" id=\"style-css-av-av_one_fourth-862f0c8b97abc46405e90743a1c7ee0e\">\n.flex_column.av-av_one_fourth-862f0c8b97abc46405e90743a1c7ee0e{\nborder-radius:0px 0px 0px 0px;\npadding:0px 0px 0px 0px;\n}\n<\/style>\n<div  class='flex_column av-av_one_fourth-862f0c8b97abc46405e90743a1c7ee0e av_one_fourth  avia-builder-el-10  el_after_av_one_fourth  el_before_av_one_fourth  flex_column_div av-zero-column-padding  column-top-margin'     ><\/div>\n<style type=\"text\/css\" data-created_by=\"avia_inline_auto\" id=\"style-css-av-av_one_fourth-862f0c8b97abc46405e90743a1c7ee0e\">\n.flex_column.av-av_one_fourth-862f0c8b97abc46405e90743a1c7ee0e{\nborder-radius:0px 0px 0px 0px;\npadding:0px 0px 0px 0px;\n}\n<\/style>\n<div  class='flex_column av-av_one_fourth-862f0c8b97abc46405e90743a1c7ee0e av_one_fourth  avia-builder-el-12  el_after_av_one_fourth  el_before_av_one_fourth  flex_column_div av-zero-column-padding  column-top-margin'     ><\/div>\n<style type=\"text\/css\" data-created_by=\"avia_inline_auto\" id=\"style-css-av-av_one_fourth-862f0c8b97abc46405e90743a1c7ee0e\">\n.flex_column.av-av_one_fourth-862f0c8b97abc46405e90743a1c7ee0e{\nborder-radius:0px 0px 0px 0px;\npadding:0px 0px 0px 0px;\n}\n<\/style>\n<div  class='flex_column av-av_one_fourth-862f0c8b97abc46405e90743a1c7ee0e av_one_fourth  avia-builder-el-14  el_after_av_one_fourth  el_before_av_one_fourth  flex_column_div av-zero-column-padding  column-top-margin'     ><\/div>\n<style type=\"text\/css\" data-created_by=\"avia_inline_auto\" id=\"style-css-av-av_one_fourth-1df1b63c6c045939f2dc1aefbdd8e7ad\">\n.flex_column.av-av_one_fourth-1df1b63c6c045939f2dc1aefbdd8e7ad{\nborder-radius:0px 0px 0px 0px;\npadding:0px 0px 0px 0px;\n}\n<\/style>\n<div  class='flex_column av-av_one_fourth-1df1b63c6c045939f2dc1aefbdd8e7ad av_one_fourth  avia-builder-el-16  el_after_av_one_fourth  el_before_av_one_fourth  first flex_column_div av-zero-column-padding  column-top-margin'     ><\/div>\n<style type=\"text\/css\" data-created_by=\"avia_inline_auto\" id=\"style-css-av-av_one_fourth-862f0c8b97abc46405e90743a1c7ee0e\">\n.flex_column.av-av_one_fourth-862f0c8b97abc46405e90743a1c7ee0e{\nborder-radius:0px 0px 0px 0px;\npadding:0px 0px 0px 0px;\n}\n<\/style>\n<div  class='flex_column av-av_one_fourth-862f0c8b97abc46405e90743a1c7ee0e av_one_fourth  avia-builder-el-18  el_after_av_one_fourth  el_before_av_one_fourth  flex_column_div av-zero-column-padding  column-top-margin'     ><\/div>\n<style type=\"text\/css\" data-created_by=\"avia_inline_auto\" id=\"style-css-av-av_one_fourth-862f0c8b97abc46405e90743a1c7ee0e\">\n.flex_column.av-av_one_fourth-862f0c8b97abc46405e90743a1c7ee0e{\nborder-radius:0px 0px 0px 0px;\npadding:0px 0px 0px 0px;\n}\n<\/style>\n<div  class='flex_column av-av_one_fourth-862f0c8b97abc46405e90743a1c7ee0e av_one_fourth  avia-builder-el-20  el_after_av_one_fourth  el_before_av_one_fourth  flex_column_div av-zero-column-padding  column-top-margin'     ><\/div>\n<style type=\"text\/css\" data-created_by=\"avia_inline_auto\" id=\"style-css-av-av_one_fourth-862f0c8b97abc46405e90743a1c7ee0e\">\n.flex_column.av-av_one_fourth-862f0c8b97abc46405e90743a1c7ee0e{\nborder-radius:0px 0px 0px 0px;\npadding:0px 0px 0px 0px;\n}\n<\/style>\n<div  class='flex_column av-av_one_fourth-862f0c8b97abc46405e90743a1c7ee0e av_one_fourth  avia-builder-el-22  el_after_av_one_fourth  el_before_av_one_fourth  flex_column_div av-zero-column-padding  column-top-margin'     ><\/div>\n<style type=\"text\/css\" data-created_by=\"avia_inline_auto\" id=\"style-css-av-av_one_fourth-1df1b63c6c045939f2dc1aefbdd8e7ad\">\n.flex_column.av-av_one_fourth-1df1b63c6c045939f2dc1aefbdd8e7ad{\nborder-radius:0px 0px 0px 0px;\npadding:0px 0px 0px 0px;\n}\n<\/style>\n<div  class='flex_column av-av_one_fourth-1df1b63c6c045939f2dc1aefbdd8e7ad av_one_fourth  avia-builder-el-24  el_after_av_one_fourth  el_before_av_one_fourth  first flex_column_div av-zero-column-padding  column-top-margin'     ><\/div>\n<style type=\"text\/css\" data-created_by=\"avia_inline_auto\" id=\"style-css-av-av_one_fourth-862f0c8b97abc46405e90743a1c7ee0e\">\n.flex_column.av-av_one_fourth-862f0c8b97abc46405e90743a1c7ee0e{\nborder-radius:0px 0px 0px 0px;\npadding:0px 0px 0px 0px;\n}\n<\/style>\n<div  class='flex_column av-av_one_fourth-862f0c8b97abc46405e90743a1c7ee0e av_one_fourth  avia-builder-el-26  el_after_av_one_fourth  el_before_av_one_fourth  flex_column_div av-zero-column-padding  column-top-margin'     ><\/div>\n<style type=\"text\/css\" data-created_by=\"avia_inline_auto\" id=\"style-css-av-av_one_fourth-862f0c8b97abc46405e90743a1c7ee0e\">\n.flex_column.av-av_one_fourth-862f0c8b97abc46405e90743a1c7ee0e{\nborder-radius:0px 0px 0px 0px;\npadding:0px 0px 0px 0px;\n}\n<\/style>\n<div  class='flex_column av-av_one_fourth-862f0c8b97abc46405e90743a1c7ee0e av_one_fourth  avia-builder-el-28  el_after_av_one_fourth  el_before_av_one_fourth  flex_column_div av-zero-column-padding  column-top-margin'     ><\/div>\n<style type=\"text\/css\" data-created_by=\"avia_inline_auto\" id=\"style-css-av-av_one_fourth-862f0c8b97abc46405e90743a1c7ee0e\">\n.flex_column.av-av_one_fourth-862f0c8b97abc46405e90743a1c7ee0e{\nborder-radius:0px 0px 0px 0px;\npadding:0px 0px 0px 0px;\n}\n<\/style>\n<div  class='flex_column av-av_one_fourth-862f0c8b97abc46405e90743a1c7ee0e av_one_fourth  avia-builder-el-30  el_after_av_one_fourth  el_before_av_one_fourth  flex_column_div av-zero-column-padding  column-top-margin'     ><\/div>\n<style type=\"text\/css\" data-created_by=\"avia_inline_auto\" id=\"style-css-av-av_one_fourth-1df1b63c6c045939f2dc1aefbdd8e7ad\">\n.flex_column.av-av_one_fourth-1df1b63c6c045939f2dc1aefbdd8e7ad{\nborder-radius:0px 0px 0px 0px;\npadding:0px 0px 0px 0px;\n}\n<\/style>\n<div  class='flex_column av-av_one_fourth-1df1b63c6c045939f2dc1aefbdd8e7ad av_one_fourth  avia-builder-el-32  el_after_av_one_fourth  el_before_av_one_fourth  first flex_column_div av-zero-column-padding  column-top-margin'     ><\/div>\n<style type=\"text\/css\" data-created_by=\"avia_inline_auto\" id=\"style-css-av-av_one_fourth-862f0c8b97abc46405e90743a1c7ee0e\">\n.flex_column.av-av_one_fourth-862f0c8b97abc46405e90743a1c7ee0e{\nborder-radius:0px 0px 0px 0px;\npadding:0px 0px 0px 0px;\n}\n<\/style>\n<div  class='flex_column av-av_one_fourth-862f0c8b97abc46405e90743a1c7ee0e av_one_fourth  avia-builder-el-34  el_after_av_one_fourth  el_before_av_one_fourth  flex_column_div av-zero-column-padding  column-top-margin'     ><\/div>\n<style type=\"text\/css\" data-created_by=\"avia_inline_auto\" id=\"style-css-av-av_one_fourth-862f0c8b97abc46405e90743a1c7ee0e\">\n.flex_column.av-av_one_fourth-862f0c8b97abc46405e90743a1c7ee0e{\nborder-radius:0px 0px 0px 0px;\npadding:0px 0px 0px 0px;\n}\n<\/style>\n<div  class='flex_column av-av_one_fourth-862f0c8b97abc46405e90743a1c7ee0e av_one_fourth  avia-builder-el-36  el_after_av_one_fourth  el_before_av_one_fourth  flex_column_div av-zero-column-padding  column-top-margin'     ><\/div>\n<style type=\"text\/css\" data-created_by=\"avia_inline_auto\" id=\"style-css-av-av_one_fourth-862f0c8b97abc46405e90743a1c7ee0e\">\n.flex_column.av-av_one_fourth-862f0c8b97abc46405e90743a1c7ee0e{\nborder-radius:0px 0px 0px 0px;\npadding:0px 0px 0px 0px;\n}\n<\/style>\n<div  class='flex_column av-av_one_fourth-862f0c8b97abc46405e90743a1c7ee0e av_one_fourth  avia-builder-el-38  el_after_av_one_fourth  el_before_av_one_fourth  flex_column_div av-zero-column-padding  column-top-margin'     ><\/div>\n<style type=\"text\/css\" data-created_by=\"avia_inline_auto\" id=\"style-css-av-av_one_fourth-1df1b63c6c045939f2dc1aefbdd8e7ad\">\n.flex_column.av-av_one_fourth-1df1b63c6c045939f2dc1aefbdd8e7ad{\nborder-radius:0px 0px 0px 0px;\npadding:0px 0px 0px 0px;\n}\n<\/style>\n<div  class='flex_column av-av_one_fourth-1df1b63c6c045939f2dc1aefbdd8e7ad av_one_fourth  avia-builder-el-40  el_after_av_one_fourth  el_before_av_one_fourth  first flex_column_div av-zero-column-padding  column-top-margin'     ><\/div>\n<style type=\"text\/css\" data-created_by=\"avia_inline_auto\" id=\"style-css-av-av_one_fourth-862f0c8b97abc46405e90743a1c7ee0e\">\n.flex_column.av-av_one_fourth-862f0c8b97abc46405e90743a1c7ee0e{\nborder-radius:0px 0px 0px 0px;\npadding:0px 0px 0px 0px;\n}\n<\/style>\n<div  class='flex_column av-av_one_fourth-862f0c8b97abc46405e90743a1c7ee0e av_one_fourth  avia-builder-el-42  el_after_av_one_fourth  el_before_av_one_fourth  flex_column_div av-zero-column-padding  column-top-margin'     ><\/div>\n<style type=\"text\/css\" data-created_by=\"avia_inline_auto\" id=\"style-css-av-av_one_fourth-862f0c8b97abc46405e90743a1c7ee0e\">\n.flex_column.av-av_one_fourth-862f0c8b97abc46405e90743a1c7ee0e{\nborder-radius:0px 0px 0px 0px;\npadding:0px 0px 0px 0px;\n}\n<\/style>\n<div  class='flex_column av-av_one_fourth-862f0c8b97abc46405e90743a1c7ee0e av_one_fourth  avia-builder-el-44  el_after_av_one_fourth  el_before_av_one_fourth  flex_column_div av-zero-column-padding  column-top-margin'     ><\/div>\n<style type=\"text\/css\" data-created_by=\"avia_inline_auto\" id=\"style-css-av-av_one_fourth-862f0c8b97abc46405e90743a1c7ee0e\">\n.flex_column.av-av_one_fourth-862f0c8b97abc46405e90743a1c7ee0e{\nborder-radius:0px 0px 0px 0px;\npadding:0px 0px 0px 0px;\n}\n<\/style>\n<div  class='flex_column av-av_one_fourth-862f0c8b97abc46405e90743a1c7ee0e av_one_fourth  avia-builder-el-46  el_after_av_one_fourth  el_before_av_one_fourth  flex_column_div av-zero-column-padding  column-top-margin'     ><\/div>\n<style type=\"text\/css\" data-created_by=\"avia_inline_auto\" id=\"style-css-av-av_one_fourth-1df1b63c6c045939f2dc1aefbdd8e7ad\">\n.flex_column.av-av_one_fourth-1df1b63c6c045939f2dc1aefbdd8e7ad{\nborder-radius:0px 0px 0px 0px;\npadding:0px 0px 0px 0px;\n}\n<\/style>\n<div  class='flex_column av-av_one_fourth-1df1b63c6c045939f2dc1aefbdd8e7ad av_one_fourth  avia-builder-el-48  el_after_av_one_fourth  avia-builder-el-last  first flex_column_div av-zero-column-padding  column-top-margin'     ><\/div><\/p>\n<\/div>\n","protected":false},"excerpt":{"rendered":"","protected":false},"author":43,"featured_media":46907,"parent":0,"menu_order":0,"comment_status":"closed","ping_status":"closed","template":"","meta":{"footnotes":""},"categories":[],"tags":[],"class_list":["post-46955","page","type-page","status-publish","has-post-thumbnail","hentry"],"yoast_head":"<!-- This site is optimized with the Yoast SEO plugin v27.5 - https:\/\/yoast.com\/product\/yoast-seo-wordpress\/ -->\n<title>TimeTrack management: Discover all the functions of TimeTrack<\/title>\n<meta name=\"description\" content=\"Discover all the time management functions in our software that increase efficiency and transaprency. Find out more now!\" \/>\n<meta name=\"robots\" content=\"index, follow, max-snippet:-1, max-image-preview:large, max-video-preview:-1\" \/>\n<link rel=\"canonical\" href=\"https:\/\/www.timetrackapp.com\/en\/time-management-features\/\" \/>\n<meta property=\"og:locale\" content=\"en_US\" \/>\n<meta property=\"og:type\" content=\"article\" \/>\n<meta property=\"og:title\" content=\"TimeTrack management: Discover all the functions of TimeTrack\" \/>\n<meta property=\"og:description\" content=\"Discover all the time management functions in our software that increase efficiency and transaprency. Find out more now!\" \/>\n<meta property=\"og:url\" content=\"https:\/\/www.timetrackapp.com\/en\/time-management-features\/\" \/>\n<meta property=\"og:site_name\" content=\"Timetrack App - Zeiterfassung f\u00fcr Einzelunternehmer &amp; Teams\" \/>\n<meta property=\"article:publisher\" content=\"https:\/\/www.facebook.com\/App.TimeTrack\" \/>\n<meta property=\"article:modified_time\" content=\"2025-04-22T13:31:23+00:00\" \/>\n<meta property=\"og:image\" content=\"https:\/\/www.timetrackapp.com\/wp-content\/uploads\/2023\/11\/zeitmanagement-header-image.png\" \/>\n\t<meta property=\"og:image:width\" content=\"1130\" \/>\n\t<meta property=\"og:image:height\" content=\"832\" \/>\n\t<meta property=\"og:image:type\" content=\"image\/png\" \/>\n<meta name=\"twitter:card\" content=\"summary_large_image\" \/>\n<meta name=\"twitter:site\" content=\"@timetrackapp\" \/>\n<meta name=\"twitter:label1\" content=\"Est. reading time\" \/>\n\t<meta name=\"twitter:data1\" content=\"1 minute\" \/>\n<script type=\"application\/ld+json\" class=\"yoast-schema-graph\">{\"@context\":\"https:\\\/\\\/schema.org\",\"@graph\":[{\"@type\":\"WebPage\",\"@id\":\"https:\\\/\\\/www.timetrackapp.com\\\/en\\\/time-management-features\\\/\",\"url\":\"https:\\\/\\\/www.timetrackapp.com\\\/en\\\/time-management-features\\\/\",\"name\":\"TimeTrack management: Discover all the functions of TimeTrack\",\"isPartOf\":{\"@id\":\"https:\\\/\\\/www.timetrackapp.com\\\/en\\\/#website\"},\"primaryImageOfPage\":{\"@id\":\"https:\\\/\\\/www.timetrackapp.com\\\/en\\\/time-management-features\\\/#primaryimage\"},\"image\":{\"@id\":\"https:\\\/\\\/www.timetrackapp.com\\\/en\\\/time-management-features\\\/#primaryimage\"},\"thumbnailUrl\":\"https:\\\/\\\/www.timetrackapp.com\\\/wp-content\\\/uploads\\\/2023\\\/11\\\/zeitmanagement-header-image.png\",\"datePublished\":\"2024-09-10T09:13:31+00:00\",\"dateModified\":\"2025-04-22T13:31:23+00:00\",\"description\":\"Discover all the time management functions in our software that increase efficiency and transaprency. Find out more now!\",\"breadcrumb\":{\"@id\":\"https:\\\/\\\/www.timetrackapp.com\\\/en\\\/time-management-features\\\/#breadcrumb\"},\"inLanguage\":\"en-US\",\"potentialAction\":[{\"@type\":\"ReadAction\",\"target\":[\"https:\\\/\\\/www.timetrackapp.com\\\/en\\\/time-management-features\\\/\"]}]},{\"@type\":\"ImageObject\",\"inLanguage\":\"en-US\",\"@id\":\"https:\\\/\\\/www.timetrackapp.com\\\/en\\\/time-management-features\\\/#primaryimage\",\"url\":\"https:\\\/\\\/www.timetrackapp.com\\\/wp-content\\\/uploads\\\/2023\\\/11\\\/zeitmanagement-header-image.png\",\"contentUrl\":\"https:\\\/\\\/www.timetrackapp.com\\\/wp-content\\\/uploads\\\/2023\\\/11\\\/zeitmanagement-header-image.png\",\"width\":1130,\"height\":832,\"caption\":\"zeitmanagement-header-image\"},{\"@type\":\"BreadcrumbList\",\"@id\":\"https:\\\/\\\/www.timetrackapp.com\\\/en\\\/time-management-features\\\/#breadcrumb\",\"itemListElement\":[{\"@type\":\"ListItem\",\"position\":1,\"name\":\"Startseite\",\"item\":\"https:\\\/\\\/www.timetrackapp.com\\\/en\\\/\"},{\"@type\":\"ListItem\",\"position\":2,\"name\":\"Time Management\"}]},{\"@type\":\"WebSite\",\"@id\":\"https:\\\/\\\/www.timetrackapp.com\\\/en\\\/#website\",\"url\":\"https:\\\/\\\/www.timetrackapp.com\\\/en\\\/\",\"name\":\"TimeTrack - Projektzeiterfassung f\u00fcr Unternehmen\",\"description\":\"F\u00fcr mittelst\u00e4ndische und gro\u00dfe Unternehmen mit komplexen Anforderungen\",\"publisher\":{\"@id\":\"https:\\\/\\\/www.timetrackapp.com\\\/en\\\/#organization\"},\"potentialAction\":[{\"@type\":\"SearchAction\",\"target\":{\"@type\":\"EntryPoint\",\"urlTemplate\":\"https:\\\/\\\/www.timetrackapp.com\\\/en\\\/?s={search_term_string}\"},\"query-input\":{\"@type\":\"PropertyValueSpecification\",\"valueRequired\":true,\"valueName\":\"search_term_string\"}}],\"inLanguage\":\"en-US\"},{\"@type\":\"Organization\",\"@id\":\"https:\\\/\\\/www.timetrackapp.com\\\/en\\\/#organization\",\"name\":\"TimeTrack\",\"url\":\"https:\\\/\\\/www.timetrackapp.com\\\/en\\\/\",\"logo\":{\"@type\":\"ImageObject\",\"inLanguage\":\"en-US\",\"@id\":\"https:\\\/\\\/www.timetrackapp.com\\\/en\\\/#\\\/schema\\\/logo\\\/image\\\/\",\"url\":\"https:\\\/\\\/www.timetrackapp.com\\\/wp-content\\\/uploads\\\/2025\\\/08\\\/logo_round.png\",\"contentUrl\":\"https:\\\/\\\/www.timetrackapp.com\\\/wp-content\\\/uploads\\\/2025\\\/08\\\/logo_round.png\",\"width\":512,\"height\":512,\"caption\":\"TimeTrack\"},\"image\":{\"@id\":\"https:\\\/\\\/www.timetrackapp.com\\\/en\\\/#\\\/schema\\\/logo\\\/image\\\/\"},\"sameAs\":[\"https:\\\/\\\/www.facebook.com\\\/App.TimeTrack\",\"https:\\\/\\\/x.com\\\/timetrackapp\"]}]}<\/script>\n<!-- \/ Yoast SEO plugin. -->","yoast_head_json":{"title":"TimeTrack management: Discover all the functions of TimeTrack","description":"Discover all the time management functions in our software that increase efficiency and transaprency. Find out more now!","robots":{"index":"index","follow":"follow","max-snippet":"max-snippet:-1","max-image-preview":"max-image-preview:large","max-video-preview":"max-video-preview:-1"},"canonical":"https:\/\/www.timetrackapp.com\/en\/time-management-features\/","og_locale":"en_US","og_type":"article","og_title":"TimeTrack management: Discover all the functions of TimeTrack","og_description":"Discover all the time management functions in our software that increase efficiency and transaprency. Find out more now!","og_url":"https:\/\/www.timetrackapp.com\/en\/time-management-features\/","og_site_name":"Timetrack App - Zeiterfassung f\u00fcr Einzelunternehmer &amp; Teams","article_publisher":"https:\/\/www.facebook.com\/App.TimeTrack","article_modified_time":"2025-04-22T13:31:23+00:00","og_image":[{"width":1130,"height":832,"url":"https:\/\/www.timetrackapp.com\/wp-content\/uploads\/2023\/11\/zeitmanagement-header-image.png","type":"image\/png"}],"twitter_card":"summary_large_image","twitter_site":"@timetrackapp","twitter_misc":{"Est. reading time":"1 minute"},"schema":{"@context":"https:\/\/schema.org","@graph":[{"@type":"WebPage","@id":"https:\/\/www.timetrackapp.com\/en\/time-management-features\/","url":"https:\/\/www.timetrackapp.com\/en\/time-management-features\/","name":"TimeTrack management: Discover all the functions of TimeTrack","isPartOf":{"@id":"https:\/\/www.timetrackapp.com\/en\/#website"},"primaryImageOfPage":{"@id":"https:\/\/www.timetrackapp.com\/en\/time-management-features\/#primaryimage"},"image":{"@id":"https:\/\/www.timetrackapp.com\/en\/time-management-features\/#primaryimage"},"thumbnailUrl":"https:\/\/www.timetrackapp.com\/wp-content\/uploads\/2023\/11\/zeitmanagement-header-image.png","datePublished":"2024-09-10T09:13:31+00:00","dateModified":"2025-04-22T13:31:23+00:00","description":"Discover all the time management functions in our software that increase efficiency and transaprency. Find out more now!","breadcrumb":{"@id":"https:\/\/www.timetrackapp.com\/en\/time-management-features\/#breadcrumb"},"inLanguage":"en-US","potentialAction":[{"@type":"ReadAction","target":["https:\/\/www.timetrackapp.com\/en\/time-management-features\/"]}]},{"@type":"ImageObject","inLanguage":"en-US","@id":"https:\/\/www.timetrackapp.com\/en\/time-management-features\/#primaryimage","url":"https:\/\/www.timetrackapp.com\/wp-content\/uploads\/2023\/11\/zeitmanagement-header-image.png","contentUrl":"https:\/\/www.timetrackapp.com\/wp-content\/uploads\/2023\/11\/zeitmanagement-header-image.png","width":1130,"height":832,"caption":"zeitmanagement-header-image"},{"@type":"BreadcrumbList","@id":"https:\/\/www.timetrackapp.com\/en\/time-management-features\/#breadcrumb","itemListElement":[{"@type":"ListItem","position":1,"name":"Startseite","item":"https:\/\/www.timetrackapp.com\/en\/"},{"@type":"ListItem","position":2,"name":"Time Management"}]},{"@type":"WebSite","@id":"https:\/\/www.timetrackapp.com\/en\/#website","url":"https:\/\/www.timetrackapp.com\/en\/","name":"TimeTrack - Projektzeiterfassung f\u00fcr Unternehmen","description":"F\u00fcr mittelst\u00e4ndische und gro\u00dfe Unternehmen mit komplexen Anforderungen","publisher":{"@id":"https:\/\/www.timetrackapp.com\/en\/#organization"},"potentialAction":[{"@type":"SearchAction","target":{"@type":"EntryPoint","urlTemplate":"https:\/\/www.timetrackapp.com\/en\/?s={search_term_string}"},"query-input":{"@type":"PropertyValueSpecification","valueRequired":true,"valueName":"search_term_string"}}],"inLanguage":"en-US"},{"@type":"Organization","@id":"https:\/\/www.timetrackapp.com\/en\/#organization","name":"TimeTrack","url":"https:\/\/www.timetrackapp.com\/en\/","logo":{"@type":"ImageObject","inLanguage":"en-US","@id":"https:\/\/www.timetrackapp.com\/en\/#\/schema\/logo\/image\/","url":"https:\/\/www.timetrackapp.com\/wp-content\/uploads\/2025\/08\/logo_round.png","contentUrl":"https:\/\/www.timetrackapp.com\/wp-content\/uploads\/2025\/08\/logo_round.png","width":512,"height":512,"caption":"TimeTrack"},"image":{"@id":"https:\/\/www.timetrackapp.com\/en\/#\/schema\/logo\/image\/"},"sameAs":["https:\/\/www.facebook.com\/App.TimeTrack","https:\/\/x.com\/timetrackapp"]}]}},"_links":{"self":[{"href":"https:\/\/www.timetrackapp.com\/en\/wp-json\/wp\/v2\/pages\/46955","targetHints":{"allow":["GET"]}}],"collection":[{"href":"https:\/\/www.timetrackapp.com\/en\/wp-json\/wp\/v2\/pages"}],"about":[{"href":"https:\/\/www.timetrackapp.com\/en\/wp-json\/wp\/v2\/types\/page"}],"author":[{"embeddable":true,"href":"https:\/\/www.timetrackapp.com\/en\/wp-json\/wp\/v2\/users\/43"}],"replies":[{"embeddable":true,"href":"https:\/\/www.timetrackapp.com\/en\/wp-json\/wp\/v2\/comments?post=46955"}],"version-history":[{"count":0,"href":"https:\/\/www.timetrackapp.com\/en\/wp-json\/wp\/v2\/pages\/46955\/revisions"}],"wp:featuredmedia":[{"embeddable":true,"href":"https:\/\/www.timetrackapp.com\/en\/wp-json\/wp\/v2\/media\/46907"}],"wp:attachment":[{"href":"https:\/\/www.timetrackapp.com\/en\/wp-json\/wp\/v2\/media?parent=46955"}],"wp:term":[{"taxonomy":"category","embeddable":true,"href":"https:\/\/www.timetrackapp.com\/en\/wp-json\/wp\/v2\/categories?post=46955"},{"taxonomy":"post_tag","embeddable":true,"href":"https:\/\/www.timetrackapp.com\/en\/wp-json\/wp\/v2\/tags?post=46955"}],"curies":[{"name":"wp","href":"https:\/\/api.w.org\/{rel}","templated":true}]}}