{"id":62634,"date":"2024-07-05T13:30:40","date_gmt":"2024-07-05T11:30:40","guid":{"rendered":"https:\/\/www.timetrackapp.com\/project-management-features\/projektleiter-projektmitarbeiter\/"},"modified":"2024-11-13T11:56:29","modified_gmt":"2024-11-13T10:56:29","slug":"project-managers-team","status":"publish","type":"page","link":"https:\/\/www.timetrackapp.com\/en\/project-management-features\/project-managers-team\/","title":{"rendered":"Project Manager &#038; Project Team"},"content":{"rendered":"\n<style type=\"text\/css\" data-created_by=\"avia_inline_auto\" id=\"style-css-av-4qo8e8j-92dc3082383d00bfcca1fab9e8cc2f19\">\n.flex_column.av-4qo8e8j-92dc3082383d00bfcca1fab9e8cc2f19{\nborder-radius:0px 0px 0px 0px;\npadding:0px 0px 0px 0px;\n}\n<\/style>\n<div  class='flex_column av-4qo8e8j-92dc3082383d00bfcca1fab9e8cc2f19 av_one_full  avia-builder-el-0  el_before_av_section  avia-builder-el-no-sibling  first flex_column_div av-zero-column-padding  '     ><section  class='av_textblock_section av-lxkdx846-8fc0df9eb1eab411041fe7c38b7cb900 '   itemscope=\"itemscope\" itemtype=\"https:\/\/schema.org\/CreativeWork\" ><div class='avia_textblock'  itemprop=\"text\" ><h1 style=\"text-align: center;\">Project Manager &amp; Project Team<\/h1>\n<\/div><\/section><\/div><\/div><\/div><\/div><!-- close content main div --><\/div><\/div><div id='av_section_1'  class='avia-section av-487wxg3-ed10a1c60e69190460cbf9405751df7b main_color avia-section-small avia-no-border-styling  avia-builder-el-2  el_after_av_one_full  el_before_av_section  padding-bottom-0 avia-bg-style-scroll container_wrap fullsize'  ><div class='container av-section-cont-open' ><div class='template-page content  av-content-full alpha units'><div class='post-entry post-entry-type-page post-entry-62634'><div class='entry-content-wrapper clearfix'>\n<div class='flex_column_table av-40132oj-cbd24bc08c77bc13794768b3531fa23e sc-av_one_half av-equal-height-column-flextable'>\n<style type=\"text\/css\" data-created_by=\"avia_inline_auto\" id=\"style-css-av-40132oj-cbd24bc08c77bc13794768b3531fa23e\">\n.flex_column.av-40132oj-cbd24bc08c77bc13794768b3531fa23e{\nborder-radius:0px 0px 0px 0px;\npadding:0px 0px 0px 0px;\n}\n<\/style>\n<div  class='flex_column av-40132oj-cbd24bc08c77bc13794768b3531fa23e av_one_half  avia-builder-el-3  el_before_av_one_half  avia-builder-el-first  first flex_column_table_cell av-equal-height-column av-align-middle av-zero-column-padding  '     ><p><div  class='avia-video av-ly4ce6o6-10bc4bff1d17170e32e06aec8f5b857c avia-video-16-9 av-desktop-hide av-medium-hide av-no-preview-image avia-video-load-always av-lazyload-immediate av-lazyload-video-embed'  itemprop=\"video\" itemtype=\"https:\/\/schema.org\/VideoObject\"  data-original_url='https:\/\/www.youtube.com\/watch?v=72B_r6ZQ0Rg&amp;utm_source=timetrackapp.com&amp;utm_medium=website&amp;utm_campaign=video_traffic '><script type='text\/html' class='av-video-tmpl'><div class='avia-iframe-wrap'><iframe title=\"Projektleiter &amp; -mitarbeiter\" width=\"1500\" height=\"844\" src=\"https:\/\/www.youtube.com\/embed\/72B_r6ZQ0Rg?feature=oembed&autoplay=1&loop=0&controls=1&mute=1\" frameborder=\"0\" allow=\"accelerometer; autoplay; clipboard-write; encrypted-media; gyroscope; picture-in-picture; web-share\" referrerpolicy=\"strict-origin-when-cross-origin\" allowfullscreen><\/iframe><\/div><\/script><div class='av-click-to-play-overlay'><div class=\"avia_playpause_icon\"><\/div><\/div><\/div><br \/>\n<div  class='hr av-17q0t86-8f594787f3b58956ba268a1aa7ab216c hr-default  avia-builder-el-5  el_after_av_video  el_before_av_textblock '><span class='hr-inner '><span class=\"hr-inner-style\"><\/span><\/span><\/div><br \/>\n\n<style type=\"text\/css\" data-created_by=\"avia_inline_auto\" id=\"style-css-av-lxkdxtry-c96d09e939c10d49b5dca89e3ae7c0ba\">\n#top .av_textblock_section.av-lxkdxtry-c96d09e939c10d49b5dca89e3ae7c0ba .avia_textblock{\ncolor:#000000;\n}\n<\/style>\n<section  class='av_textblock_section av-lxkdxtry-c96d09e939c10d49b5dca89e3ae7c0ba '   itemscope=\"itemscope\" itemtype=\"https:\/\/schema.org\/CreativeWork\" ><div class='avia_textblock av_inherit_color'  itemprop=\"text\" ><p>Projects stored in TimeTrack can be assigned to <strong>specific users.<\/strong> This allows you to define <strong>project managers<\/strong> and <strong>project team members<\/strong> for a particular project and restrict <strong>visibility<\/strong> to selected users.<\/p>\n<p>External employees can only see the projects they have been assigned to. If no user is <strong>assigned to a project<\/strong>, it remains visible to everyone.<\/p>\n<\/div><\/section><br \/>\n<div  class='hr av-tmxxau-4c7272b87992ecc6c14ebf5424860cef hr-default  avia-builder-el-8  el_after_av_codeblock  avia-builder-el-last '><span class='hr-inner '><span class=\"hr-inner-style\"><\/span><\/span><\/div><\/p><\/div><div class='av-flex-placeholder'><\/div>\n<style type=\"text\/css\" data-created_by=\"avia_inline_auto\" id=\"style-css-av-2lqdgkz-3203bf6dc67b37333db55af95fc7828b\">\n.flex_column.av-2lqdgkz-3203bf6dc67b37333db55af95fc7828b{\nborder-radius:0px 0px 0px 0px;\npadding:0px 0px 0px 0px;\n}\n<\/style>\n<div  class='flex_column av-2lqdgkz-3203bf6dc67b37333db55af95fc7828b av_one_half  avia-builder-el-9  el_after_av_one_half  avia-builder-el-last  flex_column_table_cell av-equal-height-column av-align-middle av-animated-generic right-to-left av-hide-on-mobile av-zero-column-padding  '     ><div  class='avia-video av-ly4cenye-3e127a898a47f05621268e4948d69113 avia-video-16-9 av-small-hide av-mini-hide av-no-preview-image avia-video-load-always av-lazyload-immediate av-lazyload-video-embed'  itemprop=\"video\" itemtype=\"https:\/\/schema.org\/VideoObject\"  data-original_url='https:\/\/www.youtube.com\/watch?v=72B_r6ZQ0Rg&amp;utm_source=timetrackapp.com&amp;utm_medium=website&amp;utm_campaign=video_traffic '><script type='text\/html' class='av-video-tmpl'><div class='avia-iframe-wrap'><iframe title=\"Projektleiter &amp; -mitarbeiter\" width=\"1500\" height=\"844\" src=\"https:\/\/www.youtube.com\/embed\/72B_r6ZQ0Rg?feature=oembed&autoplay=1&loop=0&controls=1&mute=1\" frameborder=\"0\" allow=\"accelerometer; autoplay; clipboard-write; encrypted-media; gyroscope; picture-in-picture; web-share\" referrerpolicy=\"strict-origin-when-cross-origin\" allowfullscreen><\/iframe><\/div><\/script><div class='av-click-to-play-overlay'><div class=\"avia_playpause_icon\"><\/div><\/div><\/div><\/div><\/div><!--close column table wrapper. Autoclose: 1 --><\/div><\/div><\/div><!-- close content main div --><\/div><\/div>\n<style type=\"text\/css\" data-created_by=\"avia_inline_auto\" id=\"style-css-av-2niuq7q-fac12ef6207da1a4ae089d5fffe56517\">\n.avia-section.av-2niuq7q-fac12ef6207da1a4ae089d5fffe56517{\nbackground-color:#f4f5f8;\nbackground-image:unset;\n}\n<\/style>\n<div id='added_shadow'  class='avia-section av-2niuq7q-fac12ef6207da1a4ae089d5fffe56517 main_color avia-section-huge avia-no-border-styling  avia-builder-el-11  el_after_av_section  el_before_av_section  avia-bg-style-scroll container_wrap fullsize'  ><div class='container av-section-cont-open' ><div class='template-page content  av-content-full alpha units'><div class='post-entry post-entry-type-page post-entry-62634'><div class='entry-content-wrapper clearfix'>\n<section  class='av_textblock_section av-av_textblock-7a1af7d8f9790576b1769c0a9f0449ed '   itemscope=\"itemscope\" itemtype=\"https:\/\/schema.org\/CreativeWork\" ><div class='avia_textblock'  itemprop=\"text\" ><h2 style=\"text-align: center;\">Additional Features<\/h2>\n<\/div><\/section>\n<div class='flex_column_table av-1kn8xbq-dd73eb6fc801c1958a4979d2b184f714 sc-av_one_third av-equal-height-column-flextable'>\n<style type=\"text\/css\" data-created_by=\"avia_inline_auto\" id=\"style-css-av-1kn8xbq-dd73eb6fc801c1958a4979d2b184f714\">\n.flex_column.av-1kn8xbq-dd73eb6fc801c1958a4979d2b184f714{\nborder-radius:10px 10px 10px 10px;\npadding:0px 0px 0px 0px;\nbackground-color:#ffffff;\n}\n<\/style>\n<div  class='flex_column av-1kn8xbq-dd73eb6fc801c1958a4979d2b184f714 av_one_third  avia-builder-el-13  el_after_av_textblock  el_before_av_one_third  first flex_column_table_cell av-equal-height-column av-align-top av-zero-column-padding  column-top-margin'     ><\/div><div class='av-flex-placeholder'><\/div>\n<style type=\"text\/css\" data-created_by=\"avia_inline_auto\" id=\"style-css-av-yqbfme-40076ab1f7032053eb9a7412a9ca02d3\">\n.flex_column.av-yqbfme-40076ab1f7032053eb9a7412a9ca02d3{\nborder-radius:10px 10px 10px 10px;\npadding:0px 0px 0px 0px;\nbackground-color:#ffffff;\n}\n<\/style>\n<div  class='flex_column av-yqbfme-40076ab1f7032053eb9a7412a9ca02d3 av_one_third  avia-builder-el-15  el_after_av_one_third  el_before_av_one_third  flex_column_table_cell av-equal-height-column av-align-top av-zero-column-padding  column-top-margin'     ><\/div><div class='av-flex-placeholder'><\/div>\n<style type=\"text\/css\" data-created_by=\"avia_inline_auto\" id=\"style-css-av-rxfuie-7299aa0bb7dd9a21216240e6f88bc187\">\n.flex_column.av-rxfuie-7299aa0bb7dd9a21216240e6f88bc187{\nborder-radius:10px 10px 10px 10px;\npadding:0px 0px 0px 0px;\nbackground-color:#ffffff;\n}\n<\/style>\n<div  class='flex_column av-rxfuie-7299aa0bb7dd9a21216240e6f88bc187 av_one_third  avia-builder-el-17  el_after_av_one_third  avia-builder-el-last  flex_column_table_cell av-equal-height-column av-align-top av-zero-column-padding  column-top-margin'     ><\/div><\/div><!--close column table wrapper. Autoclose: 1 --><\/div><\/div><\/div><!-- close content main div --><\/div><\/div><div id='av_section_3'  class='avia-section av-av_section-f716ba51e7bf82947c918c6ed882cb73 main_color avia-section-default avia-no-border-styling  avia-builder-el-19  el_after_av_section  avia-builder-el-last  avia-bg-style-scroll container_wrap fullsize'  ><div class='container av-section-cont-open' ><div class='template-page content  av-content-full alpha units'><div class='post-entry post-entry-type-page post-entry-62634'><div class='entry-content-wrapper clearfix'>\n<section  class='av_textblock_section av-av_textblock-7a1af7d8f9790576b1769c0a9f0449ed '   itemscope=\"itemscope\" itemtype=\"https:\/\/schema.org\/CreativeWork\" ><div class='avia_textblock'  itemprop=\"text\" ><h2 style=\"text-align: center;\">Contact us!<\/h2>\n<\/div><\/section>\n<section  class='av_textblock_section av-av_textblock-7a1af7d8f9790576b1769c0a9f0449ed '   itemscope=\"itemscope\" itemtype=\"https:\/\/schema.org\/CreativeWork\" ><div class='avia_textblock'  itemprop=\"text\" >\n<div class=\"wpcf7 no-js\" id=\"wpcf7-f38516-o1\" lang=\"de-DE\" dir=\"ltr\" data-wpcf7-id=\"38516\">\n<div class=\"screen-reader-response\"><p role=\"status\" aria-live=\"polite\" aria-atomic=\"true\"><\/p> <ul><\/ul><\/div>\n<form action=\"\/en\/wp-json\/wp\/v2\/pages\/62634#wpcf7-f38516-o1\" method=\"post\" class=\"wpcf7-form init\" aria-label=\"Kontaktformular\" novalidate=\"novalidate\" data-status=\"init\">\n<fieldset class=\"hidden-fields-container\"><input type=\"hidden\" name=\"_wpcf7\" value=\"38516\" \/><input type=\"hidden\" name=\"_wpcf7_version\" value=\"6.1.5\" \/><input type=\"hidden\" name=\"_wpcf7_locale\" value=\"de_DE\" \/><input type=\"hidden\" name=\"_wpcf7_unit_tag\" value=\"wpcf7-f38516-o1\" \/><input type=\"hidden\" name=\"_wpcf7_container_post\" value=\"0\" \/><input type=\"hidden\" name=\"_wpcf7_posted_data_hash\" value=\"\" \/><input type=\"hidden\" name=\"_wpcf7_recaptcha_response\" value=\"\" \/>\n<\/fieldset>\n<div class=\"custom-row\">\n\t<div class=\"half-column\">\n\t\t<div class=\"contact-box\">\n\t\t\t<p><span class=\"wpcf7-form-control-wrap\" data-name=\"your-name\"><input size=\"40\" maxlength=\"400\" class=\"wpcf7-form-control wpcf7-text wpcf7-validates-as-required\" aria-required=\"true\" aria-invalid=\"false\" placeholder=\"Name*\" value=\"\" type=\"text\" name=\"your-name\" \/><\/span>\n\t\t\t<\/p>\n\t\t<\/div>\n\t<\/div>\n\t<div class=\"half-column\">\n\t\t<div class=\"contact-box\">\n\t\t\t<p><span class=\"wpcf7-form-control-wrap\" data-name=\"company-name\"><input size=\"40\" maxlength=\"400\" class=\"wpcf7-form-control wpcf7-text wpcf7-validates-as-required\" aria-required=\"true\" aria-invalid=\"false\" placeholder=\"Company Name*\" value=\"\" type=\"text\" name=\"company-name\" \/><\/span>\n\t\t\t<\/p>\n\t\t<\/div>\n\t<\/div>\n<\/div>\n<div class=\"custom-row\">\n\t<div class=\"half-column\">\n\t\t<div class=\"contact-box\">\n\t\t\t<p><span class=\"wpcf7-form-control-wrap\" data-name=\"your-email\"><input size=\"40\" maxlength=\"400\" class=\"wpcf7-form-control wpcf7-email wpcf7-validates-as-required wpcf7-text wpcf7-validates-as-email\" aria-required=\"true\" aria-invalid=\"false\" placeholder=\"Email*\" value=\"\" type=\"email\" name=\"your-email\" \/><\/span>\n\t\t\t<\/p>\n\t\t<\/div>\n\t<\/div>\n\t<div class=\"half-column\">\n\t\t<div class=\"contact-box\">\n\t\t\t<p><span class=\"wpcf7-form-control-wrap\" data-name=\"your-subject\"><select class=\"wpcf7-form-control wpcf7-select wpcf7-validates-as-required\" aria-required=\"true\" aria-invalid=\"false\" name=\"your-subject\"><option value=\"\">Company Size*<\/option><option value=\"1-10 EE\">1-10 EE<\/option><option value=\"11-50 EE\">11-50 EE<\/option><option value=\"51-200 EE\">51-200 EE<\/option><option value=\"201-500 EE\">201-500 EE<\/option><option value=\"501-1000 EE\">501-1000 EE<\/option><option value=\"1000+ EE\">1000+ EE<\/option><\/select><\/span>\n\t\t\t<\/p>\n\t\t<\/div>\n\t<\/div>\n<\/div>\n<div class=\"custom-row\">\n\t<div class=\"half-column\">\n\t\t<div class=\"contact-box\">\n\t\t\t<p><span class=\"wpcf7-form-control-wrap\" data-name=\"your-phone\"><input size=\"40\" maxlength=\"400\" class=\"wpcf7-form-control wpcf7-tel wpcf7-validates-as-required wpcf7-text wpcf7-validates-as-tel\" aria-required=\"true\" aria-invalid=\"false\" placeholder=\"Phone*\" value=\"\" type=\"tel\" name=\"your-phone\" \/><\/span>\n\t\t\t<\/p>\n\t\t<\/div>\n\t<\/div>\n\t<div class=\"half-column\">\n\t\t<div class=\"contact-box\">\n\t\t\t<p><span class=\"wpcf7-form-control-wrap\" data-name=\"source\"><select class=\"wpcf7-form-control wpcf7-select wpcf7-validates-as-required\" aria-required=\"true\" aria-invalid=\"false\" name=\"source\"><option value=\"\">How did you hear about us?*<\/option><option value=\"Google Search\">Google Search<\/option><option value=\"Bing Search\">Bing Search<\/option><option value=\"ChatGPT\/AI Search\">ChatGPT\/AI Search<\/option><option value=\"Partner Website\">Partner Website<\/option><option value=\"Customer Recommendation\">Customer Recommendation<\/option><option value=\"Blog\">Blog<\/option><option value=\"LinkedIn\">LinkedIn<\/option><\/select><\/span>\n\t\t\t<\/p>\n\t\t<\/div>\n\t<\/div>\n<\/div>\n<div class=\"contact-box\">\n\t<p><span class=\"wpcf7-form-control-wrap\" data-name=\"your-message\"><textarea cols=\"40\" rows=\"5\" maxlength=\"2000\" class=\"wpcf7-form-control wpcf7-textarea contact-form-textatea\" aria-invalid=\"false\" placeholder=\"Message\" name=\"your-message\"><\/textarea><\/span>\n\t<\/p>\n<\/div>\n<div class=\"contact-box consent-box\">\n\t<p><span class=\"wpcf7-form-control-wrap\" data-name=\"your-consent\"><span class=\"wpcf7-form-control wpcf7-acceptance optional\"><span class=\"wpcf7-list-item\"><label><input type=\"checkbox\" name=\"your-consent\" value=\"1\" aria-invalid=\"false\" \/><span class=\"wpcf7-list-item-label\">I would like to receive regular offers, updates, and tips on time tracking by email.<\/span><\/label><\/span><\/span><\/span>\n\t<\/p>\n<\/div>\n<div class=\"contact-box\">\n\n<\/div>\n<p><span id=\"wpcf7-69dff9fbb8be7-wrapper\" class=\"wpcf7-form-control-wrap website-wrap\" style=\"display:none !important; visibility:hidden !important;\"><input type=\"hidden\" name=\"website-time-start\" value=\"1776286203\"><input type=\"hidden\" name=\"website-time-check\" value=\"6\"><label for=\"wpcf7-69dff9fbb8be7-field\" class=\"hp-message\">Bitte lasse dieses Feld leer.<\/label><input id=\"wpcf7-69dff9fbb8be7-field\"  class=\"wpcf7-form-control wpcf7-text\" type=\"text\" name=\"website\" value=\"\" size=\"40\" tabindex=\"-1\" autocomplete=\"new-password\" \/><\/span>\n<\/p>\n<p class=\"contact-submit-btn-box\"><input class=\"wpcf7-form-control wpcf7-submit has-spinner contact-submit-btn\" type=\"submit\" value=\"Contact Us\" \/>\n<\/p><p style=\"display: none !important;\" class=\"akismet-fields-container\" data-prefix=\"_wpcf7_ak_\"><label>&#916;<textarea name=\"_wpcf7_ak_hp_textarea\" cols=\"45\" rows=\"8\" maxlength=\"100\"><\/textarea><\/label><input type=\"hidden\" id=\"ak_js_1\" name=\"_wpcf7_ak_js\" value=\"48\"\/><script>document.getElementById( \"ak_js_1\" ).setAttribute( \"value\", ( new Date() ).getTime() );<\/script><\/p><div class=\"wpcf7-response-output\" aria-hidden=\"true\"><\/div>\n<\/form>\n<\/div>\n\n<\/div><\/section>\n<\/p>\n<\/div>\n<p>&nbsp;<\/p>\n","protected":false},"excerpt":{"rendered":"<p>&nbsp;<\/p>\n","protected":false},"author":43,"featured_media":0,"parent":46973,"menu_order":0,"comment_status":"closed","ping_status":"closed","template":"","meta":{"footnotes":""},"class_list":["post-62634","page","type-page","status-publish","hentry"],"yoast_head":"<!-- This site is optimized with the Yoast SEO plugin v27.2 - https:\/\/yoast.com\/product\/yoast-seo-wordpress\/ -->\n<title>Project Roles - Project Manager &amp; Project Team I TimeTrack<\/title>\n<meta name=\"description\" content=\"Your projects stored in TimeTrack can be assigned to specific users, such as project managers and project team members.\" \/>\n<meta name=\"robots\" content=\"index, follow, max-snippet:-1, max-image-preview:large, max-video-preview:-1\" \/>\n<link rel=\"canonical\" href=\"https:\/\/www.timetrackapp.com\/en\/project-management-features\/project-managers-team\/\" \/>\n<meta property=\"og:locale\" content=\"en_US\" \/>\n<meta property=\"og:type\" content=\"article\" \/>\n<meta property=\"og:title\" content=\"Project Roles - Project Manager &amp; Project Team I TimeTrack\" \/>\n<meta property=\"og:description\" content=\"Your projects stored in TimeTrack can be assigned to specific users, such as project managers and project team members.\" \/>\n<meta property=\"og:url\" content=\"https:\/\/www.timetrackapp.com\/en\/project-management-features\/project-managers-team\/\" \/>\n<meta property=\"og:site_name\" content=\"Timetrack App - Zeiterfassung f\u00fcr Einzelunternehmer &amp; Teams\" \/>\n<meta property=\"article:publisher\" content=\"https:\/\/www.facebook.com\/App.TimeTrack\" \/>\n<meta property=\"article:modified_time\" content=\"2024-11-13T10:56:29+00:00\" \/>\n<meta name=\"twitter:card\" content=\"summary_large_image\" \/>\n<meta name=\"twitter:site\" content=\"@timetrackapp\" \/>\n<meta name=\"twitter:label1\" content=\"Est. reading time\" \/>\n\t<meta name=\"twitter:data1\" content=\"14 minutes\" \/>\n<script type=\"application\/ld+json\" class=\"yoast-schema-graph\">{\"@context\":\"https:\/\/schema.org\",\"@graph\":[{\"@type\":\"WebPage\",\"@id\":\"https:\/\/www.timetrackapp.com\/en\/project-management-features\/project-managers-team\/\",\"url\":\"https:\/\/www.timetrackapp.com\/en\/project-management-features\/project-managers-team\/\",\"name\":\"Project Roles - Project Manager & Project Team I TimeTrack\",\"isPartOf\":{\"@id\":\"https:\/\/www.timetrackapp.com\/en\/#website\"},\"datePublished\":\"2024-07-05T11:30:40+00:00\",\"dateModified\":\"2024-11-13T10:56:29+00:00\",\"description\":\"Your projects stored in TimeTrack can be assigned to specific users, such as project managers and project team members.\",\"breadcrumb\":{\"@id\":\"https:\/\/www.timetrackapp.com\/en\/project-management-features\/project-managers-team\/#breadcrumb\"},\"inLanguage\":\"en-US\",\"potentialAction\":[{\"@type\":\"ReadAction\",\"target\":[\"https:\/\/www.timetrackapp.com\/en\/project-management-features\/project-managers-team\/\"]}]},{\"@type\":\"BreadcrumbList\",\"@id\":\"https:\/\/www.timetrackapp.com\/en\/project-management-features\/project-managers-team\/#breadcrumb\",\"itemListElement\":[{\"@type\":\"ListItem\",\"position\":1,\"name\":\"Startseite\",\"item\":\"https:\/\/www.timetrackapp.com\/en\/\"},{\"@type\":\"ListItem\",\"position\":2,\"name\":\"Project management\",\"item\":\"https:\/\/www.timetrackapp.com\/en\/project-management-features\/\"},{\"@type\":\"ListItem\",\"position\":3,\"name\":\"Project Manager &#038; Project Team\"}]},{\"@type\":\"WebSite\",\"@id\":\"https:\/\/www.timetrackapp.com\/en\/#website\",\"url\":\"https:\/\/www.timetrackapp.com\/en\/\",\"name\":\"TimeTrack - Projektzeiterfassung f\u00fcr Unternehmen\",\"description\":\"F\u00fcr mittelst\u00e4ndische und gro\u00dfe Unternehmen mit komplexen Anforderungen\",\"publisher\":{\"@id\":\"https:\/\/www.timetrackapp.com\/en\/#organization\"},\"potentialAction\":[{\"@type\":\"SearchAction\",\"target\":{\"@type\":\"EntryPoint\",\"urlTemplate\":\"https:\/\/www.timetrackapp.com\/en\/?s={search_term_string}\"},\"query-input\":{\"@type\":\"PropertyValueSpecification\",\"valueRequired\":true,\"valueName\":\"search_term_string\"}}],\"inLanguage\":\"en-US\"},{\"@type\":\"Organization\",\"@id\":\"https:\/\/www.timetrackapp.com\/en\/#organization\",\"name\":\"TimeTrack\",\"url\":\"https:\/\/www.timetrackapp.com\/en\/\",\"logo\":{\"@type\":\"ImageObject\",\"inLanguage\":\"en-US\",\"@id\":\"https:\/\/www.timetrackapp.com\/en\/#\/schema\/logo\/image\/\",\"url\":\"https:\/\/www.timetrackapp.com\/wp-content\/uploads\/2025\/08\/logo_round.png\",\"contentUrl\":\"https:\/\/www.timetrackapp.com\/wp-content\/uploads\/2025\/08\/logo_round.png\",\"width\":512,\"height\":512,\"caption\":\"TimeTrack\"},\"image\":{\"@id\":\"https:\/\/www.timetrackapp.com\/en\/#\/schema\/logo\/image\/\"},\"sameAs\":[\"https:\/\/www.facebook.com\/App.TimeTrack\",\"https:\/\/x.com\/timetrackapp\"]}]}<\/script>\n<!-- \/ Yoast SEO plugin. -->","yoast_head_json":{"title":"Project Roles - Project Manager & Project Team I TimeTrack","description":"Your projects stored in TimeTrack can be assigned to specific users, such as project managers and project team members.","robots":{"index":"index","follow":"follow","max-snippet":"max-snippet:-1","max-image-preview":"max-image-preview:large","max-video-preview":"max-video-preview:-1"},"canonical":"https:\/\/www.timetrackapp.com\/en\/project-management-features\/project-managers-team\/","og_locale":"en_US","og_type":"article","og_title":"Project Roles - Project Manager & Project Team I TimeTrack","og_description":"Your projects stored in TimeTrack can be assigned to specific users, such as project managers and project team members.","og_url":"https:\/\/www.timetrackapp.com\/en\/project-management-features\/project-managers-team\/","og_site_name":"Timetrack App - Zeiterfassung f\u00fcr Einzelunternehmer &amp; Teams","article_publisher":"https:\/\/www.facebook.com\/App.TimeTrack","article_modified_time":"2024-11-13T10:56:29+00:00","twitter_card":"summary_large_image","twitter_site":"@timetrackapp","twitter_misc":{"Est. reading time":"14 minutes"},"schema":{"@context":"https:\/\/schema.org","@graph":[{"@type":"WebPage","@id":"https:\/\/www.timetrackapp.com\/en\/project-management-features\/project-managers-team\/","url":"https:\/\/www.timetrackapp.com\/en\/project-management-features\/project-managers-team\/","name":"Project Roles - Project Manager & Project Team I TimeTrack","isPartOf":{"@id":"https:\/\/www.timetrackapp.com\/en\/#website"},"datePublished":"2024-07-05T11:30:40+00:00","dateModified":"2024-11-13T10:56:29+00:00","description":"Your projects stored in TimeTrack can be assigned to specific users, such as project managers and project team members.","breadcrumb":{"@id":"https:\/\/www.timetrackapp.com\/en\/project-management-features\/project-managers-team\/#breadcrumb"},"inLanguage":"en-US","potentialAction":[{"@type":"ReadAction","target":["https:\/\/www.timetrackapp.com\/en\/project-management-features\/project-managers-team\/"]}]},{"@type":"BreadcrumbList","@id":"https:\/\/www.timetrackapp.com\/en\/project-management-features\/project-managers-team\/#breadcrumb","itemListElement":[{"@type":"ListItem","position":1,"name":"Startseite","item":"https:\/\/www.timetrackapp.com\/en\/"},{"@type":"ListItem","position":2,"name":"Project management","item":"https:\/\/www.timetrackapp.com\/en\/project-management-features\/"},{"@type":"ListItem","position":3,"name":"Project Manager &#038; Project Team"}]},{"@type":"WebSite","@id":"https:\/\/www.timetrackapp.com\/en\/#website","url":"https:\/\/www.timetrackapp.com\/en\/","name":"TimeTrack - Projektzeiterfassung f\u00fcr Unternehmen","description":"F\u00fcr mittelst\u00e4ndische und gro\u00dfe Unternehmen mit komplexen Anforderungen","publisher":{"@id":"https:\/\/www.timetrackapp.com\/en\/#organization"},"potentialAction":[{"@type":"SearchAction","target":{"@type":"EntryPoint","urlTemplate":"https:\/\/www.timetrackapp.com\/en\/?s={search_term_string}"},"query-input":{"@type":"PropertyValueSpecification","valueRequired":true,"valueName":"search_term_string"}}],"inLanguage":"en-US"},{"@type":"Organization","@id":"https:\/\/www.timetrackapp.com\/en\/#organization","name":"TimeTrack","url":"https:\/\/www.timetrackapp.com\/en\/","logo":{"@type":"ImageObject","inLanguage":"en-US","@id":"https:\/\/www.timetrackapp.com\/en\/#\/schema\/logo\/image\/","url":"https:\/\/www.timetrackapp.com\/wp-content\/uploads\/2025\/08\/logo_round.png","contentUrl":"https:\/\/www.timetrackapp.com\/wp-content\/uploads\/2025\/08\/logo_round.png","width":512,"height":512,"caption":"TimeTrack"},"image":{"@id":"https:\/\/www.timetrackapp.com\/en\/#\/schema\/logo\/image\/"},"sameAs":["https:\/\/www.facebook.com\/App.TimeTrack","https:\/\/x.com\/timetrackapp"]}]}},"_links":{"self":[{"href":"https:\/\/www.timetrackapp.com\/en\/wp-json\/wp\/v2\/pages\/62634","targetHints":{"allow":["GET"]}}],"collection":[{"href":"https:\/\/www.timetrackapp.com\/en\/wp-json\/wp\/v2\/pages"}],"about":[{"href":"https:\/\/www.timetrackapp.com\/en\/wp-json\/wp\/v2\/types\/page"}],"author":[{"embeddable":true,"href":"https:\/\/www.timetrackapp.com\/en\/wp-json\/wp\/v2\/users\/43"}],"replies":[{"embeddable":true,"href":"https:\/\/www.timetrackapp.com\/en\/wp-json\/wp\/v2\/comments?post=62634"}],"version-history":[{"count":0,"href":"https:\/\/www.timetrackapp.com\/en\/wp-json\/wp\/v2\/pages\/62634\/revisions"}],"up":[{"embeddable":true,"href":"https:\/\/www.timetrackapp.com\/en\/wp-json\/wp\/v2\/pages\/46973"}],"wp:attachment":[{"href":"https:\/\/www.timetrackapp.com\/en\/wp-json\/wp\/v2\/media?parent=62634"}],"curies":[{"name":"wp","href":"https:\/\/api.w.org\/{rel}","templated":true}]}}