{"id":62659,"date":"2024-11-12T13:41:00","date_gmt":"2024-11-12T12:41:00","guid":{"rendered":"https:\/\/www.timetrackapp.com\/workforce-management-funktionen\/"},"modified":"2024-11-25T12:39:57","modified_gmt":"2024-11-25T11:39:57","slug":"workforce-management-features","status":"publish","type":"page","link":"https:\/\/www.timetrackapp.com\/en\/workforce-management-features\/","title":{"rendered":"Workforce Management"},"content":{"rendered":"<div id='av_section_1'  class='avia-section av-5h9wyv-91b11b7c21c206e561d5e98985b3174f main_color avia-section-default avia-no-border-styling  avia-builder-el-0  el_before_av_section  avia-builder-el-first  avia-bg-style-scroll container_wrap fullsize'  ><div class='container av-section-cont-open' ><main  role=\"main\" itemprop=\"mainContentOfPage\"  class='template-page content  av-content-full alpha units'><div class='post-entry post-entry-type-page post-entry-62659'><div class='entry-content-wrapper clearfix'>\n\n<style type=\"text\/css\" data-created_by=\"avia_inline_auto\" id=\"style-css-av-f0jlf0n-00a2154f5dcda2b144332799dfae4f51\">\n.flex_column.av-f0jlf0n-00a2154f5dcda2b144332799dfae4f51{\npadding:15px 15px 15px 15px;\n}\n<\/style>\n<div  class='flex_column av-f0jlf0n-00a2154f5dcda2b144332799dfae4f51 av_one_half  avia-builder-el-1  el_before_av_one_half  avia-builder-el-first  first flex_column_div  '     ><\/div><div  class='flex_column av-ep0x06f-85ec5ccc75e4e7ecc8104a6add7590ef av_one_half  avia-builder-el-3  el_after_av_one_half  avia-builder-el-last  flex_column_div  '     ><style type=\"text\/css\" data-created_by=\"avia_inline_auto\" id=\"style-css-av-loy8tozb-444528c6131e735586d2bd64cdda9aa7\">\n.avia-image-container.av-loy8tozb-444528c6131e735586d2bd64cdda9aa7 img.avia_image{\nbox-shadow:none;\n}\n.avia-image-container.av-loy8tozb-444528c6131e735586d2bd64cdda9aa7 .av-image-caption-overlay-center{\ncolor:#ffffff;\n}\n<\/style>\n<div  class='avia-image-container av-loy8tozb-444528c6131e735586d2bd64cdda9aa7 av-styling- avia-align-center  avia-builder-el-4  avia-builder-el-no-sibling '   itemprop=\"image\" itemscope=\"itemscope\" itemtype=\"https:\/\/schema.org\/ImageObject\" ><div class=\"avia-image-container-inner\"><div class=\"avia-image-overlay-wrap\"><img decoding=\"async\" fetchpriority=\"high\" class='wp-image-47554 avia-img-lazy-loading-not-47554 avia_image ' src=\"https:\/\/www.timetrackapp.com\/wp-content\/uploads\/2023\/12\/workforce-management.png\" alt='workforce-management' title='workforce-management'  height=\"682\" width=\"1159\"  itemprop=\"thumbnailUrl\" srcset=\"https:\/\/www.timetrackapp.com\/wp-content\/uploads\/2023\/12\/workforce-management.png 1159w, https:\/\/www.timetrackapp.com\/wp-content\/uploads\/2023\/12\/workforce-management-300x177.png 300w, https:\/\/www.timetrackapp.com\/wp-content\/uploads\/2023\/12\/workforce-management-1030x606.png 1030w, https:\/\/www.timetrackapp.com\/wp-content\/uploads\/2023\/12\/workforce-management-768x452.png 768w, https:\/\/www.timetrackapp.com\/wp-content\/uploads\/2023\/12\/workforce-management-705x415.png 705w, https:\/\/www.timetrackapp.com\/wp-content\/uploads\/2023\/12\/workforce-management-595xh.png 595w\" sizes=\"(max-width: 1159px) 100vw, 1159px\" \/><\/div><\/div><\/div><\/div>\n\n<\/div><\/div><\/main><!-- close content main element --><\/div><\/div>\n<style type=\"text\/css\" data-created_by=\"avia_inline_auto\" id=\"style-css-av-7znysjr-dd9a87f101971ac927f3d158fcee5ee4\">\n.avia-section.av-7znysjr-dd9a87f101971ac927f3d158fcee5ee4{\nbackground-color:#f4f5f8;\nbackground-image:unset;\n}\n<\/style>\n<div id='home-features'  class='avia-section av-7znysjr-dd9a87f101971ac927f3d158fcee5ee4 main_color avia-section-large avia-no-border-styling  avia-builder-el-5  el_after_av_section  avia-builder-el-last  avia-bg-style-scroll container_wrap fullsize'  ><div class='container av-section-cont-open' ><div class='template-page content  av-content-full alpha units'><div class='post-entry post-entry-type-page post-entry-62659'><div class='entry-content-wrapper clearfix'>\n\n<style type=\"text\/css\" data-created_by=\"avia_inline_auto\" id=\"style-css-av-7s3ejt3-d06f03f7952d107079857dbe35099323\">\n.flex_column.av-7s3ejt3-d06f03f7952d107079857dbe35099323{\nborder-radius:0px 0px 0px 0px;\npadding:0px 0px 0px 0px;\n}\n<\/style>\n<div  class='flex_column av-7s3ejt3-d06f03f7952d107079857dbe35099323 av_one_full  avia-builder-el-6  el_before_av_one_third  avia-builder-el-first  first flex_column_div av-zero-column-padding  '     ><section  class='av_textblock_section av-72zv45j-40d9cde97f8f10e9142504a96e5c7a2c '   itemscope=\"itemscope\" itemtype=\"https:\/\/schema.org\/CreativeWork\" ><div class='avia_textblock'  itemprop=\"text\" ><h2 class=\"custom_h1\" style=\"margin-bottom: 30px;\">Features<\/h2>\n<\/div><\/section><\/div>\n<style type=\"text\/css\" data-created_by=\"avia_inline_auto\" id=\"style-css-av-nxpo2v-992d21b38cca02b54fa87e5d40949106\">\n.flex_column.av-nxpo2v-992d21b38cca02b54fa87e5d40949106{\nborder-radius:0px 0px 0px 0px;\npadding:0px 0px 0px 0px;\n}\n<\/style>\n<div  class='flex_column av-nxpo2v-992d21b38cca02b54fa87e5d40949106 av_one_third  avia-builder-el-8  el_after_av_one_full  el_before_av_one_third  first flex_column_div av-zero-column-padding  column-top-margin'     ><\/div>\n<style type=\"text\/css\" data-created_by=\"avia_inline_auto\" id=\"style-css-av-5vznio7-45ae1f533c692823a9bb7b87f2dd9f69\">\n.flex_column.av-5vznio7-45ae1f533c692823a9bb7b87f2dd9f69{\nborder-radius:0px 0px 0px 0px;\npadding:0px 0px 0px 0px;\n}\n<\/style>\n<div  class='flex_column av-5vznio7-45ae1f533c692823a9bb7b87f2dd9f69 av_one_third  avia-builder-el-10  el_after_av_one_third  el_before_av_one_third  flex_column_div av-zero-column-padding  column-top-margin'     ><\/div>\n<style type=\"text\/css\" data-created_by=\"avia_inline_auto\" id=\"style-css-av-5dd3013-f5b0abe18fb32a4a089db37af095d203\">\n.flex_column.av-5dd3013-f5b0abe18fb32a4a089db37af095d203{\nborder-radius:0px 0px 0px 0px;\npadding:0px 0px 0px 0px;\n}\n<\/style>\n<div  class='flex_column av-5dd3013-f5b0abe18fb32a4a089db37af095d203 av_one_third  avia-builder-el-12  el_after_av_one_third  el_before_av_one_third  flex_column_div av-zero-column-padding  column-top-margin'     ><\/div>\n<style type=\"text\/css\" data-created_by=\"avia_inline_auto\" id=\"style-css-av-4bsifxj-65536b8b48d0c5286448db879c0f2324\">\n.flex_column.av-4bsifxj-65536b8b48d0c5286448db879c0f2324{\nborder-radius:0px 0px 0px 0px;\npadding:0px 0px 0px 0px;\n}\n<\/style>\n<div  class='flex_column av-4bsifxj-65536b8b48d0c5286448db879c0f2324 av_one_third  avia-builder-el-14  el_after_av_one_third  el_before_av_one_third  first flex_column_div av-zero-column-padding  column-top-margin'     ><\/div>\n<style type=\"text\/css\" data-created_by=\"avia_inline_auto\" id=\"style-css-av-3uxtqhz-4b2e6696ad9dc7aeaba5d318e1adb7c0\">\n.flex_column.av-3uxtqhz-4b2e6696ad9dc7aeaba5d318e1adb7c0{\nborder-radius:0px 0px 0px 0px;\npadding:0px 0px 0px 0px;\n}\n<\/style>\n<div  class='flex_column av-3uxtqhz-4b2e6696ad9dc7aeaba5d318e1adb7c0 av_one_third  avia-builder-el-16  el_after_av_one_third  el_before_av_one_third  flex_column_div av-zero-column-padding  column-top-margin'     ><\/div>\n<style type=\"text\/css\" data-created_by=\"avia_inline_auto\" id=\"style-css-av-3740e3r-e3a76e957302e9ab2a71b9b9a2f30f7a\">\n.flex_column.av-3740e3r-e3a76e957302e9ab2a71b9b9a2f30f7a{\nborder-radius:0px 0px 0px 0px;\npadding:0px 0px 0px 0px;\n}\n<\/style>\n<div  class='flex_column av-3740e3r-e3a76e957302e9ab2a71b9b9a2f30f7a av_one_third  avia-builder-el-18  el_after_av_one_third  el_before_av_one_third  flex_column_div av-zero-column-padding  column-top-margin'     ><\/div>\n<style type=\"text\/css\" data-created_by=\"avia_inline_auto\" id=\"style-css-av-20lu893-b326ecd282cda209dbce7a0eccfce3ab\">\n.flex_column.av-20lu893-b326ecd282cda209dbce7a0eccfce3ab{\nborder-radius:0px 0px 0px 0px;\npadding:0px 0px 0px 0px;\n}\n<\/style>\n<div  class='flex_column av-20lu893-b326ecd282cda209dbce7a0eccfce3ab av_one_third  avia-builder-el-20  el_after_av_one_third  el_before_av_one_third  first flex_column_div av-zero-column-padding  column-top-margin'     ><\/div>\n<style type=\"text\/css\" data-created_by=\"avia_inline_auto\" id=\"style-css-av-107jg3r-fb6728de9db5e305a425e84011873b45\">\n.flex_column.av-107jg3r-fb6728de9db5e305a425e84011873b45{\nborder-radius:0px 0px 0px 0px;\npadding:0px 0px 0px 0px;\n}\n<\/style>\n<div  class='flex_column av-107jg3r-fb6728de9db5e305a425e84011873b45 av_one_third  avia-builder-el-22  el_after_av_one_third  el_before_av_one_third  flex_column_div av-zero-column-padding  column-top-margin'     ><\/div>\n<style type=\"text\/css\" data-created_by=\"avia_inline_auto\" id=\"style-css-av-wbxaqv-3b21a6e9bbc494825ca87d5f818fe90d\">\n.flex_column.av-wbxaqv-3b21a6e9bbc494825ca87d5f818fe90d{\nborder-radius:0px 0px 0px 0px;\npadding:0px 0px 0px 0px;\n}\n<\/style>\n<div  class='flex_column av-wbxaqv-3b21a6e9bbc494825ca87d5f818fe90d av_one_third  avia-builder-el-24  el_after_av_one_third  el_before_av_one_third  flex_column_div av-zero-column-padding  column-top-margin'     ><\/div>\n<style type=\"text\/css\" data-created_by=\"avia_inline_auto\" id=\"style-css-av-4q4n493-474c5f178e642b54ba8e2b0b5d075647\">\n.flex_column.av-4q4n493-474c5f178e642b54ba8e2b0b5d075647{\nborder-radius:0px 0px 0px 0px;\npadding:0px 0px 0px 0px;\n}\n<\/style>\n<div  class='flex_column av-4q4n493-474c5f178e642b54ba8e2b0b5d075647 av_one_third  avia-builder-el-26  el_after_av_one_third  el_before_av_one_third  first flex_column_div av-zero-column-padding  column-top-margin'     ><\/div>\n<style type=\"text\/css\" data-created_by=\"avia_inline_auto\" id=\"style-css-av-3wpy4cn-828faee5142454593457c51fa82e7749\">\n.flex_column.av-3wpy4cn-828faee5142454593457c51fa82e7749{\nborder-radius:0px 0px 0px 0px;\npadding:0px 0px 0px 0px;\n}\n<\/style>\n<div  class='flex_column av-3wpy4cn-828faee5142454593457c51fa82e7749 av_one_third  avia-builder-el-28  el_after_av_one_third  el_before_av_one_third  flex_column_div av-zero-column-padding  column-top-margin'     ><\/div>\n<style type=\"text\/css\" data-created_by=\"avia_inline_auto\" id=\"style-css-av-2vjue93-1d703053b7d8dd7ce257b024bbac4a07\">\n.flex_column.av-2vjue93-1d703053b7d8dd7ce257b024bbac4a07{\nborder-radius:0px 0px 0px 0px;\npadding:0px 0px 0px 0px;\n}\n<\/style>\n<div  class='flex_column av-2vjue93-1d703053b7d8dd7ce257b024bbac4a07 av_one_third  avia-builder-el-30  el_after_av_one_third  el_before_av_one_third  flex_column_div av-zero-column-padding  column-top-margin'     ><\/div>\n<style type=\"text\/css\" data-created_by=\"avia_inline_auto\" id=\"style-css-av-1wp7n5z-a420b876399dafb94c0bbf0516c9fdce\">\n.flex_column.av-1wp7n5z-a420b876399dafb94c0bbf0516c9fdce{\nborder-radius:0px 0px 0px 0px;\npadding:0px 0px 0px 0px;\n}\n<\/style>\n<div  class='flex_column av-1wp7n5z-a420b876399dafb94c0bbf0516c9fdce av_one_third  avia-builder-el-32  el_after_av_one_third  el_before_av_one_third  first flex_column_div av-zero-column-padding  column-top-margin'     ><\/div>\n<style type=\"text\/css\" data-created_by=\"avia_inline_auto\" id=\"style-css-av-1d10j3b-e24660842c8e7e1dff614570149e6afb\">\n.flex_column.av-1d10j3b-e24660842c8e7e1dff614570149e6afb{\nborder-radius:0px 0px 0px 0px;\npadding:0px 0px 0px 0px;\n}\n<\/style>\n<div  class='flex_column av-1d10j3b-e24660842c8e7e1dff614570149e6afb av_one_third  avia-builder-el-34  el_after_av_one_third  el_before_av_one_third  flex_column_div av-zero-column-padding  column-top-margin'     ><\/div>\n<style type=\"text\/css\" data-created_by=\"avia_inline_auto\" id=\"style-css-av-av_one_third-862f0c8b97abc46405e90743a1c7ee0e\">\n.flex_column.av-av_one_third-862f0c8b97abc46405e90743a1c7ee0e{\nborder-radius:0px 0px 0px 0px;\npadding:0px 0px 0px 0px;\n}\n<\/style>\n<div  class='flex_column av-av_one_third-862f0c8b97abc46405e90743a1c7ee0e av_one_third  avia-builder-el-36  el_after_av_one_third  avia-builder-el-last  flex_column_div av-zero-column-padding  column-top-margin'     ><\/div>\n","protected":false},"excerpt":{"rendered":"","protected":false},"author":43,"featured_media":46985,"parent":0,"menu_order":0,"comment_status":"closed","ping_status":"closed","template":"","meta":{"footnotes":""},"categories":[],"tags":[],"class_list":["post-62659","page","type-page","status-publish","has-post-thumbnail","hentry"],"yoast_head":"<!-- This site is optimized with the Yoast SEO plugin v27.2 - https:\/\/yoast.com\/product\/yoast-seo-wordpress\/ -->\n<title>Workforce Management: All Employee Planning Features | TimeTrack<\/title>\n<meta name=\"description\" content=\"Learn how to optimize your time in personnel planning and make your workforce management more efficient. Worforce Management easy made.\" \/>\n<meta name=\"robots\" content=\"index, follow, max-snippet:-1, max-image-preview:large, max-video-preview:-1\" \/>\n<link rel=\"canonical\" href=\"https:\/\/www.timetrackapp.com\/en\/workforce-management-features\/\" \/>\n<meta property=\"og:locale\" content=\"en_US\" \/>\n<meta property=\"og:type\" content=\"article\" \/>\n<meta property=\"og:title\" content=\"Workforce Management: All Employee Planning Features | TimeTrack\" \/>\n<meta property=\"og:description\" content=\"Learn how to optimize your time in personnel planning and make your workforce management more efficient. Worforce Management easy made.\" \/>\n<meta property=\"og:url\" content=\"https:\/\/www.timetrackapp.com\/en\/workforce-management-features\/\" \/>\n<meta property=\"og:site_name\" content=\"Timetrack App - Zeiterfassung f\u00fcr Einzelunternehmer &amp; Teams\" \/>\n<meta property=\"article:publisher\" content=\"https:\/\/www.facebook.com\/App.TimeTrack\" \/>\n<meta property=\"article:modified_time\" content=\"2024-11-25T11:39:57+00:00\" \/>\n<meta property=\"og:image\" content=\"https:\/\/www.timetrackapp.com\/wp-content\/uploads\/2023\/11\/Planung-1.png\" \/>\n\t<meta property=\"og:image:width\" content=\"1097\" \/>\n\t<meta property=\"og:image:height\" content=\"630\" \/>\n\t<meta property=\"og:image:type\" content=\"image\/png\" \/>\n<meta name=\"twitter:card\" content=\"summary_large_image\" \/>\n<meta name=\"twitter:site\" content=\"@timetrackapp\" \/>\n<meta name=\"twitter:label1\" content=\"Est. reading time\" \/>\n\t<meta name=\"twitter:data1\" content=\"19 minutes\" \/>\n<script type=\"application\/ld+json\" class=\"yoast-schema-graph\">{\"@context\":\"https:\/\/schema.org\",\"@graph\":[{\"@type\":\"WebPage\",\"@id\":\"https:\/\/www.timetrackapp.com\/en\/workforce-management-features\/\",\"url\":\"https:\/\/www.timetrackapp.com\/en\/workforce-management-features\/\",\"name\":\"Workforce Management: All Employee Planning Features | TimeTrack\",\"isPartOf\":{\"@id\":\"https:\/\/www.timetrackapp.com\/en\/#website\"},\"primaryImageOfPage\":{\"@id\":\"https:\/\/www.timetrackapp.com\/en\/workforce-management-features\/#primaryimage\"},\"image\":{\"@id\":\"https:\/\/www.timetrackapp.com\/en\/workforce-management-features\/#primaryimage\"},\"thumbnailUrl\":\"https:\/\/www.timetrackapp.com\/wp-content\/uploads\/2023\/11\/Planung-1.png\",\"datePublished\":\"2024-11-12T12:41:00+00:00\",\"dateModified\":\"2024-11-25T11:39:57+00:00\",\"description\":\"Learn how to optimize your time in personnel planning and make your workforce management more efficient. Worforce Management easy made.\",\"breadcrumb\":{\"@id\":\"https:\/\/www.timetrackapp.com\/en\/workforce-management-features\/#breadcrumb\"},\"inLanguage\":\"en-US\",\"potentialAction\":[{\"@type\":\"ReadAction\",\"target\":[\"https:\/\/www.timetrackapp.com\/en\/workforce-management-features\/\"]}]},{\"@type\":\"ImageObject\",\"inLanguage\":\"en-US\",\"@id\":\"https:\/\/www.timetrackapp.com\/en\/workforce-management-features\/#primaryimage\",\"url\":\"https:\/\/www.timetrackapp.com\/wp-content\/uploads\/2023\/11\/Planung-1.png\",\"contentUrl\":\"https:\/\/www.timetrackapp.com\/wp-content\/uploads\/2023\/11\/Planung-1.png\",\"width\":1097,\"height\":630,\"caption\":\"Planung\"},{\"@type\":\"BreadcrumbList\",\"@id\":\"https:\/\/www.timetrackapp.com\/en\/workforce-management-features\/#breadcrumb\",\"itemListElement\":[{\"@type\":\"ListItem\",\"position\":1,\"name\":\"Startseite\",\"item\":\"https:\/\/www.timetrackapp.com\/en\/\"},{\"@type\":\"ListItem\",\"position\":2,\"name\":\"Workforce Management\"}]},{\"@type\":\"WebSite\",\"@id\":\"https:\/\/www.timetrackapp.com\/en\/#website\",\"url\":\"https:\/\/www.timetrackapp.com\/en\/\",\"name\":\"TimeTrack - Projektzeiterfassung f\u00fcr Unternehmen\",\"description\":\"F\u00fcr mittelst\u00e4ndische und gro\u00dfe Unternehmen mit komplexen Anforderungen\",\"publisher\":{\"@id\":\"https:\/\/www.timetrackapp.com\/en\/#organization\"},\"potentialAction\":[{\"@type\":\"SearchAction\",\"target\":{\"@type\":\"EntryPoint\",\"urlTemplate\":\"https:\/\/www.timetrackapp.com\/en\/?s={search_term_string}\"},\"query-input\":{\"@type\":\"PropertyValueSpecification\",\"valueRequired\":true,\"valueName\":\"search_term_string\"}}],\"inLanguage\":\"en-US\"},{\"@type\":\"Organization\",\"@id\":\"https:\/\/www.timetrackapp.com\/en\/#organization\",\"name\":\"TimeTrack\",\"url\":\"https:\/\/www.timetrackapp.com\/en\/\",\"logo\":{\"@type\":\"ImageObject\",\"inLanguage\":\"en-US\",\"@id\":\"https:\/\/www.timetrackapp.com\/en\/#\/schema\/logo\/image\/\",\"url\":\"https:\/\/www.timetrackapp.com\/wp-content\/uploads\/2025\/08\/logo_round.png\",\"contentUrl\":\"https:\/\/www.timetrackapp.com\/wp-content\/uploads\/2025\/08\/logo_round.png\",\"width\":512,\"height\":512,\"caption\":\"TimeTrack\"},\"image\":{\"@id\":\"https:\/\/www.timetrackapp.com\/en\/#\/schema\/logo\/image\/\"},\"sameAs\":[\"https:\/\/www.facebook.com\/App.TimeTrack\",\"https:\/\/x.com\/timetrackapp\"]}]}<\/script>\n<!-- \/ Yoast SEO plugin. -->","yoast_head_json":{"title":"Workforce Management: All Employee Planning Features | TimeTrack","description":"Learn how to optimize your time in personnel planning and make your workforce management more efficient. Worforce Management easy made.","robots":{"index":"index","follow":"follow","max-snippet":"max-snippet:-1","max-image-preview":"max-image-preview:large","max-video-preview":"max-video-preview:-1"},"canonical":"https:\/\/www.timetrackapp.com\/en\/workforce-management-features\/","og_locale":"en_US","og_type":"article","og_title":"Workforce Management: All Employee Planning Features | TimeTrack","og_description":"Learn how to optimize your time in personnel planning and make your workforce management more efficient. Worforce Management easy made.","og_url":"https:\/\/www.timetrackapp.com\/en\/workforce-management-features\/","og_site_name":"Timetrack App - Zeiterfassung f\u00fcr Einzelunternehmer &amp; Teams","article_publisher":"https:\/\/www.facebook.com\/App.TimeTrack","article_modified_time":"2024-11-25T11:39:57+00:00","og_image":[{"width":1097,"height":630,"url":"https:\/\/www.timetrackapp.com\/wp-content\/uploads\/2023\/11\/Planung-1.png","type":"image\/png"}],"twitter_card":"summary_large_image","twitter_site":"@timetrackapp","twitter_misc":{"Est. reading time":"19 minutes"},"schema":{"@context":"https:\/\/schema.org","@graph":[{"@type":"WebPage","@id":"https:\/\/www.timetrackapp.com\/en\/workforce-management-features\/","url":"https:\/\/www.timetrackapp.com\/en\/workforce-management-features\/","name":"Workforce Management: All Employee Planning Features | TimeTrack","isPartOf":{"@id":"https:\/\/www.timetrackapp.com\/en\/#website"},"primaryImageOfPage":{"@id":"https:\/\/www.timetrackapp.com\/en\/workforce-management-features\/#primaryimage"},"image":{"@id":"https:\/\/www.timetrackapp.com\/en\/workforce-management-features\/#primaryimage"},"thumbnailUrl":"https:\/\/www.timetrackapp.com\/wp-content\/uploads\/2023\/11\/Planung-1.png","datePublished":"2024-11-12T12:41:00+00:00","dateModified":"2024-11-25T11:39:57+00:00","description":"Learn how to optimize your time in personnel planning and make your workforce management more efficient. Worforce Management easy made.","breadcrumb":{"@id":"https:\/\/www.timetrackapp.com\/en\/workforce-management-features\/#breadcrumb"},"inLanguage":"en-US","potentialAction":[{"@type":"ReadAction","target":["https:\/\/www.timetrackapp.com\/en\/workforce-management-features\/"]}]},{"@type":"ImageObject","inLanguage":"en-US","@id":"https:\/\/www.timetrackapp.com\/en\/workforce-management-features\/#primaryimage","url":"https:\/\/www.timetrackapp.com\/wp-content\/uploads\/2023\/11\/Planung-1.png","contentUrl":"https:\/\/www.timetrackapp.com\/wp-content\/uploads\/2023\/11\/Planung-1.png","width":1097,"height":630,"caption":"Planung"},{"@type":"BreadcrumbList","@id":"https:\/\/www.timetrackapp.com\/en\/workforce-management-features\/#breadcrumb","itemListElement":[{"@type":"ListItem","position":1,"name":"Startseite","item":"https:\/\/www.timetrackapp.com\/en\/"},{"@type":"ListItem","position":2,"name":"Workforce Management"}]},{"@type":"WebSite","@id":"https:\/\/www.timetrackapp.com\/en\/#website","url":"https:\/\/www.timetrackapp.com\/en\/","name":"TimeTrack - Projektzeiterfassung f\u00fcr Unternehmen","description":"F\u00fcr mittelst\u00e4ndische und gro\u00dfe Unternehmen mit komplexen Anforderungen","publisher":{"@id":"https:\/\/www.timetrackapp.com\/en\/#organization"},"potentialAction":[{"@type":"SearchAction","target":{"@type":"EntryPoint","urlTemplate":"https:\/\/www.timetrackapp.com\/en\/?s={search_term_string}"},"query-input":{"@type":"PropertyValueSpecification","valueRequired":true,"valueName":"search_term_string"}}],"inLanguage":"en-US"},{"@type":"Organization","@id":"https:\/\/www.timetrackapp.com\/en\/#organization","name":"TimeTrack","url":"https:\/\/www.timetrackapp.com\/en\/","logo":{"@type":"ImageObject","inLanguage":"en-US","@id":"https:\/\/www.timetrackapp.com\/en\/#\/schema\/logo\/image\/","url":"https:\/\/www.timetrackapp.com\/wp-content\/uploads\/2025\/08\/logo_round.png","contentUrl":"https:\/\/www.timetrackapp.com\/wp-content\/uploads\/2025\/08\/logo_round.png","width":512,"height":512,"caption":"TimeTrack"},"image":{"@id":"https:\/\/www.timetrackapp.com\/en\/#\/schema\/logo\/image\/"},"sameAs":["https:\/\/www.facebook.com\/App.TimeTrack","https:\/\/x.com\/timetrackapp"]}]}},"_links":{"self":[{"href":"https:\/\/www.timetrackapp.com\/en\/wp-json\/wp\/v2\/pages\/62659","targetHints":{"allow":["GET"]}}],"collection":[{"href":"https:\/\/www.timetrackapp.com\/en\/wp-json\/wp\/v2\/pages"}],"about":[{"href":"https:\/\/www.timetrackapp.com\/en\/wp-json\/wp\/v2\/types\/page"}],"author":[{"embeddable":true,"href":"https:\/\/www.timetrackapp.com\/en\/wp-json\/wp\/v2\/users\/43"}],"replies":[{"embeddable":true,"href":"https:\/\/www.timetrackapp.com\/en\/wp-json\/wp\/v2\/comments?post=62659"}],"version-history":[{"count":0,"href":"https:\/\/www.timetrackapp.com\/en\/wp-json\/wp\/v2\/pages\/62659\/revisions"}],"wp:featuredmedia":[{"embeddable":true,"href":"https:\/\/www.timetrackapp.com\/en\/wp-json\/wp\/v2\/media\/46985"}],"wp:attachment":[{"href":"https:\/\/www.timetrackapp.com\/en\/wp-json\/wp\/v2\/media?parent=62659"}],"wp:term":[{"taxonomy":"category","embeddable":true,"href":"https:\/\/www.timetrackapp.com\/en\/wp-json\/wp\/v2\/categories?post=62659"},{"taxonomy":"post_tag","embeddable":true,"href":"https:\/\/www.timetrackapp.com\/en\/wp-json\/wp\/v2\/tags?post=62659"}],"curies":[{"name":"wp","href":"https:\/\/api.w.org\/{rel}","templated":true}]}}